{"id":2855,"date":"2021-06-28T12:30:50","date_gmt":"2021-06-28T10:30:50","guid":{"rendered":"https:\/\/itsbrain.mindpulse.net\/?page_id=2855"},"modified":"2022-11-28T09:32:41","modified_gmt":"2022-11-28T08:32:41","slug":"partenaires","status":"publish","type":"page","link":"https:\/\/itsbrain.mindpulse.net\/en\/partenaires\/","title":{"rendered":"Partners"},"content":{"rendered":"<p>[et_pb_section fb_built=\u00a0\u00bb1&Prime; prev_background_color=\u00a0\u00bb#ffffff\u00a0\u00bb next_background_color=\u00a0\u00bb#ffffff\u00a0\u00bb _builder_version=\u00a0\u00bb4.9.1&Prime; _module_preset=\u00a0\u00bbdefault\u00a0\u00bb background_color=\u00a0\u00bb#151E66&Prime; custom_padding=\u00a0\u00bb97px||63px|||\u00a0\u00bb top_divider_style=\u00a0\u00bbarrow2&Prime; bottom_divider_style=\u00a0\u00bbarrow\u00a0\u00bb][et_pb_row _builder_version=\u00a0\u00bb4.9.1&Prime; _module_preset=\u00a0\u00bbdefault\u00a0\u00bb][et_pb_column type=\u00a0\u00bb4_4&Prime; _builder_version=\u00a0\u00bb4.9.1&Prime; _module_preset=\u00a0\u00bbdefault\u00a0\u00bb][et_pb_text _builder_version=\u00a0\u00bb4.9.1&Prime; _module_preset=\u00a0\u00bbdefault\u00a0\u00bb header_text_align=\u00a0\u00bbcenter\u00a0\u00bb header_text_color=\u00a0\u00bb#FFFFFF\u00a0\u00bb header_font_size=\u00a0\u00bb40px\u00a0\u00bb header_font_size_tablet=\u00a0\u00bb\u00a0\u00bb header_font_size_phone=\u00a0\u00bb30px\u00a0\u00bb header_font_size_last_edited=\u00a0\u00bbon|phone\u00a0\u00bb]<\/p>\n<h1>Our three partners<\/h1>\n<p>[\/et_pb_text][\/et_pb_column][\/et_pb_row][et_pb_row column_structure=\u00a0\u00bb1_2,1_2&Prime; _builder_version=\u00a0\u00bb4.9.1&Prime; _module_preset=\u00a0\u00bbdefault\u00a0\u00bb][et_pb_column type=\u00a0\u00bb1_2&Prime; _builder_version=\u00a0\u00bb4.9.1&Prime; _module_preset=\u00a0\u00bbdefault\u00a0\u00bb][et_pb_image src=\u00a0\u00bbhttps:\/\/itsbrain.mindpulse.net\/wp-content\/uploads\/2021\/06\/Sandra_suarez_mindpulse-scaled.jpg\u00a0\u00bb title_text=\u00a0\u00bbSandra_suarez_mindpulse\u00a0\u00bb align_tablet=\u00a0\u00bb\u00a0\u00bb align_phone=\u00a0\u00bb\u00a0\u00bb align_last_edited=\u00a0\u00bbon|phone\u00a0\u00bb _builder_version=\u00a0\u00bb4.9.1&Prime; _module_preset=\u00a0\u00bbdefault\u00a0\u00bb width=\u00a0\u00bb61%\u00a0\u00bb custom_margin=\u00a0\u00bb|||54px|false|false\u00a0\u00bb box_shadow_style=\u00a0\u00bbpreset4&Prime; box_shadow_color=\u00a0\u00bb#FFFFFF\u00a0\u00bb][\/et_pb_image][\/et_pb_column][et_pb_column type=\u00a0\u00bb1_2&Prime; _builder_version=\u00a0\u00bb4.9.1&Prime; _module_preset=\u00a0\u00bbdefault\u00a0\u00bb][et_pb_text _builder_version=\u00a0\u00bb4.9.1&Prime; _module_preset=\u00a0\u00bbdefault\u00a0\u00bb text_font=\u00a0\u00bb|300|||||||\u00a0\u00bb text_text_color=\u00a0\u00bb#FFFFFF\u00a0\u00bb header_4_text_color=\u00a0\u00bb#88B0D2&Prime; header_4_font_size=\u00a0\u00bb15px\u00a0\u00bb custom_padding=\u00a0\u00bb68px|||0px||\u00a0\u00bb custom_padding_tablet=\u00a0\u00bb\u00a0\u00bb custom_padding_phone=\u00a0\u00bb19px||||false|false\u00a0\u00bb custom_padding_last_edited=\u00a0\u00bbon|phone\u00a0\u00bb text_font_size_tablet=\u00a0\u00bb\u00a0\u00bb text_font_size_phone=\u00a0\u00bb11px\u00a0\u00bb text_font_size_last_edited=\u00a0\u00bbon|phone\u00a0\u00bb header_4_font_size_tablet=\u00a0\u00bb\u00a0\u00bb header_4_font_size_phone=\u00a0\u00bb12px\u00a0\u00bb header_4_font_size_last_edited=\u00a0\u00bbon|phone\u00a0\u00bb]<\/p>\n<h4 class=\"et_pb_module_header\">Sandra Suarez<\/h4>\n<h4 class=\"et_pb_member_position\">Chair \/ Chief Scientific Officer<\/h4>\n<div>\n<h4>PhD in Neuroscience, neuropsychologist<\/h4>\n<\/div>\n<p style=\"text-align: justify;\">Neuropsychologist, PhD in Neuroscience and seasoned trainer, Sandra did her thesis on neuro-HIV at the Piti\u00e9-Salp\u00eatri\u00e8re University Hospital (Paris), then did a post-doc in Canada in fMRI on psychomotor slowdown, and another post-doc at the Institut Pasteur (Paris) on nicotine receptors. Sandra leads the research and development department. Her dual profile (she still consults weekly) allows her to intimately understand the needs of clinicians, and therefore design the right tools they are looking for. Sandra grew up in Senegal in a multicultural family and traveled all around the world. She promised herself to bring universal solutions for cognitive evaluation, with a particular attention to population in emerging countries.<\/p>\n<p>[\/et_pb_text][\/et_pb_column][\/et_pb_row][et_pb_row column_structure=\u00a0\u00bb1_2,1_2&Prime; disabled_on=\u00a0\u00bbon|on|off\u00a0\u00bb _builder_version=\u00a0\u00bb4.9.1&Prime; _module_preset=\u00a0\u00bbdefault\u00a0\u00bb][et_pb_column type=\u00a0\u00bb1_2&Prime; _builder_version=\u00a0\u00bb4.9.1&Prime; _module_preset=\u00a0\u00bbdefault\u00a0\u00bb][et_pb_text _builder_version=\u00a0\u00bb4.9.1&Prime; _module_preset=\u00a0\u00bbdefault\u00a0\u00bb text_font=\u00a0\u00bb|300|||||||\u00a0\u00bb text_text_color=\u00a0\u00bb#FFFFFF\u00a0\u00bb header_text_color=\u00a0\u00bb#88B0D2&Prime; header_4_text_color=\u00a0\u00bb#88B0D2&Prime; header_4_font_size=\u00a0\u00bb15px\u00a0\u00bb text_orientation=\u00a0\u00bbjustified\u00a0\u00bb custom_padding=\u00a0\u00bb106px|||||\u00a0\u00bb]<\/p>\n<h4>Guillaume Simon<\/h4>\n<h4 class=\"et_pb_member_position\">Chief Executive Officer<\/h4>\n<div>\n<h4>MSc Maths \/ Engineering<\/h4>\n<\/div>\n<p class=\"para-style-body\"><span class=\"jsgrdq\">Guillaume graduated in Maths and Engineering from the prestigious Ecole Polytechnique (Paris\/Palaiseau) and MinesParisTech (PSL University). He has international experience in automotive and hi-tech technology and project management, as well as an entrepreneur in renewable energy. He is directly in charge of the operational, financial, commercial, and international development of IT\u2019S BRAIN. He is an avid runner and enjoys swimming in all seasons. He is also a family caregiver and motivated by improving support to people suffering from neurological and psychological pathologies.<\/span><u1:p class=\"\"><\/u1:p><o:p><\/o:p><\/p>\n<p>&nbsp;<\/p>\n<p>[\/et_pb_text][\/et_pb_column][et_pb_column type=\u00a0\u00bb1_2&Prime; _builder_version=\u00a0\u00bb4.9.1&Prime; _module_preset=\u00a0\u00bbdefault\u00a0\u00bb][et_pb_image src=\u00a0\u00bbhttps:\/\/itsbrain.mindpulse.net\/wp-content\/uploads\/2021\/04\/guillaume-2-scaled.jpg\u00a0\u00bb title_text=\u00a0\u00bbguillaume-2&Prime; _builder_version=\u00a0\u00bb4.9.1&Prime; _module_preset=\u00a0\u00bbdefault\u00a0\u00bb width=\u00a0\u00bb61%\u00a0\u00bb custom_margin=\u00a0\u00bb|||92px||\u00a0\u00bb box_shadow_style=\u00a0\u00bbpreset4&Prime; box_shadow_color=\u00a0\u00bb#FFFFFF\u00a0\u00bb][\/et_pb_image][\/et_pb_column][\/et_pb_row][et_pb_row column_structure=\u00a0\u00bb1_2,1_2&Prime; disabled_on=\u00a0\u00bboff|off|on\u00a0\u00bb _builder_version=\u00a0\u00bb4.9.1&Prime; _module_preset=\u00a0\u00bbdefault\u00a0\u00bb][et_pb_column type=\u00a0\u00bb1_2&Prime; _builder_version=\u00a0\u00bb4.9.1&Prime; _module_preset=\u00a0\u00bbdefault\u00a0\u00bb][et_pb_image src=\u00a0\u00bbhttps:\/\/itsbrain.mindpulse.net\/wp-content\/uploads\/2021\/04\/guillaume-2-scaled.jpg\u00a0\u00bb title_text=\u00a0\u00bbguillaume-2&Prime; _builder_version=\u00a0\u00bb4.9.1&Prime; _module_preset=\u00a0\u00bbdefault\u00a0\u00bb width=\u00a0\u00bb61%\u00a0\u00bb custom_margin=\u00a0\u00bb|||54px|false|false\u00a0\u00bb box_shadow_style=\u00a0\u00bbpreset4&Prime; box_shadow_color=\u00a0\u00bb#FFFFFF\u00a0\u00bb][\/et_pb_image][\/et_pb_column][et_pb_column type=\u00a0\u00bb1_2&Prime; _builder_version=\u00a0\u00bb4.9.1&Prime; _module_preset=\u00a0\u00bbdefault\u00a0\u00bb][et_pb_text _builder_version=\u00a0\u00bb4.9.1&Prime; _module_preset=\u00a0\u00bbdefault\u00a0\u00bb text_font=\u00a0\u00bb|300|||||||\u00a0\u00bb text_text_color=\u00a0\u00bb#FFFFFF\u00a0\u00bb header_text_color=\u00a0\u00bb#88B0D2&Prime; header_4_text_color=\u00a0\u00bb#88B0D2&Prime; header_4_font_size=\u00a0\u00bb15px\u00a0\u00bb text_orientation=\u00a0\u00bbjustified\u00a0\u00bb custom_padding=\u00a0\u00bb21px||||false|false\u00a0\u00bb text_font_size_tablet=\u00a0\u00bb\u00a0\u00bb text_font_size_phone=\u00a0\u00bb11px\u00a0\u00bb text_font_size_last_edited=\u00a0\u00bbon|phone\u00a0\u00bb header_4_font_size_tablet=\u00a0\u00bb\u00a0\u00bb header_4_font_size_phone=\u00a0\u00bb13px\u00a0\u00bb header_4_font_size_last_edited=\u00a0\u00bbon|phone\u00a0\u00bb]<\/p>\n<h4>Guillaume Simon<\/h4>\n<h4 class=\"et_pb_member_position\">Chief Executive Officer<\/h4>\n<div>\n<h4>MSc Maths \/ Engineering<\/h4>\n<\/div>\n<p class=\"para-style-body\"><span class=\"jsgrdq\">Guillaume graduated in Maths and Engineering from the prestigious Ecole Polytechnique (Paris\/Palaiseau) and MinesParisTech (PSL University). He has international experience in automotive and hi-tech technology and project management, as well as an entrepreneur in renewable energy. He is directly in charge of the operational, financial, commercial, and international development of IT\u2019S BRAIN. He is an avid runner and enjoys swimming in all seasons. He is also a family caregiver and motivated by improving support to people suffering from neurological and psychological pathologies.<\/span><u1:p class=\"\"><\/u1:p><o:p><\/o:p><\/p>\n<p>&nbsp;<\/p>\n<p>[\/et_pb_text][\/et_pb_column][\/et_pb_row][et_pb_row column_structure=\u00a0\u00bb1_2,1_2&Prime; _builder_version=\u00a0\u00bb4.9.1&Prime; _module_preset=\u00a0\u00bbdefault\u00a0\u00bb][et_pb_column type=\u00a0\u00bb1_2&Prime; _builder_version=\u00a0\u00bb4.9.1&Prime; _module_preset=\u00a0\u00bbdefault\u00a0\u00bb][et_pb_image src=\u00a0\u00bbhttps:\/\/itsbrain.mindpulse.net\/wp-content\/uploads\/2021\/04\/mindpulse_test_cognitif_bertrand-2_page_itsbrain.jpg\u00a0\u00bb title_text=\u00a0\u00bbmindpulse_test_cognitif_bertrand-2_page_it&rsquo;sbrain\u00a0\u00bb _builder_version=\u00a0\u00bb4.9.1&Prime; _module_preset=\u00a0\u00bbdefault\u00a0\u00bb custom_margin_tablet=\u00a0\u00bb\u00a0\u00bb custom_margin_phone=\u00a0\u00bb|44px||-27px|false|false\u00a0\u00bb custom_margin_last_edited=\u00a0\u00bbon|phone\u00a0\u00bb custom_padding=\u00a0\u00bb2px|||83px|false|false\u00a0\u00bb box_shadow_style=\u00a0\u00bbpreset4&Prime; box_shadow_color=\u00a0\u00bb#FFFFFF\u00a0\u00bb][\/et_pb_image][\/et_pb_column][et_pb_column type=\u00a0\u00bb1_2&Prime; _builder_version=\u00a0\u00bb4.9.1&Prime; _module_preset=\u00a0\u00bbdefault\u00a0\u00bb][et_pb_text _builder_version=\u00a0\u00bb4.9.1&Prime; _module_preset=\u00a0\u00bbdefault\u00a0\u00bb text_font=\u00a0\u00bb|300|||||||\u00a0\u00bb text_text_color=\u00a0\u00bb#FFFFFF\u00a0\u00bb header_4_text_color=\u00a0\u00bb#88B0D2&Prime; header_4_font_size=\u00a0\u00bb15px\u00a0\u00bb text_orientation=\u00a0\u00bbjustified\u00a0\u00bb custom_margin=\u00a0\u00bb45px|0px|||false|false\u00a0\u00bb custom_margin_tablet=\u00a0\u00bb\u00a0\u00bb custom_margin_phone=\u00a0\u00bb0px||||false|false\u00a0\u00bb custom_margin_last_edited=\u00a0\u00bbon|phone\u00a0\u00bb custom_padding=\u00a0\u00bb21px|||7px|false|false\u00a0\u00bb text_font_size_tablet=\u00a0\u00bb\u00a0\u00bb text_font_size_phone=\u00a0\u00bb11px\u00a0\u00bb text_font_size_last_edited=\u00a0\u00bbon|phone\u00a0\u00bb header_4_font_size_tablet=\u00a0\u00bb\u00a0\u00bb header_4_font_size_phone=\u00a0\u00bb13px\u00a0\u00bb header_4_font_size_last_edited=\u00a0\u00bbon|phone\u00a0\u00bb]<\/p>\n<h4 class=\"et_pb_module_header\">Bertrand Eynard<\/h4>\n<h4 class=\"et_pb_member_position\">Chief Technical and Innovation Officer<\/h4>\n<div>\n<h4>ENS Ulm, Professor of Mathematics and Physics<\/h4>\n<\/div>\n<p><span>Bertrand graduated from the prestigious Ecole Normale Sup\u00e9rieure (Ulm) is a part-time theoretical physicist and mathematician in fundamental research at CEA and is the winner of the prestigious ERC-Synergy scholarship. Eynard is a renowned specialist in enumerative geometry and random matrices, a theoretical field that underlies developments in artificial intelligence. He also leads the technical development of MindPulse, defines IT solutions and machine-learning developments. Bertrand is a medalist of the French Academy of Sciences, 2 time winner of the International Mathematical Olympiad. He has lived in many (9) countries, he is also a seasoned mountaineer-explorer (winner of the Polartec-Challenge in 1999 in Alaska).<\/span><\/p>\n<p>[\/et_pb_text][\/et_pb_column][\/et_pb_row][et_pb_row _builder_version=\u00a0\u00bb4.9.1&Prime; _module_preset=\u00a0\u00bbdefault\u00a0\u00bb][et_pb_column type=\u00a0\u00bb4_4&Prime; _builder_version=\u00a0\u00bb4.9.1&Prime; _module_preset=\u00a0\u00bbdefault\u00a0\u00bb][et_pb_button button_url=\u00a0\u00bbhttps:\/\/itsbrain.mindpulse.net\/its-brain\/\u00a0\u00bb button_text=\u00a0\u00bbRevenir \u00e0 la page It&rsquo;s Brain\u00a0\u00bb button_alignment=\u00a0\u00bbcenter\u00a0\u00bb _builder_version=\u00a0\u00bb4.9.1&Prime; _module_preset=\u00a0\u00bbdefault\u00a0\u00bb custom_button=\u00a0\u00bbon\u00a0\u00bb button_text_color=\u00a0\u00bb#FFFFFF\u00a0\u00bb][\/et_pb_button][\/et_pb_column][\/et_pb_row][\/et_pb_section]<\/p>","protected":false},"excerpt":{"rendered":"<p>Les trois associ\u00e9sSandra Suarez Pr\u00e9sidente \/ Directrice scientifique PhD Neurosciences, neuropsychologue Psychologue-neuropsychologue, docteure en neurosciences et formatrice, Sandra a fait sa th\u00e8se sur le neuro-VIH \u00e0 l&rsquo;h\u00f4pital de la Piti\u00e9-Salp\u00eatri\u00e8re, puis a r\u00e9alis\u00e9 un premier post-doc au Canada en IRMf sur le ralentissement psychomoteur et un second \u00e0 l\u2019Institut Pasteur sur les r\u00e9cepteurs nicotiniques. Sandra [&hellip;]<\/p>","protected":false},"author":1,"featured_media":0,"parent":0,"menu_order":0,"comment_status":"closed","ping_status":"closed","template":"","meta":{"_et_pb_use_builder":"on","_et_pb_old_content":"","_et_gb_content_width":"","_monsterinsights_skip_tracking":false,"_monsterinsights_sitenote_active":false,"_monsterinsights_sitenote_note":"","_monsterinsights_sitenote_category":0,"footnotes":""},"class_list":["post-2855","page","type-page","status-publish","hentry"],"yoast_head":"<!-- This site is optimized with the Yoast SEO plugin v23.3 - https:\/\/yoast.com\/wordpress\/plugins\/seo\/ -->\n<title>Partenaires - itsbrain<\/title>\n<meta name=\"robots\" content=\"index, follow, max-snippet:-1, max-image-preview:large, max-video-preview:-1\" \/>\n<link rel=\"canonical\" href=\"https:\/\/itsbrain.mindpulse.net\/en\/partenaires\/\" \/>\n<meta property=\"og:locale\" content=\"en_GB\" \/>\n<meta property=\"og:type\" content=\"article\" \/>\n<meta property=\"og:title\" content=\"Partenaires - itsbrain\" \/>\n<meta property=\"og:description\" content=\"Les trois associ\u00e9sSandra Suarez Pr\u00e9sidente \/ Directrice scientifique PhD Neurosciences, neuropsychologue Psychologue-neuropsychologue, docteure en neurosciences et formatrice, Sandra a fait sa th\u00e8se sur le neuro-VIH \u00e0 l&#039;h\u00f4pital de la Piti\u00e9-Salp\u00eatri\u00e8re, puis a r\u00e9alis\u00e9 un premier post-doc au Canada en IRMf sur le ralentissement psychomoteur et un second \u00e0 l\u2019Institut Pasteur sur les r\u00e9cepteurs nicotiniques. Sandra [&hellip;]\" \/>\n<meta property=\"og:url\" content=\"https:\/\/itsbrain.mindpulse.net\/en\/partenaires\/\" \/>\n<meta property=\"og:site_name\" content=\"itsbrain\" \/>\n<meta property=\"article:publisher\" content=\"https:\/\/www.facebook.com\/Mindpulse.fr\/\" \/>\n<meta property=\"article:modified_time\" content=\"2022-11-28T08:32:41+00:00\" \/>\n<meta name=\"twitter:card\" content=\"summary_large_image\" \/>\n<meta name=\"twitter:label1\" content=\"Estimated reading time\" \/>\n\t<meta name=\"twitter:data1\" content=\"6 minutes\" \/>\n<script type=\"application\/ld+json\" class=\"yoast-schema-graph\">{\"@context\":\"https:\/\/schema.org\",\"@graph\":[{\"@type\":\"WebPage\",\"@id\":\"https:\/\/itsbrain.mindpulse.net\/partenaires\/\",\"url\":\"https:\/\/itsbrain.mindpulse.net\/partenaires\/\",\"name\":\"Partenaires - itsbrain\",\"isPartOf\":{\"@id\":\"https:\/\/itsbrain.mindpulse.net\/#website\"},\"datePublished\":\"2021-06-28T10:30:50+00:00\",\"dateModified\":\"2022-11-28T08:32:41+00:00\",\"breadcrumb\":{\"@id\":\"https:\/\/itsbrain.mindpulse.net\/partenaires\/#breadcrumb\"},\"inLanguage\":\"en-GB\",\"potentialAction\":[{\"@type\":\"ReadAction\",\"target\":[\"https:\/\/itsbrain.mindpulse.net\/partenaires\/\"]}]},{\"@type\":\"BreadcrumbList\",\"@id\":\"https:\/\/itsbrain.mindpulse.net\/partenaires\/#breadcrumb\",\"itemListElement\":[{\"@type\":\"ListItem\",\"position\":1,\"name\":\"Home\",\"item\":\"https:\/\/itsbrain.mindpulse.net\/\"},{\"@type\":\"ListItem\",\"position\":2,\"name\":\"Partenaires\"}]},{\"@type\":\"WebSite\",\"@id\":\"https:\/\/itsbrain.mindpulse.net\/#website\",\"url\":\"https:\/\/itsbrain.mindpulse.net\/\",\"name\":\"itsbrain\",\"description\":\"\",\"publisher\":{\"@id\":\"https:\/\/itsbrain.mindpulse.net\/#organization\"},\"potentialAction\":[{\"@type\":\"SearchAction\",\"target\":{\"@type\":\"EntryPoint\",\"urlTemplate\":\"https:\/\/itsbrain.mindpulse.net\/?s={search_term_string}\"},\"query-input\":\"required name=search_term_string\"}],\"inLanguage\":\"en-GB\"},{\"@type\":\"Organization\",\"@id\":\"https:\/\/itsbrain.mindpulse.net\/#organization\",\"name\":\"itsbrain\",\"url\":\"https:\/\/itsbrain.mindpulse.net\/\",\"logo\":{\"@type\":\"ImageObject\",\"inLanguage\":\"en-GB\",\"@id\":\"https:\/\/itsbrain.mindpulse.net\/#\/schema\/logo\/image\/\",\"url\":\"https:\/\/itsbrain.mindpulse.net\/wp-content\/uploads\/2021\/07\/cropped-Logo_MP_1bold.png\",\"contentUrl\":\"https:\/\/itsbrain.mindpulse.net\/wp-content\/uploads\/2021\/07\/cropped-Logo_MP_1bold.png\",\"width\":512,\"height\":512,\"caption\":\"itsbrain\"},\"image\":{\"@id\":\"https:\/\/itsbrain.mindpulse.net\/#\/schema\/logo\/image\/\"},\"sameAs\":[\"https:\/\/www.facebook.com\/Mindpulse.fr\/\",\"https:\/\/www.linkedin.com\/company\/mindpulse-fr\/\"]}]}<\/script>\n<!-- \/ Yoast SEO plugin. -->","yoast_head_json":{"title":"Partenaires - itsbrain","robots":{"index":"index","follow":"follow","max-snippet":"max-snippet:-1","max-image-preview":"max-image-preview:large","max-video-preview":"max-video-preview:-1"},"canonical":"https:\/\/itsbrain.mindpulse.net\/en\/partenaires\/","og_locale":"en_GB","og_type":"article","og_title":"Partenaires - itsbrain","og_description":"Les trois associ\u00e9sSandra Suarez Pr\u00e9sidente \/ Directrice scientifique PhD Neurosciences, neuropsychologue Psychologue-neuropsychologue, docteure en neurosciences et formatrice, Sandra a fait sa th\u00e8se sur le neuro-VIH \u00e0 l'h\u00f4pital de la Piti\u00e9-Salp\u00eatri\u00e8re, puis a r\u00e9alis\u00e9 un premier post-doc au Canada en IRMf sur le ralentissement psychomoteur et un second \u00e0 l\u2019Institut Pasteur sur les r\u00e9cepteurs nicotiniques. Sandra [&hellip;]","og_url":"https:\/\/itsbrain.mindpulse.net\/en\/partenaires\/","og_site_name":"itsbrain","article_publisher":"https:\/\/www.facebook.com\/Mindpulse.fr\/","article_modified_time":"2022-11-28T08:32:41+00:00","twitter_card":"summary_large_image","twitter_misc":{"Estimated reading time":"6 minutes"},"schema":{"@context":"https:\/\/schema.org","@graph":[{"@type":"WebPage","@id":"https:\/\/itsbrain.mindpulse.net\/partenaires\/","url":"https:\/\/itsbrain.mindpulse.net\/partenaires\/","name":"Partenaires - itsbrain","isPartOf":{"@id":"https:\/\/itsbrain.mindpulse.net\/#website"},"datePublished":"2021-06-28T10:30:50+00:00","dateModified":"2022-11-28T08:32:41+00:00","breadcrumb":{"@id":"https:\/\/itsbrain.mindpulse.net\/partenaires\/#breadcrumb"},"inLanguage":"en-GB","potentialAction":[{"@type":"ReadAction","target":["https:\/\/itsbrain.mindpulse.net\/partenaires\/"]}]},{"@type":"BreadcrumbList","@id":"https:\/\/itsbrain.mindpulse.net\/partenaires\/#breadcrumb","itemListElement":[{"@type":"ListItem","position":1,"name":"Home","item":"https:\/\/itsbrain.mindpulse.net\/"},{"@type":"ListItem","position":2,"name":"Partenaires"}]},{"@type":"WebSite","@id":"https:\/\/itsbrain.mindpulse.net\/#website","url":"https:\/\/itsbrain.mindpulse.net\/","name":"itsbrain","description":"","publisher":{"@id":"https:\/\/itsbrain.mindpulse.net\/#organization"},"potentialAction":[{"@type":"SearchAction","target":{"@type":"EntryPoint","urlTemplate":"https:\/\/itsbrain.mindpulse.net\/?s={search_term_string}"},"query-input":"required name=search_term_string"}],"inLanguage":"en-GB"},{"@type":"Organization","@id":"https:\/\/itsbrain.mindpulse.net\/#organization","name":"itsbrain","url":"https:\/\/itsbrain.mindpulse.net\/","logo":{"@type":"ImageObject","inLanguage":"en-GB","@id":"https:\/\/itsbrain.mindpulse.net\/#\/schema\/logo\/image\/","url":"https:\/\/itsbrain.mindpulse.net\/wp-content\/uploads\/2021\/07\/cropped-Logo_MP_1bold.png","contentUrl":"https:\/\/itsbrain.mindpulse.net\/wp-content\/uploads\/2021\/07\/cropped-Logo_MP_1bold.png","width":512,"height":512,"caption":"itsbrain"},"image":{"@id":"https:\/\/itsbrain.mindpulse.net\/#\/schema\/logo\/image\/"},"sameAs":["https:\/\/www.facebook.com\/Mindpulse.fr\/","https:\/\/www.linkedin.com\/company\/mindpulse-fr\/"]}]}},"jetpack_sharing_enabled":true,"_links":{"self":[{"href":"https:\/\/itsbrain.mindpulse.net\/en\/wp-json\/wp\/v2\/pages\/2855","targetHints":{"allow":["GET"]}}],"collection":[{"href":"https:\/\/itsbrain.mindpulse.net\/en\/wp-json\/wp\/v2\/pages"}],"about":[{"href":"https:\/\/itsbrain.mindpulse.net\/en\/wp-json\/wp\/v2\/types\/page"}],"author":[{"embeddable":true,"href":"https:\/\/itsbrain.mindpulse.net\/en\/wp-json\/wp\/v2\/users\/1"}],"replies":[{"embeddable":true,"href":"https:\/\/itsbrain.mindpulse.net\/en\/wp-json\/wp\/v2\/comments?post=2855"}],"version-history":[{"count":17,"href":"https:\/\/itsbrain.mindpulse.net\/en\/wp-json\/wp\/v2\/pages\/2855\/revisions"}],"predecessor-version":[{"id":3097,"href":"https:\/\/itsbrain.mindpulse.net\/en\/wp-json\/wp\/v2\/pages\/2855\/revisions\/3097"}],"wp:attachment":[{"href":"https:\/\/itsbrain.mindpulse.net\/en\/wp-json\/wp\/v2\/media?parent=2855"}],"curies":[{"name":"wp","href":"https:\/\/api.w.org\/{rel}","templated":true}]}}