{"id":3211,"date":"2021-07-13T15:46:41","date_gmt":"2021-07-13T13:46:41","guid":{"rendered":"https:\/\/itsbrain.mindpulse.net\/?page_id=3211"},"modified":"2024-10-07T10:52:19","modified_gmt":"2024-10-07T08:52:19","slug":"jeux","status":"publish","type":"page","link":"https:\/\/itsbrain.mindpulse.net\/en\/jeux\/","title":{"rendered":"Games"},"content":{"rendered":"<p>[et_pb_section fb_built=\u00a0\u00bb1&Prime; fullwidth=\u00a0\u00bbon\u00a0\u00bb _builder_version=\u00a0\u00bb4.16&Prime; _module_preset=\u00a0\u00bbdefault\u00a0\u00bb background_enable_color=\u00a0\u00bboff\u00a0\u00bb background_enable_image=\u00a0\u00bboff\u00a0\u00bb parallax=\u00a0\u00bbon\u00a0\u00bb top_divider_height=\u00a0\u00bb127px\u00a0\u00bb bottom_divider_style=\u00a0\u00bbwave2&Prime; bottom_divider_color=\u00a0\u00bb#FFFFFF\u00a0\u00bb bottom_divider_height=\u00a0\u00bb55px\u00a0\u00bb global_colors_info=\u00a0\u00bb{}\u00a0\u00bb][et_pb_fullwidth_header title=\u00a0\u00bbD\u00e9couvrir la cognition en s\u2019amusant\u00a0\u00bb subhead=\u00a0\u00bbLes jeux MindPulse\u00a0\u00bb text_orientation=\u00a0\u00bbcenter\u00a0\u00bb background_overlay_color=\u00a0\u00bbrgba(21,30,102,0.28)\u00a0\u00bb _builder_version=\u00a0\u00bb4.27.2&Prime; _module_preset=\u00a0\u00bbdefault\u00a0\u00bb title_font=\u00a0\u00bbPoppins|600|||||||\u00a0\u00bb title_font_size=\u00a0\u00bb50px\u00a0\u00bb subhead_font_size=\u00a0\u00bb20px\u00a0\u00bb background_color=\u00a0\u00bb#151E66&Prime; background_enable_image=\u00a0\u00bboff\u00a0\u00bb custom_button_one=\u00a0\u00bbon\u00a0\u00bb button_one_icon=\u00a0\u00bb&#x3b;||divi||400&Prime; button_one_icon_color=\u00a0\u00bb#FFFFFF\u00a0\u00bb custom_button_two=\u00a0\u00bbon\u00a0\u00bb button_two_text_size=\u00a0\u00bb15px\u00a0\u00bb button_two_icon=\u00a0\u00bb&#x3b;||divi||400&Prime; button_two_icon_color=\u00a0\u00bb#FFFFFF\u00a0\u00bb width=\u00a0\u00bb100%\u00a0\u00bb max_width=\u00a0\u00bb100%\u00a0\u00bb height=\u00a0\u00bb100px\u00a0\u00bb custom_margin=\u00a0\u00bb-14px||||false|false\u00a0\u00bb custom_padding=\u00a0\u00bb28px||211px||false|false\u00a0\u00bb hover_enabled=\u00a0\u00bb0&Prime; title_text_align_tablet=\u00a0\u00bb\u00a0\u00bb title_text_align_phone=\u00a0\u00bb\u00a0\u00bb title_text_align_last_edited=\u00a0\u00bbon|phone\u00a0\u00bb title_font_size_tablet=\u00a0\u00bb\u00a0\u00bb title_font_size_phone=\u00a0\u00bb45px\u00a0\u00bb title_font_size_last_edited=\u00a0\u00bbon|phone\u00a0\u00bb subhead_font_size_tablet=\u00a0\u00bb\u00a0\u00bb subhead_font_size_phone=\u00a0\u00bb17px\u00a0\u00bb subhead_font_size_last_edited=\u00a0\u00bbon|phone\u00a0\u00bb global_colors_info=\u00a0\u00bb{}\u00a0\u00bb scroll_down_icon_color__hover_enabled=\u00a0\u00bboff|hover\u00a0\u00bb scroll_down_icon_color__hover=\u00a0\u00bbRGBA(0,0,0,0)\u00a0\u00bb sticky_enabled=\u00a0\u00bb0&Prime;][\/et_pb_fullwidth_header][\/et_pb_section][et_pb_section fb_built=\u00a0\u00bb1&Prime; _builder_version=\u00a0\u00bb4.16&Prime; _module_preset=\u00a0\u00bbdefault\u00a0\u00bb background_enable_image=\u00a0\u00bboff\u00a0\u00bb parallax=\u00a0\u00bbon\u00a0\u00bb custom_padding=\u00a0\u00bb42px||96px|||\u00a0\u00bb bottom_divider_style=\u00a0\u00bbwave2&Prime; bottom_divider_color=\u00a0\u00bb#151E66&Prime; bottom_divider_height=\u00a0\u00bb61px\u00a0\u00bb global_colors_info=\u00a0\u00bb{}\u00a0\u00bb][et_pb_row _builder_version=\u00a0\u00bb4.16&Prime; _module_preset=\u00a0\u00bbdefault\u00a0\u00bb custom_padding=\u00a0\u00bb2px||0px|||\u00a0\u00bb global_colors_info=\u00a0\u00bb{}\u00a0\u00bb][et_pb_column type=\u00a0\u00bb4_4&Prime; _builder_version=\u00a0\u00bb4.16&Prime; _module_preset=\u00a0\u00bbdefault\u00a0\u00bb global_colors_info=\u00a0\u00bb{}\u00a0\u00bb][et_pb_text _builder_version=\u00a0\u00bb4.20.2&Prime; _module_preset=\u00a0\u00bbdefault\u00a0\u00bb header_font=\u00a0\u00bb|600|||||||\u00a0\u00bb header_text_align=\u00a0\u00bbcenter\u00a0\u00bb header_text_color=\u00a0\u00bb#151E66&Prime; header_font_size=\u00a0\u00bb33px\u00a0\u00bb link_option_url=\u00a0\u00bbhttps:\/\/www.mindpulse.net\/games\/\u00a0\u00bb global_colors_info=\u00a0\u00bb{}\u00a0\u00bb]<\/p>\n<h1 style=\"text-align: center;\"><a href=\"https:\/\/www.mindpulse.net\/games\/\" target=\"_blank\" rel=\"noopener\">Access the games!<\/a><\/h1>\n<p>[\/et_pb_text][\/et_pb_column][\/et_pb_row][et_pb_row column_structure=\u00a0\u00bb1_4,1_4,1_4,1_4&Prime; _builder_version=\u00a0\u00bb4.20.2&Prime; _module_preset=\u00a0\u00bbdefault\u00a0\u00bb custom_padding=\u00a0\u00bb||20px|||\u00a0\u00bb global_colors_info=\u00a0\u00bb{}\u00a0\u00bb][et_pb_column type=\u00a0\u00bb1_4&Prime; _builder_version=\u00a0\u00bb4.20.2&Prime; _module_preset=\u00a0\u00bbdefault\u00a0\u00bb global_colors_info=\u00a0\u00bb{}\u00a0\u00bb][et_pb_image src=\u00a0\u00bbhttps:\/\/itsbrain.mindpulse.net\/wp-content\/uploads\/2023\/03\/defoulement_couleur_fond_transp.jpg\u00a0\u00bb title_text=\u00a0\u00bbdefoulement_couleur_fond_transp\u00a0\u00bb url=\u00a0\u00bbhttps:\/\/www.mindpulse.net\/games\/\u00a0\u00bb url_new_window=\u00a0\u00bbon\u00a0\u00bb _builder_version=\u00a0\u00bb4.20.2&Prime; _module_preset=\u00a0\u00bbdefault\u00a0\u00bb global_colors_info=\u00a0\u00bb{}\u00a0\u00bb][\/et_pb_image][\/et_pb_column][et_pb_column type=\u00a0\u00bb1_4&Prime; _builder_version=\u00a0\u00bb4.20.2&Prime; _module_preset=\u00a0\u00bbdefault\u00a0\u00bb global_colors_info=\u00a0\u00bb{}\u00a0\u00bb][et_pb_text _builder_version=\u00a0\u00bb4.27.2&Prime; _module_preset=\u00a0\u00bbdefault\u00a0\u00bb hover_enabled=\u00a0\u00bb0&Prime; sticky_enabled=\u00a0\u00bb0&Prime; custom_margin=\u00a0\u00bb0px||7px||false|false\u00a0\u00bb background_color=\u00a0\u00bb#88B0D2&Prime; border_width_all=\u00a0\u00bb3px\u00a0\u00bb border_color_all=\u00a0\u00bb#151E66&Prime; border_radii=\u00a0\u00bbon|10px|10px|10px|10px\u00a0\u00bb text_orientation=\u00a0\u00bbcenter\u00a0\u00bb header_text_align=\u00a0\u00bbcenter\u00a0\u00bb module_alignment=\u00a0\u00bbcenter\u00a0\u00bb custom_padding=\u00a0\u00bb3px|2px|0px|2px|false|false\u00a0\u00bb link_option_url=\u00a0\u00bbhttps:\/\/www.mindpulse.net\/games\/\u00a0\u00bb]<\/p>\n<h1 style=\"text-align: center;\">\ud83c\uddeb\ud83c\uddf7 En Fran\u00e7ais \ud83c\uddeb\ud83c\uddf7<\/h1>\n<p>[\/et_pb_text][et_pb_image src=\u00a0\u00bbhttps:\/\/itsbrain.mindpulse.net\/wp-content\/uploads\/2024\/10\/Capture-decran-2024-10-07-a-10.12.10.png\u00a0\u00bb _builder_version=\u00a0\u00bb4.27.2&Prime; _module_preset=\u00a0\u00bbdefault\u00a0\u00bb title_text=\u00a0\u00bbCapture d\u2019\u00e9cran 2024-10-07 \u00e0 10.12.10&Prime; hover_enabled=\u00a0\u00bb0&Prime; sticky_enabled=\u00a0\u00bb0&Prime; url=\u00a0\u00bbhttps:\/\/www.mindpulse.net\/games\/\u00a0\u00bb][\/et_pb_image][\/et_pb_column][et_pb_column type=\u00a0\u00bb1_4&Prime; _builder_version=\u00a0\u00bb4.20.2&Prime; _module_preset=\u00a0\u00bbdefault\u00a0\u00bb global_colors_info=\u00a0\u00bb{}\u00a0\u00bb][et_pb_text _builder_version=\u00a0\u00bb4.27.2&Prime; _module_preset=\u00a0\u00bbdefault\u00a0\u00bb hover_enabled=\u00a0\u00bb0&Prime; sticky_enabled=\u00a0\u00bb0&Prime; custom_margin=\u00a0\u00bb||10px||false|false\u00a0\u00bb background_color=\u00a0\u00bb#F74D5B\u00a0\u00bb border_width_all=\u00a0\u00bb3px\u00a0\u00bb border_radii=\u00a0\u00bbon|10px|10px|10px|10px\u00a0\u00bb border_color_all=\u00a0\u00bb#151E66&Prime; custom_padding=\u00a0\u00bb4px||||false|false\u00a0\u00bb link_option_url=\u00a0\u00bbhttps:\/\/www.mindpulse.net\/games\/english\/\u00a0\u00bb]<\/p>\n<h1 style=\"text-align: center;\">\ud83c\uddec\ud83c\udde7 In English \ud83c\uddec\ud83c\udde7<\/h1>\n<p>[\/et_pb_text][et_pb_image src=\u00a0\u00bbhttps:\/\/itsbrain.mindpulse.net\/wp-content\/uploads\/2024\/10\/Capture-decran-2024-10-07-a-10.13.55.png\u00a0\u00bb _builder_version=\u00a0\u00bb4.27.2&Prime; _module_preset=\u00a0\u00bbdefault\u00a0\u00bb title_text=\u00a0\u00bbCapture d\u2019\u00e9cran 2024-10-07 \u00e0 10.13.55&Prime; hover_enabled=\u00a0\u00bb0&Prime; sticky_enabled=\u00a0\u00bb0&Prime; url=\u00a0\u00bbhttps:\/\/www.mindpulse.net\/games\/english\/\u00a0\u00bb][\/et_pb_image][\/et_pb_column][et_pb_column type=\u00a0\u00bb1_4&Prime; _builder_version=\u00a0\u00bb4.20.2&Prime; _module_preset=\u00a0\u00bbdefault\u00a0\u00bb global_colors_info=\u00a0\u00bb{}\u00a0\u00bb][et_pb_image src=\u00a0\u00bbhttps:\/\/itsbrain.mindpulse.net\/wp-content\/uploads\/2023\/03\/R_TILI2.jpg\u00a0\u00bb title_text=\u00a0\u00bbR_TILI2&Prime; url=\u00a0\u00bbhttps:\/\/www.mindpulse.net\/games\/english\/\u00a0\u00bb url_new_window=\u00a0\u00bbon\u00a0\u00bb _builder_version=\u00a0\u00bb4.27.2&Prime; _module_preset=\u00a0\u00bbdefault\u00a0\u00bb hover_enabled=\u00a0\u00bb0&Prime; global_colors_info=\u00a0\u00bb{}\u00a0\u00bb sticky_enabled=\u00a0\u00bb0&Prime;][\/et_pb_image][\/et_pb_column][\/et_pb_row][et_pb_row _builder_version=\u00a0\u00bb4.20.2&Prime; _module_preset=\u00a0\u00bbdefault\u00a0\u00bb global_colors_info=\u00a0\u00bb{}\u00a0\u00bb column_structure=\u00a0\u00bb1_5,3_5,1_5&Prime;][et_pb_column type=\u00a0\u00bb1_5&Prime; _builder_version=\u00a0\u00bb4.20.2&Prime; _module_preset=\u00a0\u00bbdefault\u00a0\u00bb global_colors_info=\u00a0\u00bb{}\u00a0\u00bb][\/et_pb_column][et_pb_column type=\u00a0\u00bb3_5&Prime; _builder_version=\u00a0\u00bb4.20.2&Prime; _module_preset=\u00a0\u00bbdefault\u00a0\u00bb global_colors_info=\u00a0\u00bb{}\u00a0\u00bb][et_pb_text _builder_version=\u00a0\u00bb4.27.2&Prime; _module_preset=\u00a0\u00bbdefault\u00a0\u00bb text_text_color=\u00a0\u00bb#151E66&Prime; text_font_size=\u00a0\u00bb16px\u00a0\u00bb custom_margin=\u00a0\u00bb10px||-4px||false|false\u00a0\u00bb hover_enabled=\u00a0\u00bb0&Prime; global_colors_info=\u00a0\u00bb{}\u00a0\u00bb sticky_enabled=\u00a0\u00bb0&Prime;]<\/p>\n<p style=\"text-align: center;\" class=\" translation-block\"><em>In collaboration with the <strong>association<\/strong><span style=\"color: #000080\"><strong><a target=\"_blank\" class=\"c-link\" data-stringify-link=\"https:\/\/www.linkedin.com\/company\/s-cube-partageonslessciences-com\/\" data-sk=\"tooltip_parent\" href=\"https:\/\/www.linkedin.com\/company\/ s-cube-partageonslessciences-com\/\" rel=\"noopener noreferrer\" style=\"color: #000080\">S[cube]-<\/a><a target=\"_blank\" class=\"c-link\" data-sk=\"tooltip_parent\" href=\"http:\/\/partageonslessciences.com\/\" rel=\"noopener noreferrer\" style=\"color: #000080\">partageonslessciences.com<\/a> <\/strong>and <strong>the Decision Making\/Neuropsi team<\/strong> of the <a target=\"_blank\" class=\"c-link\" data-stringify data-sk=\"tooltip_parent\" href=\"https:\/\/www.linkedin. com\/company\/universit-paris-saclay\/\" rel=\"noopener noreferrer\" style=\"color: #000080\">Paris-Saclay University <\/a><\/span>\/ CNRS.<\/em><\/p>\n<p>[\/et_pb_text][\/et_pb_column][et_pb_column type=\u00a0\u00bb1_5&Prime; _builder_version=\u00a0\u00bb4.20.2&Prime; _module_preset=\u00a0\u00bbdefault\u00a0\u00bb global_colors_info=\u00a0\u00bb{}\u00a0\u00bb][\/et_pb_column][\/et_pb_row][et_pb_row _builder_version=\u00a0\u00bb4.16&Prime; _module_preset=\u00a0\u00bbdefault\u00a0\u00bb custom_padding=\u00a0\u00bb51px|||||\u00a0\u00bb border_width_top=\u00a0\u00bb4px\u00a0\u00bb border_color_top=\u00a0\u00bb#151E66&Prime; global_colors_info=\u00a0\u00bb{}\u00a0\u00bb][et_pb_column type=\u00a0\u00bb4_4&Prime; _builder_version=\u00a0\u00bb4.16&Prime; _module_preset=\u00a0\u00bbdefault\u00a0\u00bb global_colors_info=\u00a0\u00bb{}\u00a0\u00bb][et_pb_text _builder_version=\u00a0\u00bb4.16&Prime; _module_preset=\u00a0\u00bbdefault\u00a0\u00bb header_2_font=\u00a0\u00bb|700|||||||\u00a0\u00bb header_2_text_align=\u00a0\u00bbcenter\u00a0\u00bb header_2_text_color=\u00a0\u00bb#F74D5B\u00a0\u00bb header_2_font_size=\u00a0\u00bb37px\u00a0\u00bb global_colors_info=\u00a0\u00bb{}\u00a0\u00bb]<\/p>\n<h2>They are talking about us!\u00a0<\/h2>\n<p>[\/et_pb_text][\/et_pb_column][\/et_pb_row][et_pb_row column_structure=\u00a0\u00bb1_5,1_5,1_5,1_5,1_5&Prime; _builder_version=\u00a0\u00bb4.16&Prime; _module_preset=\u00a0\u00bbdefault\u00a0\u00bb custom_margin=\u00a0\u00bb-25px|auto||auto||\u00a0\u00bb global_colors_info=\u00a0\u00bb{}\u00a0\u00bb][et_pb_column type=\u00a0\u00bb1_5&Prime; _builder_version=\u00a0\u00bb4.16&Prime; _module_preset=\u00a0\u00bbdefault\u00a0\u00bb global_colors_info=\u00a0\u00bb{}\u00a0\u00bb][et_pb_blurb title=\u00a0\u00bbCNRS la lettre innovation\u00a0\u00bb url=\u00a0\u00bbhttps:\/\/www.cnrs.fr\/cnrsinnovation-lalettre\/actus.php?numero=854&Prime; url_new_window=\u00a0\u00bbon\u00a0\u00bb image=\u00a0\u00bbhttps:\/\/itsbrain.mindpulse.net\/wp-content\/uploads\/2021\/12\/Partenaires_mindpulse.jpg\u00a0\u00bb _builder_version=\u00a0\u00bb4.16&Prime; _module_preset=\u00a0\u00bbdefault\u00a0\u00bb header_text_align=\u00a0\u00bbcenter\u00a0\u00bb header_text_color=\u00a0\u00bb#4F669C\u00a0\u00bb body_text_align=\u00a0\u00bbjustify\u00a0\u00bb body_text_color=\u00a0\u00bb#151E66&Prime; global_colors_info=\u00a0\u00bb{}\u00a0\u00bb]<\/p>\n<p><span>Offered by the start-up It's Brain, MindPulse is a digital test that provides in fifteen minutes a complete report on a patient's ability to react to a stimulus. Developed in collaboration...<\/span><\/p>\n<p>[\/et_pb_blurb][\/et_pb_column][et_pb_column type=\u00a0\u00bb1_5&Prime; _builder_version=\u00a0\u00bb4.16&Prime; _module_preset=\u00a0\u00bbdefault\u00a0\u00bb global_colors_info=\u00a0\u00bb{}\u00a0\u00bb][et_pb_blurb title=\u00a0\u00bbMindPulse, un test num\u00e9rique\u00a0\u00bb url=\u00a0\u00bbhttps:\/\/business.lesechos.fr\/entrepreneurs\/idees-de-business\/0611732950839-mindpulse-un-test-numerique-pour-mesurer-les-troubles-de-l-attention-345076.php\u00a0\u00bb image=\u00a0\u00bbhttps:\/\/itsbrain.mindpulse.net\/wp-content\/uploads\/2021\/12\/Partenaires_mindpulse-2.jpg\u00a0\u00bb _builder_version=\u00a0\u00bb4.16&Prime; _module_preset=\u00a0\u00bbdefault\u00a0\u00bb header_text_align=\u00a0\u00bbcenter\u00a0\u00bb header_text_color=\u00a0\u00bb#4F669C\u00a0\u00bb body_text_align=\u00a0\u00bbjustify\u00a0\u00bb body_text_color=\u00a0\u00bb#151E66&Prime; global_colors_info=\u00a0\u00bb{}\u00a0\u00bb]<\/p>\n<p class=\"chapo-article\">This test assesses decision-making disorders that are related to attention disorders, depression, addictions or neurodegenerative diseases...<\/p>\n<p>[\/et_pb_blurb][\/et_pb_column][et_pb_column type=\u00a0\u00bb1_5&Prime; _builder_version=\u00a0\u00bb4.16&Prime; _module_preset=\u00a0\u00bbdefault\u00a0\u00bb global_colors_info=\u00a0\u00bb{}\u00a0\u00bb][et_pb_blurb title=\u00a0\u00bbVOUS AVEZ DIT START-UP\u00a0\u00bb url=\u00a0\u00bbhttps:\/\/www.velizytv.fr\/emissions\/vous-avez-dit-startup\/vous-avez-dit-start-up-mindpulse\/\u00a0\u00bb image=\u00a0\u00bbhttps:\/\/itsbrain.mindpulse.net\/wp-content\/uploads\/2021\/12\/Partenaires_mindpulse-1.jpg\u00a0\u00bb _builder_version=\u00a0\u00bb4.16&Prime; _module_preset=\u00a0\u00bbdefault\u00a0\u00bb header_text_align=\u00a0\u00bbcenter\u00a0\u00bb header_text_color=\u00a0\u00bb#4F669C\u00a0\u00bb body_text_align=\u00a0\u00bbjustify\u00a0\u00bb body_text_color=\u00a0\u00bb#151E66&Prime; global_colors_info=\u00a0\u00bb{}\u00a0\u00bb]<\/p>\n<p>In this new issue of our show \"You said Start-Up\".\u00a0We met the company It's Brain creator of the MindPulse software solution on cognitive neuroscience.<\/p>\n<p>[\/et_pb_blurb][\/et_pb_column][et_pb_column type=\u00a0\u00bb1_5&Prime; _builder_version=\u00a0\u00bb4.16&Prime; _module_preset=\u00a0\u00bbdefault\u00a0\u00bb global_colors_info=\u00a0\u00bb{}\u00a0\u00bb][et_pb_blurb title=\u00a0\u00bbIt\u2019s Brain MINDPULSE\u00a0\u00bb url=\u00a0\u00bbhttps:\/\/www.incuballiance.fr\/its-brain-lance-mindpulse-le-1er-test-neuro-coginitif-permettant-de-caracteriser-scientifiquement-les-elements-cles-de-la-decision.html\u00a0\u00bb image=\u00a0\u00bbhttps:\/\/itsbrain.mindpulse.net\/wp-content\/uploads\/2021\/12\/Partenaires_mindpulse-3.jpg\u00a0\u00bb _builder_version=\u00a0\u00bb4.16&Prime; _module_preset=\u00a0\u00bbdefault\u00a0\u00bb header_text_align=\u00a0\u00bbcenter\u00a0\u00bb header_text_color=\u00a0\u00bb#4F669C\u00a0\u00bb body_text_align=\u00a0\u00bbjustify\u00a0\u00bb body_text_color=\u00a0\u00bb#151E66&Prime; global_colors_info=\u00a0\u00bb{}\u00a0\u00bb]<\/p>\n<p>Assess perceptual-motor decision-making skills to better understand the origin of possible dysfunctions in patients aged 13 to 65 years...<\/p>\n<p>[\/et_pb_blurb][\/et_pb_column][et_pb_column type=\u00a0\u00bb1_5&Prime; _builder_version=\u00a0\u00bb4.16&Prime; _module_preset=\u00a0\u00bbdefault\u00a0\u00bb global_colors_info=\u00a0\u00bb{}\u00a0\u00bb][et_pb_blurb title=\u00a0\u00bbLa Startup It&rsquo;s Brain\u00a0\u00bb url=\u00a0\u00bbhttps:\/\/news.universite-paris-saclay.fr\/actualites\/la-start-its-brain-outille-les-cliniciens-de-la-cognition-et-les-neuroscientifiques\u00a0\u00bb image=\u00a0\u00bbhttps:\/\/itsbrain.mindpulse.net\/wp-content\/uploads\/2022\/01\/2560px-Logo_Universite_Paris-Saclay.svg_.png\u00a0\u00bb _builder_version=\u00a0\u00bb4.16&Prime; _module_preset=\u00a0\u00bbdefault\u00a0\u00bb header_text_align=\u00a0\u00bbcenter\u00a0\u00bb header_text_color=\u00a0\u00bb#4F669C\u00a0\u00bb body_text_color=\u00a0\u00bb#151E66&Prime; image_icon_custom_margin=\u00a0\u00bb-111px||||false|false\u00a0\u00bb module_alignment=\u00a0\u00bbcenter\u00a0\u00bb custom_padding=\u00a0\u00bb93px||||false|false\u00a0\u00bb global_colors_info=\u00a0\u00bb{}\u00a0\u00bb]<\/p>\n<p style=\"text-align: left;\"><span>The story of MindPulse and the start-up It\u2019s Brain begins with Sandra Suarez, the start-up\u2019s current CEO and scientific director, deciding in 2008 to design a new tool to help with the diagnosis of ...<\/span><\/p>\n<p>[\/et_pb_blurb][\/et_pb_column][\/et_pb_row][\/et_pb_section]<\/p>","protected":false},"excerpt":{"rendered":"<p>Acc\u00e9dez aux mini-jeux !\ud83c\uddeb\ud83c\uddf7 En Fran\u00e7ais \ud83c\uddeb\ud83c\uddf7\ud83c\uddec\ud83c\udde7 In English \ud83c\uddec\ud83c\udde7En collaboration avec l\u2019association\u00a0S[cube]-partageonslessciences.com\u00a0et l\u2019\u00e9quipe Prise de d\u00e9cision\/Neuropsi de l&rsquo;Universit\u00e9 Paris-Saclay\/ CNRS.Ils parlent de nous !\u00a0Propos\u00e9 par la start-up It\u2019s Brain, MindPulse est un test num\u00e9rique qui fournit en quinze minutes un rapport complet sur la capacit\u00e9 d&rsquo;un patient \u00e0 r\u00e9agir \u00e0 un stimulus. D\u00e9velopp\u00e9 en [&hellip;]<\/p>","protected":false},"author":1,"featured_media":0,"parent":0,"menu_order":0,"comment_status":"closed","ping_status":"closed","template":"","meta":{"_et_pb_use_builder":"on","_et_pb_old_content":"","_et_gb_content_width":"","_monsterinsights_skip_tracking":false,"_monsterinsights_sitenote_active":false,"_monsterinsights_sitenote_note":"","_monsterinsights_sitenote_category":0,"footnotes":""},"class_list":["post-3211","page","type-page","status-publish","hentry"],"yoast_head":"<!-- This site is optimized with the Yoast SEO plugin v23.3 - https:\/\/yoast.com\/wordpress\/plugins\/seo\/ -->\n<title>MindPulse - Actualit\u00e9s<\/title>\n<meta name=\"description\" content=\"Suivez toutes les actualit\u00e9s du test neurocognitif num\u00e9rique MindPulse. Exploration attentionnelle et ex\u00e9cutive en 15 minutes.\" \/>\n<meta name=\"robots\" content=\"index, follow, max-snippet:-1, max-image-preview:large, max-video-preview:-1\" \/>\n<link rel=\"canonical\" href=\"https:\/\/itsbrain.mindpulse.net\/en\/jeux\/\" \/>\n<meta property=\"og:locale\" content=\"en_GB\" \/>\n<meta property=\"og:type\" content=\"article\" \/>\n<meta property=\"og:title\" content=\"MindPulse - Actualit\u00e9s\" \/>\n<meta property=\"og:description\" content=\"Suivez toutes les actualit\u00e9s du test neurocognitif num\u00e9rique MindPulse. Exploration attentionnelle et ex\u00e9cutive en 15 minutes.\" \/>\n<meta property=\"og:url\" content=\"https:\/\/itsbrain.mindpulse.net\/en\/jeux\/\" \/>\n<meta property=\"og:site_name\" content=\"itsbrain\" \/>\n<meta property=\"article:publisher\" content=\"https:\/\/www.facebook.com\/Mindpulse.fr\/\" \/>\n<meta property=\"article:modified_time\" content=\"2024-10-07T08:52:19+00:00\" \/>\n<meta name=\"twitter:card\" content=\"summary_large_image\" \/>\n<meta name=\"twitter:label1\" content=\"Estimated reading time\" \/>\n\t<meta name=\"twitter:data1\" content=\"1 minute\" \/>\n<script type=\"application\/ld+json\" class=\"yoast-schema-graph\">{\"@context\":\"https:\/\/schema.org\",\"@graph\":[{\"@type\":\"WebPage\",\"@id\":\"https:\/\/itsbrain.mindpulse.net\/jeux\/\",\"url\":\"https:\/\/itsbrain.mindpulse.net\/jeux\/\",\"name\":\"MindPulse - Actualit\u00e9s\",\"isPartOf\":{\"@id\":\"https:\/\/itsbrain.mindpulse.net\/#website\"},\"datePublished\":\"2021-07-13T13:46:41+00:00\",\"dateModified\":\"2024-10-07T08:52:19+00:00\",\"description\":\"Suivez toutes les actualit\u00e9s du test neurocognitif num\u00e9rique MindPulse. Exploration attentionnelle et ex\u00e9cutive en 15 minutes.\",\"breadcrumb\":{\"@id\":\"https:\/\/itsbrain.mindpulse.net\/jeux\/#breadcrumb\"},\"inLanguage\":\"en-GB\",\"potentialAction\":[{\"@type\":\"ReadAction\",\"target\":[\"https:\/\/itsbrain.mindpulse.net\/jeux\/\"]}]},{\"@type\":\"BreadcrumbList\",\"@id\":\"https:\/\/itsbrain.mindpulse.net\/jeux\/#breadcrumb\",\"itemListElement\":[{\"@type\":\"ListItem\",\"position\":1,\"name\":\"Home\",\"item\":\"https:\/\/itsbrain.mindpulse.net\/\"},{\"@type\":\"ListItem\",\"position\":2,\"name\":\"Jeux\"}]},{\"@type\":\"WebSite\",\"@id\":\"https:\/\/itsbrain.mindpulse.net\/#website\",\"url\":\"https:\/\/itsbrain.mindpulse.net\/\",\"name\":\"itsbrain\",\"description\":\"\",\"publisher\":{\"@id\":\"https:\/\/itsbrain.mindpulse.net\/#organization\"},\"potentialAction\":[{\"@type\":\"SearchAction\",\"target\":{\"@type\":\"EntryPoint\",\"urlTemplate\":\"https:\/\/itsbrain.mindpulse.net\/?s={search_term_string}\"},\"query-input\":\"required name=search_term_string\"}],\"inLanguage\":\"en-GB\"},{\"@type\":\"Organization\",\"@id\":\"https:\/\/itsbrain.mindpulse.net\/#organization\",\"name\":\"itsbrain\",\"url\":\"https:\/\/itsbrain.mindpulse.net\/\",\"logo\":{\"@type\":\"ImageObject\",\"inLanguage\":\"en-GB\",\"@id\":\"https:\/\/itsbrain.mindpulse.net\/#\/schema\/logo\/image\/\",\"url\":\"https:\/\/itsbrain.mindpulse.net\/wp-content\/uploads\/2021\/07\/cropped-Logo_MP_1bold.png\",\"contentUrl\":\"https:\/\/itsbrain.mindpulse.net\/wp-content\/uploads\/2021\/07\/cropped-Logo_MP_1bold.png\",\"width\":512,\"height\":512,\"caption\":\"itsbrain\"},\"image\":{\"@id\":\"https:\/\/itsbrain.mindpulse.net\/#\/schema\/logo\/image\/\"},\"sameAs\":[\"https:\/\/www.facebook.com\/Mindpulse.fr\/\",\"https:\/\/www.linkedin.com\/company\/mindpulse-fr\/\"]}]}<\/script>\n<!-- \/ Yoast SEO plugin. -->","yoast_head_json":{"title":"MindPulse - Actualit\u00e9s","description":"Suivez toutes les actualit\u00e9s du test neurocognitif num\u00e9rique MindPulse. Exploration attentionnelle et ex\u00e9cutive en 15 minutes.","robots":{"index":"index","follow":"follow","max-snippet":"max-snippet:-1","max-image-preview":"max-image-preview:large","max-video-preview":"max-video-preview:-1"},"canonical":"https:\/\/itsbrain.mindpulse.net\/en\/jeux\/","og_locale":"en_GB","og_type":"article","og_title":"MindPulse - Actualit\u00e9s","og_description":"Suivez toutes les actualit\u00e9s du test neurocognitif num\u00e9rique MindPulse. Exploration attentionnelle et ex\u00e9cutive en 15 minutes.","og_url":"https:\/\/itsbrain.mindpulse.net\/en\/jeux\/","og_site_name":"itsbrain","article_publisher":"https:\/\/www.facebook.com\/Mindpulse.fr\/","article_modified_time":"2024-10-07T08:52:19+00:00","twitter_card":"summary_large_image","twitter_misc":{"Estimated reading time":"1 minute"},"schema":{"@context":"https:\/\/schema.org","@graph":[{"@type":"WebPage","@id":"https:\/\/itsbrain.mindpulse.net\/jeux\/","url":"https:\/\/itsbrain.mindpulse.net\/jeux\/","name":"MindPulse - Actualit\u00e9s","isPartOf":{"@id":"https:\/\/itsbrain.mindpulse.net\/#website"},"datePublished":"2021-07-13T13:46:41+00:00","dateModified":"2024-10-07T08:52:19+00:00","description":"Suivez toutes les actualit\u00e9s du test neurocognitif num\u00e9rique MindPulse. Exploration attentionnelle et ex\u00e9cutive en 15 minutes.","breadcrumb":{"@id":"https:\/\/itsbrain.mindpulse.net\/jeux\/#breadcrumb"},"inLanguage":"en-GB","potentialAction":[{"@type":"ReadAction","target":["https:\/\/itsbrain.mindpulse.net\/jeux\/"]}]},{"@type":"BreadcrumbList","@id":"https:\/\/itsbrain.mindpulse.net\/jeux\/#breadcrumb","itemListElement":[{"@type":"ListItem","position":1,"name":"Home","item":"https:\/\/itsbrain.mindpulse.net\/"},{"@type":"ListItem","position":2,"name":"Jeux"}]},{"@type":"WebSite","@id":"https:\/\/itsbrain.mindpulse.net\/#website","url":"https:\/\/itsbrain.mindpulse.net\/","name":"itsbrain","description":"","publisher":{"@id":"https:\/\/itsbrain.mindpulse.net\/#organization"},"potentialAction":[{"@type":"SearchAction","target":{"@type":"EntryPoint","urlTemplate":"https:\/\/itsbrain.mindpulse.net\/?s={search_term_string}"},"query-input":"required name=search_term_string"}],"inLanguage":"en-GB"},{"@type":"Organization","@id":"https:\/\/itsbrain.mindpulse.net\/#organization","name":"itsbrain","url":"https:\/\/itsbrain.mindpulse.net\/","logo":{"@type":"ImageObject","inLanguage":"en-GB","@id":"https:\/\/itsbrain.mindpulse.net\/#\/schema\/logo\/image\/","url":"https:\/\/itsbrain.mindpulse.net\/wp-content\/uploads\/2021\/07\/cropped-Logo_MP_1bold.png","contentUrl":"https:\/\/itsbrain.mindpulse.net\/wp-content\/uploads\/2021\/07\/cropped-Logo_MP_1bold.png","width":512,"height":512,"caption":"itsbrain"},"image":{"@id":"https:\/\/itsbrain.mindpulse.net\/#\/schema\/logo\/image\/"},"sameAs":["https:\/\/www.facebook.com\/Mindpulse.fr\/","https:\/\/www.linkedin.com\/company\/mindpulse-fr\/"]}]}},"jetpack_sharing_enabled":true,"_links":{"self":[{"href":"https:\/\/itsbrain.mindpulse.net\/en\/wp-json\/wp\/v2\/pages\/3211","targetHints":{"allow":["GET"]}}],"collection":[{"href":"https:\/\/itsbrain.mindpulse.net\/en\/wp-json\/wp\/v2\/pages"}],"about":[{"href":"https:\/\/itsbrain.mindpulse.net\/en\/wp-json\/wp\/v2\/types\/page"}],"author":[{"embeddable":true,"href":"https:\/\/itsbrain.mindpulse.net\/en\/wp-json\/wp\/v2\/users\/1"}],"replies":[{"embeddable":true,"href":"https:\/\/itsbrain.mindpulse.net\/en\/wp-json\/wp\/v2\/comments?post=3211"}],"version-history":[{"count":139,"href":"https:\/\/itsbrain.mindpulse.net\/en\/wp-json\/wp\/v2\/pages\/3211\/revisions"}],"predecessor-version":[{"id":6626,"href":"https:\/\/itsbrain.mindpulse.net\/en\/wp-json\/wp\/v2\/pages\/3211\/revisions\/6626"}],"wp:attachment":[{"href":"https:\/\/itsbrain.mindpulse.net\/en\/wp-json\/wp\/v2\/media?parent=3211"}],"curies":[{"name":"wp","href":"https:\/\/api.w.org\/{rel}","templated":true}]}}