{"id":4035,"date":"2021-11-23T14:09:32","date_gmt":"2021-11-23T13:09:32","guid":{"rendered":"https:\/\/itsbrain.mindpulse.net\/?page_id=4035"},"modified":"2021-11-23T14:20:30","modified_gmt":"2021-11-23T13:20:30","slug":"politique-de-confidentialite","status":"publish","type":"page","link":"https:\/\/itsbrain.mindpulse.net\/en\/politique-de-confidentialite\/","title":{"rendered":"Politique de confidentialit\u00e9"},"content":{"rendered":"<p>[et_pb_section fb_built=\u00a0\u00bb1&Prime; _builder_version=\u00a0\u00bb3.22&Prime;][et_pb_row _builder_version=\u00a0\u00bb3.25&Prime; background_size=\u00a0\u00bbinitial\u00a0\u00bb background_position=\u00a0\u00bbtop_left\u00a0\u00bb background_repeat=\u00a0\u00bbrepeat\u00a0\u00bb][et_pb_column type=\u00a0\u00bb4_4&Prime; _builder_version=\u00a0\u00bb3.25&Prime; custom_padding=\u00a0\u00bb|||\u00a0\u00bb custom_padding__hover=\u00a0\u00bb|||\u00a0\u00bb][et_pb_text _builder_version=\u00a0\u00bb4.9.1&Prime; background_size=\u00a0\u00bbinitial\u00a0\u00bb background_position=\u00a0\u00bbtop_left\u00a0\u00bb background_repeat=\u00a0\u00bbrepeat\u00a0\u00bb hover_enabled=\u00a0\u00bb0&Prime; sticky_enabled=\u00a0\u00bb0&Prime; text_text_color=\u00a0\u00bb#151E66&Prime; text_font_size=\u00a0\u00bb15px\u00a0\u00bb header_2_text_color=\u00a0\u00bb#88B0D2&Prime;]<\/p>\n<p><!-- divi:heading --><\/p>\n<h2><strong>DONN\u00c9ES PERSONNELLES \u2013S\u00c9CURIT\u00c9<br \/><\/strong><\/h2>\n<p><strong><\/strong><\/p>\n<p><strong>1.<span>\u00a0<\/span><\/strong><span>The Company attaches great importance to respect for privacy and takes all necessary measures to ensure the confidentiality and security of the personal data of Clinicians and users of the services.<\/span><\/p>\n<p><strong>2.<\/strong><span> Dans le cadre de la fourniture des r\u00e9sultats de test au Clinicien, la Soci\u00e9t\u00e9 collecte uniquement les donn\u00e9es suivantes : code Clinicien ; ID Patient (code informatique non nominatif) et sexe, lat\u00e9ralit\u00e9, mois et ann\u00e9e de naissance, niveau d\u2019\u00e9ducation, 1\u02b3\u1d49 langue et \u00e9ventuelle 2e langue du Patient, notes entr\u00e9es par le Clinicien pour reproduction au compte rendu de test, note d\u2019\u00e9valuation du Clinicien pour la passation du test, commentaires du Clinicien, note d\u2019\u00e9valuation du Patient pour la passation du test, commentaires du Patient. Le nom et pr\u00e9nom du Patient et son adresse email sont connues du Clinicien, mais non transmis \u00e0 la Soci\u00e9t\u00e9, qui se contente de mettre \u00e0 jour sur l\u2019ordinateur du clinicien un fichier de correspondance entre ID Patient et donn\u00e9es d\u2019identit\u00e9.<\/span><\/p>\n<p><strong>3.<\/strong><span>\u00a0La Soci\u00e9t\u00e9 collecte et traite les donn\u00e9es des Patients pour les finalit\u00e9s suivantes :<\/span><br \/><span>&#8211; Fourniture des r\u00e9sultats de test au Clinicien ;<\/span><br \/><span>&#8211; Recherche par le Clinicien de r\u00e9sultats ant\u00e9rieurs d\u2019un Patient, \u00e0 des fins de suivi clinique ;<\/span><br \/><span>&#8211; \u00c9laboration de statistiques anonymis\u00e9es ;<\/span><br \/><span>&#8211; Gestion des demandes de droits d\u2019acc\u00e8s, de rectification et d\u2019opposition ;<\/span><br \/><span>&#8211; Recherche clinique, recherche et d\u00e9veloppement. La Soci\u00e9t\u00e9 collecte et traite les donn\u00e9es des Cliniciens pour les finalit\u00e9s suivantes :<\/span><br \/><span>&#8211; Fourniture des r\u00e9sultats de test au Clinicien ;<\/span><br \/><span>&#8211; Acc\u00e8s au site internet MindPulse ;<\/span><br \/><span>&#8211; Gestion des Commandes ;<\/span><br \/><span>&#8211; R\u00e9ponse aux \u00e9ventuelles questions\/r\u00e9clamations des Cliniciens ;<\/span><br \/><span>&#8211; \u00c9laboration de statistiques ;<\/span><br \/><span>&#8211; Gestion des impay\u00e9s et du contentieux.<\/span><br \/><span>&#8211; Gestion des demandes de droits d\u2019acc\u00e8s, de rectification et d\u2019opposition.<\/span><\/p>\n<p><strong>4.<\/strong><span>\u00a0The data relating to the management of the personal data of Clinicians and Patients are kept for the period strictly necessary as defined by the Data Protection Act as amended, i.e. three years after collection or the last contact with the Clinician.<\/span><\/p>\n<p><strong>5. Le<\/strong><span>\u00a0Clinicien conserve la propri\u00e9t\u00e9 des donn\u00e9es transmises \u00e0 la Soci\u00e9t\u00e9. En dehors des cas cit\u00e9s dans les pr\u00e9sentes Conditions, la Soci\u00e9t\u00e9 s\u2019engage \u00e0 ne pas les transmettre \u00e0 des tiers.<\/span><\/p>\n<p><strong>6.<span>\u00a0<\/span><\/strong><span>Clinicians' data are processed by the Company as well as by the Company's partner companies and subcontractors, in compliance with the GDPR.<\/span><\/p>\n<p><strong>7.<span>\u00a0<\/span><\/strong><span>The Company may also communicate the data in order to cooperate with the administrative and judicial authorities.<\/span><\/p>\n<p><strong>8.<span>\u00a0<\/span><\/strong><span>The Company takes care to secure the personal data of practitioners and Patients in an adequate and appropriate manner and has taken the necessary precautions to preserve the security and confidentiality of the data and in particular to prevent them from being distorted, damaged or communicated to persons not allowed. The Clinician recognizes and accepts that this is only an obligation of means.<\/span><\/p>\n<p><strong>9.<span>\u00a0<\/span><\/strong><span>Obligations des Cliniciens &#8211; Les Cliniciens sont responsables de l\u2019obtention du consentement de leur patient, et de ses parents dans le cas d\u2019un mineur, en s\u2019assurant de leur bonne compr\u00e9hension. Le test ne peut \u00eatre poursuivi si ce consentement n\u2019est pas clairement obtenu ; le cochage de la case de consentement du patient indique que le clinicien a valid\u00e9 l\u2019obtention du consentement du patient\u202f;<\/span><br \/><span>Clinicians acknowledge that the personal data disclosed by them is valid, up to date and adequate;<\/span><br \/><span>- The practitioners undertake not to infringe the privacy, image and protection of personal data of any third party, in particular patients, and thus not to communicate personal data to the company from third parties without their consent.<\/span><br \/><span>the software file created by the practiotioners is a local file which is updated with each passage of the test. IT'S BRAIN has no access to this file. By accepting the CGU, the practitioners recognizes that the storage of the data is their responsibility. \nIT'S BRAIN recommends a daily storage update within the safeguards of personal data privacy.\nIn case of loss or corruption of this file. IT'S BRAIN cannot restore this patient ID coordinates and is no case responsible for failin storage updates.<\/span><\/p>\n<p><strong>10.<\/strong><span>\u00a0Finally, in accordance with the Data Protection Act dated January 6, 1978, Clinicians have a right of access, rectification, deletion as well as a right of opposition for legitimate reasons to the processing of their collected data and processed by the Company, through the Clinician. In accordance with Article 40-1 of the Data Protection Act as amended, the Company will comply with the guidelines given by any Clinician relating to the storage, erasure and communication of their personal data after their death. In the absence of such directives, the Company will grant the requests of the heirs as set out in Article 40-1, III of the Data Protection Act.<\/span><br \/><span>Clinicians are warned that in the event of a request to erase their data, including their Clinician Code, the Company will no longer be able to edit the reports of their patients' previous tests.<\/span><\/p>\n<p><strong>11.<\/strong><span>\u00a0Politique de confidentialit\u00e9 pour les cookies<\/span><br \/><span>Notre site Web peut faire appel \u00e0 des cookies. Il s&rsquo;agit de petits fichiers textes qui permettent de stocker des informations sp\u00e9cifiques, se r\u00e9f\u00e9rant \u00e0 l&rsquo;utilisateur, sur le terminal de ce dernier pendant qu&rsquo;il utilise le site Web. Les cookies permettent de d\u00e9terminer notamment la fr\u00e9quence d&rsquo;utilisation de page et le nombre de personnes qui les utilisent, les habitudes d&rsquo;utilisation des pages, mais aussi \u00e0 rendre notre offre plus commode pour les clients. Les cookies restent enregistr\u00e9s dans le navigateur apr\u00e8s la fin de la session et peuvent \u00eatre \u00e0 nouveau appel\u00e9es lors de la visite suivante du site. Si vous ne le souhaitez pas, vous devrez r\u00e9gler votre navigateur internet de sorte qu&rsquo;il refuse d&rsquo;accepter des cookies.<\/span><\/p>\n<p><!-- \/divi:paragraph --><\/p>\n<p>[\/et_pb_text][\/et_pb_column][\/et_pb_row][\/et_pb_section]<\/p>","protected":false},"excerpt":{"rendered":"<p>DONN\u00c9ES PERSONNELLES \u2013S\u00c9CURIT\u00c9 1.\u00a0La Soci\u00e9t\u00e9 attache une grande importance au respect de la vie priv\u00e9e et prend toutes les mesures n\u00e9cessaires pour assurer la confidentialit\u00e9 et la s\u00e9curit\u00e9 des donn\u00e9es personnelles des Cliniciens et des utilisateurs des services. 2. Dans le cadre de la fourniture des r\u00e9sultats de test au Clinicien, la Soci\u00e9t\u00e9 collecte uniquement [&hellip;]<\/p>","protected":false},"author":1,"featured_media":0,"parent":0,"menu_order":0,"comment_status":"closed","ping_status":"closed","template":"","meta":{"_et_pb_use_builder":"on","_et_pb_old_content":"<!-- wp:heading -->\n<h2>Qui sommes-nous&nbsp;?<\/h2>\n<!-- \/wp:heading -->\n\n<!-- wp:paragraph -->\n<p><strong class=\"privacy-policy-tutorial\">Texte sugg\u00e9r\u00e9&nbsp;: <\/strong>L\u2019adresse de notre site est&nbsp;: https:\/\/itsbrain.mindpulse.net.<\/p>\n<!-- \/wp:paragraph -->\n\n<!-- wp:heading -->\n<h2>Commentaires<\/h2>\n<!-- \/wp:heading -->\n\n<!-- wp:paragraph -->\n<p><strong class=\"privacy-policy-tutorial\">Texte sugg\u00e9r\u00e9&nbsp;: <\/strong>Quand vous laissez un commentaire sur notre site, les donn\u00e9es inscrites dans le formulaire de commentaire, mais aussi votre adresse IP et l\u2019agent utilisateur de votre navigateur sont collect\u00e9s pour nous aider \u00e0 la d\u00e9tection des commentaires ind\u00e9sirables.<\/p>\n<!-- \/wp:paragraph -->\n\n<!-- wp:paragraph -->\n<p>Une cha\u00eene anonymis\u00e9e cr\u00e9\u00e9e \u00e0 partir de votre adresse e-mail (\u00e9galement appel\u00e9e hash) peut \u00eatre envoy\u00e9e au service Gravatar pour v\u00e9rifier si vous utilisez ce dernier. Les clauses de confidentialit\u00e9 du service Gravatar sont disponibles ici&nbsp;: https:\/\/automattic.com\/privacy\/. Apr\u00e8s validation de votre commentaire, votre photo de profil sera visible publiquement \u00e0 cot\u00e9 de votre commentaire.<\/p>\n<!-- \/wp:paragraph -->\n\n<!-- wp:heading -->\n<h2>M\u00e9dias<\/h2>\n<!-- \/wp:heading -->\n\n<!-- wp:paragraph -->\n<p><strong class=\"privacy-policy-tutorial\">Texte sugg\u00e9r\u00e9&nbsp;: <\/strong>Si vous t\u00e9l\u00e9versez des images sur le site, nous vous conseillons d\u2019\u00e9viter de t\u00e9l\u00e9verser des images contenant des donn\u00e9es EXIF de coordonn\u00e9es GPS. Les personnes visitant votre site peuvent t\u00e9l\u00e9charger et extraire des donn\u00e9es de localisation depuis ces images.<\/p>\n<!-- \/wp:paragraph -->\n\n<!-- wp:heading -->\n<h2>Cookies<\/h2>\n<!-- \/wp:heading -->\n\n<!-- wp:paragraph -->\n<p><strong class=\"privacy-policy-tutorial\">Texte sugg\u00e9r\u00e9&nbsp;: <\/strong>Si vous d\u00e9posez un commentaire sur notre site, il vous sera propos\u00e9 d\u2019enregistrer votre nom, adresse e-mail et site dans des cookies. C\u2019est uniquement pour votre confort afin de ne pas avoir \u00e0 saisir ces informations si vous d\u00e9posez un autre commentaire plus tard. Ces cookies expirent au bout d\u2019un an.<\/p>\n<!-- \/wp:paragraph -->\n\n<!-- wp:paragraph -->\n<p>Si vous vous rendez sur la page de connexion, un cookie temporaire sera cr\u00e9\u00e9 afin de d\u00e9terminer si votre navigateur accepte les cookies. Il ne contient pas de donn\u00e9es personnelles et sera supprim\u00e9 automatiquement \u00e0 la fermeture de votre navigateur.<\/p>\n<!-- \/wp:paragraph -->\n\n<!-- wp:paragraph -->\n<p>Lorsque vous vous connecterez, nous mettrons en place un certain nombre de cookies pour enregistrer vos informations de connexion et vos pr\u00e9f\u00e9rences d\u2019\u00e9cran. La dur\u00e9e de vie d\u2019un cookie de connexion est de deux jours, celle d\u2019un cookie d\u2019option d\u2019\u00e9cran est d\u2019un an. Si vous cochez \u00ab&nbsp;Se souvenir de moi&nbsp;\u00bb, votre cookie de connexion sera conserv\u00e9 pendant deux semaines. Si vous vous d\u00e9connectez de votre compte, le cookie de connexion sera effac\u00e9.<\/p>\n<!-- \/wp:paragraph -->\n\n<!-- wp:paragraph -->\n<p>En modifiant ou en publiant une publication, un cookie suppl\u00e9mentaire sera enregistr\u00e9 dans votre navigateur. Ce cookie ne comprend aucune donn\u00e9e personnelle. Il indique simplement l\u2019ID de la publication que vous venez de modifier. Il expire au bout d\u2019un jour.<\/p>\n<!-- \/wp:paragraph -->\n\n<!-- wp:heading -->\n<h2>Contenu embarqu\u00e9 depuis d\u2019autres sites<\/h2>\n<!-- \/wp:heading -->\n\n<!-- wp:paragraph -->\n<p><strong class=\"privacy-policy-tutorial\">Texte sugg\u00e9r\u00e9&nbsp;: <\/strong>Les articles de ce site peuvent inclure des contenus int\u00e9gr\u00e9s (par exemple des vid\u00e9os, images, articles\u2026). Le contenu int\u00e9gr\u00e9 depuis d\u2019autres sites se comporte de la m\u00eame mani\u00e8re que si le visiteur se rendait sur cet autre site.<\/p>\n<!-- \/wp:paragraph -->\n\n<!-- wp:paragraph -->\n<p>Ces sites web pourraient collecter des donn\u00e9es sur vous, utiliser des cookies, embarquer des outils de suivis tiers, suivre vos interactions avec ces contenus embarqu\u00e9s si vous disposez d\u2019un compte connect\u00e9 sur leur site web.<\/p>\n<!-- \/wp:paragraph -->\n\n<!-- wp:heading -->\n<h2>Utilisation et transmission de vos donn\u00e9es personnelles<\/h2>\n<!-- \/wp:heading -->\n\n<!-- wp:paragraph -->\n<p><strong class=\"privacy-policy-tutorial\">Texte sugg\u00e9r\u00e9&nbsp;: <\/strong>Si vous demandez une r\u00e9initialisation de votre mot de passe, votre adresse IP sera incluse dans l\u2019e-mail de r\u00e9initialisation.<\/p>\n<!-- \/wp:paragraph -->\n\n<!-- wp:heading -->\n<h2>Dur\u00e9es de stockage de vos donn\u00e9es<\/h2>\n<!-- \/wp:heading -->\n\n<!-- wp:paragraph -->\n<p><strong class=\"privacy-policy-tutorial\">Texte sugg\u00e9r\u00e9&nbsp;: <\/strong>Si vous laissez un commentaire, le commentaire et ses m\u00e9tadonn\u00e9es sont conserv\u00e9s ind\u00e9finiment. Cela permet de reconna\u00eetre et approuver automatiquement les commentaires suivants au lieu de les laisser dans la file de mod\u00e9ration.<\/p>\n<!-- \/wp:paragraph -->\n\n<!-- wp:paragraph -->\n<p>Pour les comptes qui s\u2019inscrivent sur notre site (le cas \u00e9ch\u00e9ant), nous stockons \u00e9galement les donn\u00e9es personnelles indiqu\u00e9es dans leur profil. Tous les comptes peuvent voir, modifier ou supprimer leurs informations personnelles \u00e0 tout moment (\u00e0 l\u2019exception de leur identifiant). Les gestionnaires du site peuvent aussi voir et modifier ces informations.<\/p>\n<!-- \/wp:paragraph -->\n\n<!-- wp:heading -->\n<h2>Les droits que vous avez sur vos donn\u00e9es<\/h2>\n<!-- \/wp:heading -->\n\n<!-- wp:paragraph -->\n<p><strong class=\"privacy-policy-tutorial\">Texte sugg\u00e9r\u00e9&nbsp;: <\/strong>Si vous avez un compte ou si vous avez laiss\u00e9 des commentaires sur le site, vous pouvez demander \u00e0 recevoir un fichier contenant toutes les donn\u00e9es personnelles que nous poss\u00e9dons \u00e0 votre sujet, incluant celles que vous nous avez fournies. Vous pouvez \u00e9galement demander la suppression des donn\u00e9es personnelles vous concernant. Cela ne prend pas en compte les donn\u00e9es stock\u00e9es \u00e0 des fins administratives, l\u00e9gales ou pour des raisons de s\u00e9curit\u00e9.<\/p>\n<!-- \/wp:paragraph -->\n\n<!-- wp:heading -->\n<h2>Transmission de vos donn\u00e9es personnelles<\/h2>\n<!-- \/wp:heading -->\n\n<!-- wp:paragraph -->\n<p><strong class=\"privacy-policy-tutorial\">Texte sugg\u00e9r\u00e9&nbsp;: <\/strong>Les commentaires des visiteurs peuvent \u00eatre v\u00e9rifi\u00e9s \u00e0 l\u2019aide d\u2019un service automatis\u00e9 de d\u00e9tection des commentaires ind\u00e9sirables.<\/p>\n<!-- \/wp:paragraph -->","_et_gb_content_width":"","_monsterinsights_skip_tracking":false,"_monsterinsights_sitenote_active":false,"_monsterinsights_sitenote_note":"","_monsterinsights_sitenote_category":0,"footnotes":""},"class_list":["post-4035","page","type-page","status-publish","hentry"],"yoast_head":"<!-- This site is optimized with the Yoast SEO plugin v23.3 - https:\/\/yoast.com\/wordpress\/plugins\/seo\/ -->\n<title>Politique de confidentialit\u00e9 - itsbrain<\/title>\n<meta name=\"robots\" content=\"index, follow, max-snippet:-1, max-image-preview:large, max-video-preview:-1\" \/>\n<link rel=\"canonical\" href=\"https:\/\/itsbrain.mindpulse.net\/en\/politique-de-confidentialite\/\" \/>\n<meta property=\"og:locale\" content=\"en_GB\" \/>\n<meta property=\"og:type\" content=\"article\" \/>\n<meta property=\"og:title\" content=\"Politique de confidentialit\u00e9 - itsbrain\" \/>\n<meta property=\"og:description\" content=\"DONN\u00c9ES PERSONNELLES \u2013S\u00c9CURIT\u00c9 1.\u00a0La Soci\u00e9t\u00e9 attache une grande importance au respect de la vie priv\u00e9e et prend toutes les mesures n\u00e9cessaires pour assurer la confidentialit\u00e9 et la s\u00e9curit\u00e9 des donn\u00e9es personnelles des Cliniciens et des utilisateurs des services. 2. Dans le cadre de la fourniture des r\u00e9sultats de test au Clinicien, la Soci\u00e9t\u00e9 collecte uniquement [&hellip;]\" \/>\n<meta property=\"og:url\" content=\"https:\/\/itsbrain.mindpulse.net\/en\/politique-de-confidentialite\/\" \/>\n<meta property=\"og:site_name\" content=\"itsbrain\" \/>\n<meta property=\"article:publisher\" content=\"https:\/\/www.facebook.com\/Mindpulse.fr\/\" \/>\n<meta property=\"article:modified_time\" content=\"2021-11-23T13:20:30+00:00\" \/>\n<meta name=\"twitter:card\" content=\"summary_large_image\" \/>\n<meta name=\"twitter:label1\" content=\"Estimated reading time\" \/>\n\t<meta name=\"twitter:data1\" content=\"3 minutes\" \/>\n<script type=\"application\/ld+json\" class=\"yoast-schema-graph\">{\"@context\":\"https:\/\/schema.org\",\"@graph\":[{\"@type\":\"WebPage\",\"@id\":\"https:\/\/itsbrain.mindpulse.net\/politique-de-confidentialite\/\",\"url\":\"https:\/\/itsbrain.mindpulse.net\/politique-de-confidentialite\/\",\"name\":\"Politique de confidentialit\u00e9 - itsbrain\",\"isPartOf\":{\"@id\":\"https:\/\/itsbrain.mindpulse.net\/#website\"},\"datePublished\":\"2021-11-23T13:09:32+00:00\",\"dateModified\":\"2021-11-23T13:20:30+00:00\",\"breadcrumb\":{\"@id\":\"https:\/\/itsbrain.mindpulse.net\/politique-de-confidentialite\/#breadcrumb\"},\"inLanguage\":\"en-GB\",\"potentialAction\":[{\"@type\":\"ReadAction\",\"target\":[\"https:\/\/itsbrain.mindpulse.net\/politique-de-confidentialite\/\"]}]},{\"@type\":\"BreadcrumbList\",\"@id\":\"https:\/\/itsbrain.mindpulse.net\/politique-de-confidentialite\/#breadcrumb\",\"itemListElement\":[{\"@type\":\"ListItem\",\"position\":1,\"name\":\"Home\",\"item\":\"https:\/\/itsbrain.mindpulse.net\/\"},{\"@type\":\"ListItem\",\"position\":2,\"name\":\"Politique de confidentialit\u00e9\"}]},{\"@type\":\"WebSite\",\"@id\":\"https:\/\/itsbrain.mindpulse.net\/#website\",\"url\":\"https:\/\/itsbrain.mindpulse.net\/\",\"name\":\"itsbrain\",\"description\":\"\",\"publisher\":{\"@id\":\"https:\/\/itsbrain.mindpulse.net\/#organization\"},\"potentialAction\":[{\"@type\":\"SearchAction\",\"target\":{\"@type\":\"EntryPoint\",\"urlTemplate\":\"https:\/\/itsbrain.mindpulse.net\/?s={search_term_string}\"},\"query-input\":\"required name=search_term_string\"}],\"inLanguage\":\"en-GB\"},{\"@type\":\"Organization\",\"@id\":\"https:\/\/itsbrain.mindpulse.net\/#organization\",\"name\":\"itsbrain\",\"url\":\"https:\/\/itsbrain.mindpulse.net\/\",\"logo\":{\"@type\":\"ImageObject\",\"inLanguage\":\"en-GB\",\"@id\":\"https:\/\/itsbrain.mindpulse.net\/#\/schema\/logo\/image\/\",\"url\":\"https:\/\/itsbrain.mindpulse.net\/wp-content\/uploads\/2021\/07\/cropped-Logo_MP_1bold.png\",\"contentUrl\":\"https:\/\/itsbrain.mindpulse.net\/wp-content\/uploads\/2021\/07\/cropped-Logo_MP_1bold.png\",\"width\":512,\"height\":512,\"caption\":\"itsbrain\"},\"image\":{\"@id\":\"https:\/\/itsbrain.mindpulse.net\/#\/schema\/logo\/image\/\"},\"sameAs\":[\"https:\/\/www.facebook.com\/Mindpulse.fr\/\",\"https:\/\/www.linkedin.com\/company\/mindpulse-fr\/\"]}]}<\/script>\n<!-- \/ Yoast SEO plugin. -->","yoast_head_json":{"title":"Politique de confidentialit\u00e9 - itsbrain","robots":{"index":"index","follow":"follow","max-snippet":"max-snippet:-1","max-image-preview":"max-image-preview:large","max-video-preview":"max-video-preview:-1"},"canonical":"https:\/\/itsbrain.mindpulse.net\/en\/politique-de-confidentialite\/","og_locale":"en_GB","og_type":"article","og_title":"Politique de confidentialit\u00e9 - itsbrain","og_description":"DONN\u00c9ES PERSONNELLES \u2013S\u00c9CURIT\u00c9 1.\u00a0La Soci\u00e9t\u00e9 attache une grande importance au respect de la vie priv\u00e9e et prend toutes les mesures n\u00e9cessaires pour assurer la confidentialit\u00e9 et la s\u00e9curit\u00e9 des donn\u00e9es personnelles des Cliniciens et des utilisateurs des services. 2. Dans le cadre de la fourniture des r\u00e9sultats de test au Clinicien, la Soci\u00e9t\u00e9 collecte uniquement [&hellip;]","og_url":"https:\/\/itsbrain.mindpulse.net\/en\/politique-de-confidentialite\/","og_site_name":"itsbrain","article_publisher":"https:\/\/www.facebook.com\/Mindpulse.fr\/","article_modified_time":"2021-11-23T13:20:30+00:00","twitter_card":"summary_large_image","twitter_misc":{"Estimated reading time":"3 minutes"},"schema":{"@context":"https:\/\/schema.org","@graph":[{"@type":"WebPage","@id":"https:\/\/itsbrain.mindpulse.net\/politique-de-confidentialite\/","url":"https:\/\/itsbrain.mindpulse.net\/politique-de-confidentialite\/","name":"Politique de confidentialit\u00e9 - itsbrain","isPartOf":{"@id":"https:\/\/itsbrain.mindpulse.net\/#website"},"datePublished":"2021-11-23T13:09:32+00:00","dateModified":"2021-11-23T13:20:30+00:00","breadcrumb":{"@id":"https:\/\/itsbrain.mindpulse.net\/politique-de-confidentialite\/#breadcrumb"},"inLanguage":"en-GB","potentialAction":[{"@type":"ReadAction","target":["https:\/\/itsbrain.mindpulse.net\/politique-de-confidentialite\/"]}]},{"@type":"BreadcrumbList","@id":"https:\/\/itsbrain.mindpulse.net\/politique-de-confidentialite\/#breadcrumb","itemListElement":[{"@type":"ListItem","position":1,"name":"Home","item":"https:\/\/itsbrain.mindpulse.net\/"},{"@type":"ListItem","position":2,"name":"Politique de confidentialit\u00e9"}]},{"@type":"WebSite","@id":"https:\/\/itsbrain.mindpulse.net\/#website","url":"https:\/\/itsbrain.mindpulse.net\/","name":"itsbrain","description":"","publisher":{"@id":"https:\/\/itsbrain.mindpulse.net\/#organization"},"potentialAction":[{"@type":"SearchAction","target":{"@type":"EntryPoint","urlTemplate":"https:\/\/itsbrain.mindpulse.net\/?s={search_term_string}"},"query-input":"required name=search_term_string"}],"inLanguage":"en-GB"},{"@type":"Organization","@id":"https:\/\/itsbrain.mindpulse.net\/#organization","name":"itsbrain","url":"https:\/\/itsbrain.mindpulse.net\/","logo":{"@type":"ImageObject","inLanguage":"en-GB","@id":"https:\/\/itsbrain.mindpulse.net\/#\/schema\/logo\/image\/","url":"https:\/\/itsbrain.mindpulse.net\/wp-content\/uploads\/2021\/07\/cropped-Logo_MP_1bold.png","contentUrl":"https:\/\/itsbrain.mindpulse.net\/wp-content\/uploads\/2021\/07\/cropped-Logo_MP_1bold.png","width":512,"height":512,"caption":"itsbrain"},"image":{"@id":"https:\/\/itsbrain.mindpulse.net\/#\/schema\/logo\/image\/"},"sameAs":["https:\/\/www.facebook.com\/Mindpulse.fr\/","https:\/\/www.linkedin.com\/company\/mindpulse-fr\/"]}]}},"jetpack_sharing_enabled":true,"_links":{"self":[{"href":"https:\/\/itsbrain.mindpulse.net\/en\/wp-json\/wp\/v2\/pages\/4035","targetHints":{"allow":["GET"]}}],"collection":[{"href":"https:\/\/itsbrain.mindpulse.net\/en\/wp-json\/wp\/v2\/pages"}],"about":[{"href":"https:\/\/itsbrain.mindpulse.net\/en\/wp-json\/wp\/v2\/types\/page"}],"author":[{"embeddable":true,"href":"https:\/\/itsbrain.mindpulse.net\/en\/wp-json\/wp\/v2\/users\/1"}],"replies":[{"embeddable":true,"href":"https:\/\/itsbrain.mindpulse.net\/en\/wp-json\/wp\/v2\/comments?post=4035"}],"version-history":[{"count":3,"href":"https:\/\/itsbrain.mindpulse.net\/en\/wp-json\/wp\/v2\/pages\/4035\/revisions"}],"predecessor-version":[{"id":4039,"href":"https:\/\/itsbrain.mindpulse.net\/en\/wp-json\/wp\/v2\/pages\/4035\/revisions\/4039"}],"wp:attachment":[{"href":"https:\/\/itsbrain.mindpulse.net\/en\/wp-json\/wp\/v2\/media?parent=4035"}],"curies":[{"name":"wp","href":"https:\/\/api.w.org\/{rel}","templated":true}]}}