{"id":5691,"date":"2023-07-11T12:01:00","date_gmt":"2023-07-11T10:01:00","guid":{"rendered":"https:\/\/itsbrain.mindpulse.net\/?page_id=5691"},"modified":"2023-07-17T14:30:15","modified_gmt":"2023-07-17T12:30:15","slug":"cas-covid-mme-l","status":"publish","type":"page","link":"https:\/\/itsbrain.mindpulse.net\/en\/cas-covid-mme-l\/","title":{"rendered":"CAS COVID MME L"},"content":{"rendered":"<p>[et_pb_section fb_built=\u00a0\u00bb1&Prime; _builder_version=\u00a0\u00bb4.16&Prime; _module_preset=\u00a0\u00bbdefault\u00a0\u00bb global_colors_info=\u00a0\u00bb{}\u00a0\u00bb][et_pb_row _builder_version=\u00a0\u00bb4.16&Prime; _module_preset=\u00a0\u00bbdefault\u00a0\u00bb custom_padding=\u00a0\u00bb||0px|||\u00a0\u00bb global_colors_info=\u00a0\u00bb{}\u00a0\u00bb][et_pb_column type=\u00a0\u00bb4_4&Prime; _builder_version=\u00a0\u00bb4.16&Prime; _module_preset=\u00a0\u00bbdefault\u00a0\u00bb global_colors_info=\u00a0\u00bb{}\u00a0\u00bb][et_pb_text _builder_version=\u00a0\u00bb4.21.0&Prime; _module_preset=\u00a0\u00bbdefault\u00a0\u00bb text_font=\u00a0\u00bb|600||on|||||\u00a0\u00bb text_text_color=\u00a0\u00bb#151E66&Prime; text_font_size=\u00a0\u00bb35px\u00a0\u00bb text_orientation=\u00a0\u00bbcenter\u00a0\u00bb global_colors_info=\u00a0\u00bb{}\u00a0\u00bb]<\/p>\n<p>Clinical case : Mrs. L, 59 years old<\/p>\n<p>[\/et_pb_text][et_pb_text _builder_version=\u00a0\u00bb4.21.0&Prime; _module_preset=\u00a0\u00bbdefault\u00a0\u00bb text_font=\u00a0\u00bb|600|||||||\u00a0\u00bb text_text_color=\u00a0\u00bb#151E66&Prime; text_font_size=\u00a0\u00bb17px\u00a0\u00bb text_line_height=\u00a0\u00bb1.72em\u00a0\u00bb text_orientation=\u00a0\u00bbjustified\u00a0\u00bb global_colors_info=\u00a0\u00bb{}\u00a0\u00bb]<\/p>\n<p class=\" translation-block\"><strong><span><span style=\"color: #8db3d9\">Context of the assessment<\/span> : <\/span><\/strong>Mrs. L is a 59-year-old woman with a good sociocultural background who was<span style=\"color: #003366\"><strong>infected with COVID-19 <\/strong><strong>\u00a0in September 2020<\/strong>.<\/span> The infection was severe and led to hospitalization. Since then, Mrs. L has been on leave and unable to resume any professional activity, even on a part-time basis. Mrs. L experiences a significant complaint regarding fatigue, as well as executive dysfunction: <span style=\"color: #003366\"><strong>attention deficits, feelings of overwhelm and overload, an inability to organize, and a significant slowing down.<\/strong><\/span><\/p>\n<p>Since her infection, Mrs. L has also developed significant sleep disturbances and a significant anxiety-depressive symptomatology, which remains untreated.<\/p>\n<p class=\" translation-block\">The patient was first seen in March 2021 when an initial MindPulse assessment was conducted. However, due to personal reasons, <span style=\"color: #003366\"><em><strong>the patient was unable to continue the evaluation process until March 2023 when a comprehensive neuropsychological assessment, including the MindPulse again, was conducted.<\/strong><\/em><\/span><\/p>\n<p><em><strong><span style=\"color: #000080;\">\u00a0<\/span><\/strong><\/em><\/p>\n<p>&nbsp;<\/p>\n<p>[\/et_pb_text][\/et_pb_column][\/et_pb_row][et_pb_row _builder_version=\u00a0\u00bb4.19.5&Prime; _module_preset=\u00a0\u00bbdefault\u00a0\u00bb global_colors_info=\u00a0\u00bb{}\u00a0\u00bb][et_pb_column type=\u00a0\u00bb4_4&Prime; _builder_version=\u00a0\u00bb4.19.5&Prime; _module_preset=\u00a0\u00bbdefault\u00a0\u00bb global_colors_info=\u00a0\u00bb{}\u00a0\u00bb][et_pb_text _builder_version=\u00a0\u00bb4.21.0&Prime; _module_preset=\u00a0\u00bbdefault\u00a0\u00bb text_font=\u00a0\u00bbPoppins|800||on|||||\u00a0\u00bb text_text_color=\u00a0\u00bb#151E66&Prime; text_font_size=\u00a0\u00bb15px\u00a0\u00bb text_orientation=\u00a0\u00bbcenter\u00a0\u00bb custom_margin=\u00a0\u00bb-100px||-126px||false|false\u00a0\u00bb custom_padding=\u00a0\u00bb64px||38px||false|false\u00a0\u00bb global_colors_info=\u00a0\u00bb{}\u00a0\u00bb]<\/p>\n<p>Neuropsychological assessment March 2023<\/p>\n<p>[\/et_pb_text][\/et_pb_column][\/et_pb_row][et_pb_row column_structure=\u00a0\u00bb1_2,1_2&Prime; _builder_version=\u00a0\u00bb4.19.5&Prime; _module_preset=\u00a0\u00bbdefault\u00a0\u00bb global_colors_info=\u00a0\u00bb{}\u00a0\u00bb][et_pb_column type=\u00a0\u00bb1_2&Prime; _builder_version=\u00a0\u00bb4.19.5&Prime; _module_preset=\u00a0\u00bbdefault\u00a0\u00bb global_colors_info=\u00a0\u00bb{}\u00a0\u00bb][et_pb_image src=\u00a0\u00bbhttps:\/\/itsbrain.mindpulse.net\/wp-content\/uploads\/2023\/07\/image-71.png\u00a0\u00bb title_text=\u00a0\u00bbimage (71)\u00a0\u00bb align=\u00a0\u00bbcenter\u00a0\u00bb _builder_version=\u00a0\u00bb4.21.0&Prime; _module_preset=\u00a0\u00bbdefault\u00a0\u00bb custom_margin=\u00a0\u00bb-38px||||false|false\u00a0\u00bb global_colors_info=\u00a0\u00bb{}\u00a0\u00bb][\/et_pb_image][\/et_pb_column][et_pb_column type=\u00a0\u00bb1_2&Prime; _builder_version=\u00a0\u00bb4.21.0&Prime; _module_preset=\u00a0\u00bbdefault\u00a0\u00bb global_colors_info=\u00a0\u00bb{}\u00a0\u00bb][et_pb_text _builder_version=\u00a0\u00bb4.21.0&Prime; _module_preset=\u00a0\u00bbdefault\u00a0\u00bb text_font=\u00a0\u00bb|300|||||||\u00a0\u00bb text_text_color=\u00a0\u00bb#151E66&Prime; custom_margin=\u00a0\u00bb|||-5px|false|false\u00a0\u00bb border_width_top=\u00a0\u00bb6px\u00a0\u00bb border_color_top=\u00a0\u00bb#88B0D2&Prime; border_color_right=\u00a0\u00bb#88B0D2&Prime; border_color_bottom=\u00a0\u00bb#88B0D2&Prime; border_width_left=\u00a0\u00bb8px\u00a0\u00bb border_color_left=\u00a0\u00bb#88B0D2&Prime; global_colors_info=\u00a0\u00bb{}\u00a0\u00bb]<\/p>\n<p><strong>Interpretation<\/strong> <strong>: <\/strong>The neuropsychological assessment highlights Mrs. L's good intellectual level. Language skills are satisfactory, without any comprehension or speech production difficulties. No significant word finding difficulties emerge. <strong>The logical reasoning is of good quality. <\/strong><\/p>\n<p><strong>\u00a0 \u00a0 \u00a0 \u00a0However, the executive function is impaired,<\/strong> which is marked by a significant slowing down in various tasks and a combined lack of precision, indicating the effects of executive overload in Mrs. L. <strong>This executive alteration impacts the memory performance of Mrs. L,<\/strong> with a recovery disorder that is found in auditory-verbal memory.<\/p>\n<p class=\" translation-block\">Finally, <strong>the questionnaires highlight depressive symptomatology, cognitive and executive complaints, as well as significant<\/strong> and untreated insomnia to this day, which should be interpreted in connection with Mrs. L's neuropsychological profile.<\/p>\n<p>[\/et_pb_text][\/et_pb_column][\/et_pb_row][et_pb_row _builder_version=\u00a0\u00bb4.21.0&Prime; _module_preset=\u00a0\u00bbdefault\u00a0\u00bb global_colors_info=\u00a0\u00bb{}\u00a0\u00bb][et_pb_column type=\u00a0\u00bb4_4&Prime; _builder_version=\u00a0\u00bb4.21.0&Prime; _module_preset=\u00a0\u00bbdefault\u00a0\u00bb global_colors_info=\u00a0\u00bb{}\u00a0\u00bb][et_pb_text _builder_version=\u00a0\u00bb4.21.0&Prime; _module_preset=\u00a0\u00bbdefault\u00a0\u00bb text_font=\u00a0\u00bb|||on|||||\u00a0\u00bb text_text_color=\u00a0\u00bb#151E66&Prime; text_font_size=\u00a0\u00bb16px\u00a0\u00bb global_colors_info=\u00a0\u00bb{}\u00a0\u00bb]<\/p>\n<p style=\"text-align: center;\"><strong>MindPulse test:<\/strong><\/p>\n<p>[\/et_pb_text][\/et_pb_column][\/et_pb_row][et_pb_row column_structure=\u00a0\u00bb3_5,2_5&Prime; _builder_version=\u00a0\u00bb4.16&Prime; _module_preset=\u00a0\u00bbdefault\u00a0\u00bb custom_padding=\u00a0\u00bb40px|||||\u00a0\u00bb global_colors_info=\u00a0\u00bb{}\u00a0\u00bb][et_pb_column type=\u00a0\u00bb3_5&Prime; _builder_version=\u00a0\u00bb4.16&Prime; _module_preset=\u00a0\u00bbdefault\u00a0\u00bb global_colors_info=\u00a0\u00bb{}\u00a0\u00bb][et_pb_image src=\u00a0\u00bbhttps:\/\/itsbrain.mindpulse.net\/wp-content\/uploads\/2023\/07\/image-72.png\u00a0\u00bb title_text=\u00a0\u00bbimage (72)\u00a0\u00bb _builder_version=\u00a0\u00bb4.21.0&Prime; _module_preset=\u00a0\u00bbdefault\u00a0\u00bb width=\u00a0\u00bb81%\u00a0\u00bb module_alignment=\u00a0\u00bbcenter\u00a0\u00bb custom_margin=\u00a0\u00bb10px||||false|false\u00a0\u00bb global_colors_info=\u00a0\u00bb{}\u00a0\u00bb][\/et_pb_image][\/et_pb_column][et_pb_column type=\u00a0\u00bb2_5&Prime; _builder_version=\u00a0\u00bb4.16&Prime; _module_preset=\u00a0\u00bbdefault\u00a0\u00bb global_colors_info=\u00a0\u00bb{}\u00a0\u00bb][et_pb_image src=\u00a0\u00bbhttps:\/\/itsbrain.mindpulse.net\/wp-content\/uploads\/2023\/07\/image-73.png\u00a0\u00bb title_text=\u00a0\u00bbimage (73)\u00a0\u00bb _builder_version=\u00a0\u00bb4.21.0&Prime; _module_preset=\u00a0\u00bbdefault\u00a0\u00bb global_colors_info=\u00a0\u00bb{}\u00a0\u00bb][\/et_pb_image][\/et_pb_column][\/et_pb_row][et_pb_row column_structure=\u00a0\u00bb1_2,1_2&Prime; _builder_version=\u00a0\u00bb4.21.0&Prime; _module_preset=\u00a0\u00bbdefault\u00a0\u00bb global_colors_info=\u00a0\u00bb{}\u00a0\u00bb][et_pb_column type=\u00a0\u00bb1_2&Prime; _builder_version=\u00a0\u00bb4.21.0&Prime; _module_preset=\u00a0\u00bbdefault\u00a0\u00bb global_colors_info=\u00a0\u00bb{}\u00a0\u00bb][et_pb_text _builder_version=\u00a0\u00bb4.21.0&Prime; _module_preset=\u00a0\u00bbdefault\u00a0\u00bb text_font=\u00a0\u00bb|300|||||||\u00a0\u00bb text_text_color=\u00a0\u00bb#151E66&Prime; border_width_all=\u00a0\u00bb1px\u00a0\u00bb border_color_all=\u00a0\u00bb#151E66&Prime; global_colors_info=\u00a0\u00bb{}\u00a0\u00bb]<\/p>\n<p style=\"padding-left: 40px;\">In 2021, the MindPulse assessment reveals severe perceptual-motor slowing, associated with a secondary but significant executive slowing. However, both precision and reaction to difficulty are within normal range.<\/p>\n<p style=\"padding-left: 40px;\">[\/et_pb_text][\/et_pb_column][et_pb_column type=\u00a0\u00bb1_2&Prime; _builder_version=\u00a0\u00bb4.21.0&Prime; _module_preset=\u00a0\u00bbdefault\u00a0\u00bb global_colors_info=\u00a0\u00bb{}\u00a0\u00bb][et_pb_text _builder_version=\u00a0\u00bb4.21.0&Prime; _module_preset=\u00a0\u00bbdefault\u00a0\u00bb text_font=\u00a0\u00bb|300|||||||\u00a0\u00bb text_text_color=\u00a0\u00bb#151E66&Prime; hover_enabled=\u00a0\u00bb0&Prime; border_width_all=\u00a0\u00bb1px\u00a0\u00bb border_color_all=\u00a0\u00bb#151E66&Prime; global_colors_info=\u00a0\u00bb{}\u00a0\u00bb sticky_enabled=\u00a0\u00bb0&Prime;]<\/p>\n<p style=\"padding-left: 40px;\">En 2023, le ralentissement perceptivo-moteur s\u2019est nettement aggrav\u00e9, et le ralentissement ex\u00e9cutif c\u2019est maintenu. La pr\u00e9cision et la r\u00e9action \u00e0 la difficult\u00e9 restent normales.<\/p>\n<p>&nbsp;<\/p>\n<p>[\/et_pb_text][\/et_pb_column][\/et_pb_row][et_pb_row column_structure=\u00a0\u00bb1_2,1_2&Prime; _builder_version=\u00a0\u00bb4.21.0&Prime; _module_preset=\u00a0\u00bbdefault\u00a0\u00bb global_colors_info=\u00a0\u00bb{}\u00a0\u00bb][et_pb_column type=\u00a0\u00bb1_2&Prime; _builder_version=\u00a0\u00bb4.21.0&Prime; _module_preset=\u00a0\u00bbdefault\u00a0\u00bb global_colors_info=\u00a0\u00bb{}\u00a0\u00bb][et_pb_image src=\u00a0\u00bbhttps:\/\/itsbrain.mindpulse.net\/wp-content\/uploads\/2023\/07\/image-74.png\u00a0\u00bb title_text=\u00a0\u00bbimage (74)\u00a0\u00bb _builder_version=\u00a0\u00bb4.21.0&Prime; _module_preset=\u00a0\u00bbdefault\u00a0\u00bb global_colors_info=\u00a0\u00bb{}\u00a0\u00bb][\/et_pb_image][et_pb_text _builder_version=\u00a0\u00bb4.21.0&Prime; _module_preset=\u00a0\u00bbdefault\u00a0\u00bb text_font=\u00a0\u00bb|300|||||||\u00a0\u00bb text_text_color=\u00a0\u00bb#151E66&Prime; border_width_all=\u00a0\u00bb1px\u00a0\u00bb border_color_all=\u00a0\u00bb#151E66&Prime; global_colors_info=\u00a0\u00bb{}\u00a0\u00bb]<\/p>\n<p>In 2021, the analysis of response times highlights a significant dispersion within the 3 parts of the MindPulse: Mrs. L is unable to effectively sustain her attention over time.<\/p>\n<p>Furthermore, an anticipatory error is observed in Part A, an inhibition error in Part C, and an aberrant response, indicating an attentional lapse towards the end of Part C.<\/p>\n<p>[\/et_pb_text][\/et_pb_column][et_pb_column type=\u00a0\u00bb1_2&Prime; _builder_version=\u00a0\u00bb4.21.0&Prime; _module_preset=\u00a0\u00bbdefault\u00a0\u00bb global_colors_info=\u00a0\u00bb{}\u00a0\u00bb][et_pb_image src=\u00a0\u00bbhttps:\/\/itsbrain.mindpulse.net\/wp-content\/uploads\/2023\/07\/image-75.png\u00a0\u00bb title_text=\u00a0\u00bbimage (75)\u00a0\u00bb _builder_version=\u00a0\u00bb4.21.0&Prime; _module_preset=\u00a0\u00bbdefault\u00a0\u00bb global_colors_info=\u00a0\u00bb{}\u00a0\u00bb][\/et_pb_image][et_pb_text _builder_version=\u00a0\u00bb4.21.0&Prime; _module_preset=\u00a0\u00bbdefault\u00a0\u00bb text_font=\u00a0\u00bb|300|||||||\u00a0\u00bb text_text_color=\u00a0\u00bb#151E66&Prime; border_width_all=\u00a0\u00bb1px\u00a0\u00bb border_color_all=\u00a0\u00bb#151E66&Prime; global_colors_info=\u00a0\u00bb{}\u00a0\u00bb]<\/p>\n<p>In 2023, the dispersion is significantly greater within the three parts of the MindPulse. A loss of vigilance is observed, characterized by an omission error in Part C, and a persistent inhibition error.<\/p>\n<p>Furthermore, Mrs. L makes two aberrant responses, indicating attentional lapses and the patient's fatigue towards the end of Part C.<\/p>\n<p>[\/et_pb_text][\/et_pb_column][\/et_pb_row][et_pb_row column_structure=\u00a0\u00bb1_2,1_2&Prime; _builder_version=\u00a0\u00bb4.16&Prime; _module_preset=\u00a0\u00bbdefault\u00a0\u00bb custom_padding=\u00a0\u00bb39px|||||\u00a0\u00bb global_colors_info=\u00a0\u00bb{}\u00a0\u00bb][et_pb_column type=\u00a0\u00bb1_2&Prime; _builder_version=\u00a0\u00bb4.16&Prime; _module_preset=\u00a0\u00bbdefault\u00a0\u00bb global_colors_info=\u00a0\u00bb{}\u00a0\u00bb][et_pb_image src=\u00a0\u00bbhttps:\/\/itsbrain.mindpulse.net\/wp-content\/uploads\/2023\/07\/image-76.png\u00a0\u00bb title_text=\u00a0\u00bbimage (76)\u00a0\u00bb _builder_version=\u00a0\u00bb4.21.0&Prime; _module_preset=\u00a0\u00bbdefault\u00a0\u00bb transform_scale=\u00a0\u00bb110%|110%\u00a0\u00bb custom_margin=\u00a0\u00bb|||24px|false|false\u00a0\u00bb global_colors_info=\u00a0\u00bb{}\u00a0\u00bb][\/et_pb_image][\/et_pb_column][et_pb_column type=\u00a0\u00bb1_2&Prime; _builder_version=\u00a0\u00bb4.16&Prime; _module_preset=\u00a0\u00bbdefault\u00a0\u00bb global_colors_info=\u00a0\u00bb{}\u00a0\u00bb][et_pb_image src=\u00a0\u00bbhttps:\/\/itsbrain.mindpulse.net\/wp-content\/uploads\/2023\/07\/image-78.png\u00a0\u00bb title_text=\u00a0\u00bbimage (78)\u00a0\u00bb align=\u00a0\u00bbright\u00a0\u00bb _builder_version=\u00a0\u00bb4.21.0&Prime; _module_preset=\u00a0\u00bbdefault\u00a0\u00bb transform_scale=\u00a0\u00bb110%|110%\u00a0\u00bb width=\u00a0\u00bb95%\u00a0\u00bb module_alignment=\u00a0\u00bbright\u00a0\u00bb custom_margin=\u00a0\u00bb|-35px||12px|false|false\u00a0\u00bb custom_padding=\u00a0\u00bb|45px||0px|false|false\u00a0\u00bb global_colors_info=\u00a0\u00bb{}\u00a0\u00bb][\/et_pb_image][\/et_pb_column][\/et_pb_row][et_pb_row _builder_version=\u00a0\u00bb4.21.0&Prime; _module_preset=\u00a0\u00bbdefault\u00a0\u00bb global_colors_info=\u00a0\u00bb{}\u00a0\u00bb][et_pb_column type=\u00a0\u00bb4_4&Prime; _builder_version=\u00a0\u00bb4.21.0&Prime; _module_preset=\u00a0\u00bbdefault\u00a0\u00bb global_colors_info=\u00a0\u00bb{}\u00a0\u00bb][et_pb_text _builder_version=\u00a0\u00bb4.21.0&Prime; _module_preset=\u00a0\u00bbdefault\u00a0\u00bb text_text_color=\u00a0\u00bb#151E66&Prime; global_colors_info=\u00a0\u00bb{}\u00a0\u00bb]<\/p>\n<p style=\"text-align: center; padding-left: 120px;\">Between 2021 and 2023, Mrs. L's vigilance impairments have worsened. Difficulties in selective attention and executive functions have remained stable. The executive and attentional imbalance is marked by the slowing down and variability of Mrs. L's attention.<\/p>\n<p>&nbsp;<\/p>\n<p>&nbsp;<\/p>\n<p>[\/et_pb_text][\/et_pb_column][\/et_pb_row][et_pb_row _builder_version=\u00a0\u00bb4.16&Prime; _module_preset=\u00a0\u00bbdefault\u00a0\u00bb global_colors_info=\u00a0\u00bb{}\u00a0\u00bb][et_pb_column type=\u00a0\u00bb4_4&Prime; _builder_version=\u00a0\u00bb4.16&Prime; _module_preset=\u00a0\u00bbdefault\u00a0\u00bb global_colors_info=\u00a0\u00bb{}\u00a0\u00bb][et_pb_text _builder_version=\u00a0\u00bb4.21.0&Prime; _module_preset=\u00a0\u00bbdefault\u00a0\u00bb text_font=\u00a0\u00bb|300|||||||\u00a0\u00bb text_text_color=\u00a0\u00bb#151E66&Prime; text_font_size=\u00a0\u00bb17px\u00a0\u00bb text_line_height=\u00a0\u00bb1.72em\u00a0\u00bb text_orientation=\u00a0\u00bbjustified\u00a0\u00bb custom_margin=\u00a0\u00bb21px|||||\u00a0\u00bb global_colors_info=\u00a0\u00bb{}\u00a0\u00bb]<\/p>\n<p><strong><span><span style=\"color: #8db3d9;\">Conclusion<\/span> : MindPulse vs. Traditional FEA Comparison<\/span><\/strong><\/p>\n<p><strong><span><\/span><\/strong><\/p>\n<ul>\n<li>\n<p>The MindPulse confirms the executive and attentional profile identified through the neuropsychological evaluation.<\/p>\n<\/li>\n<li class=\" translation-block\">The profile is characterized by the patient's slowing down. <strong>Mind<span style=\"color: #99ccff\">Pulse<\/span><\/strong> highlights <strong>a primary perceptual-motor slowing, which is accompanied by a secondary and more moderate executive slowing,<\/strong> consistent with the expected cortico-subcortical frontal inflammatory impairments in the context of long COVID.<\/li>\n<li>\n<p class=\" translation-block\"><strong>The worsening of attentional disturbances, particularly in vigilance during the 2023 evaluation, appears to be a consequence of the overall deterioration of the patient's condition,<\/strong> who now suffers from sleep and mood disorders known to have an impact on vigilance and executive functioning.<\/p>\n<\/li>\n<li>\n<p class=\" translation-block\">However, <strong>the profile between the two MindPulse assessments remains comparable and demonstrates stability in the functioning of Mrs. L,<\/strong> whose performance is maintained overall. This also indicates a lack of functional recovery in this patient, three years after the COVID-19 infection, highlighting the importance of considering general factors (e.g., sleep, fatigue, mood) in the management of COVID-19.<\/p>\n<\/li>\n<li>\n<p class=\" translation-block\">By enabling the identification of the nature of Mrs. L's executive and attentional impairments, <strong>MindPulse provides a better understanding of the intricacies of the patient's profile, allowing for improved guidance in the continuation of her care.<\/strong><\/p>\n<\/li>\n<\/ul>\n<p>[\/et_pb_text][\/et_pb_column][\/et_pb_row][\/et_pb_section]<\/p>","protected":false},"excerpt":{"rendered":"<p>Cas Clinique : MME L, 59 ansContexte de l\u2019\u00e9valuation : Mme L est une femme de 59 ans, de bon niveau socioculturel, ayant \u00e9t\u00e9 infect\u00e9e par le COVID-19\u00a0en septembre 2020. L\u2019infection, s\u00e9v\u00e8re, entraine une hospitalisation. Mme L est depuis arr\u00eat\u00e9e et en incapacit\u00e9 de reprendre une activit\u00e9 professionnelle, m\u00eame \u00e0 temps partiel. Mme L. manifeste [&hellip;]<\/p>","protected":false},"author":1,"featured_media":0,"parent":0,"menu_order":0,"comment_status":"closed","ping_status":"closed","template":"","meta":{"_et_pb_use_builder":"on","_et_pb_old_content":"","_et_gb_content_width":"","_monsterinsights_skip_tracking":false,"_monsterinsights_sitenote_active":false,"_monsterinsights_sitenote_note":"","_monsterinsights_sitenote_category":0,"footnotes":""},"class_list":["post-5691","page","type-page","status-publish","hentry"],"yoast_head":"<!-- This site is optimized with the Yoast SEO plugin v23.3 - https:\/\/yoast.com\/wordpress\/plugins\/seo\/ -->\n<title>CAS COVID MME L - itsbrain<\/title>\n<meta name=\"robots\" content=\"index, follow, max-snippet:-1, max-image-preview:large, max-video-preview:-1\" \/>\n<link rel=\"canonical\" href=\"https:\/\/itsbrain.mindpulse.net\/en\/cas-covid-mme-l\/\" \/>\n<meta property=\"og:locale\" content=\"en_GB\" \/>\n<meta property=\"og:type\" content=\"article\" \/>\n<meta property=\"og:title\" content=\"CAS COVID MME L - itsbrain\" \/>\n<meta property=\"og:description\" content=\"Cas Clinique : MME L, 59 ansContexte de l\u2019\u00e9valuation : Mme L est une femme de 59 ans, de bon niveau socioculturel, ayant \u00e9t\u00e9 infect\u00e9e par le COVID-19\u00a0en septembre 2020. L\u2019infection, s\u00e9v\u00e8re, entraine une hospitalisation. Mme L est depuis arr\u00eat\u00e9e et en incapacit\u00e9 de reprendre une activit\u00e9 professionnelle, m\u00eame \u00e0 temps partiel. Mme L. manifeste [&hellip;]\" \/>\n<meta property=\"og:url\" content=\"https:\/\/itsbrain.mindpulse.net\/en\/cas-covid-mme-l\/\" \/>\n<meta property=\"og:site_name\" content=\"itsbrain\" \/>\n<meta property=\"article:publisher\" content=\"https:\/\/www.facebook.com\/Mindpulse.fr\/\" \/>\n<meta property=\"article:modified_time\" content=\"2023-07-17T12:30:15+00:00\" \/>\n<meta name=\"twitter:card\" content=\"summary_large_image\" \/>\n<meta name=\"twitter:label1\" content=\"Estimated reading time\" \/>\n\t<meta name=\"twitter:data1\" content=\"5 minutes\" \/>\n<script type=\"application\/ld+json\" class=\"yoast-schema-graph\">{\"@context\":\"https:\/\/schema.org\",\"@graph\":[{\"@type\":\"WebPage\",\"@id\":\"https:\/\/itsbrain.mindpulse.net\/cas-covid-mme-l\/\",\"url\":\"https:\/\/itsbrain.mindpulse.net\/cas-covid-mme-l\/\",\"name\":\"CAS COVID MME L - itsbrain\",\"isPartOf\":{\"@id\":\"https:\/\/itsbrain.mindpulse.net\/#website\"},\"datePublished\":\"2023-07-11T10:01:00+00:00\",\"dateModified\":\"2023-07-17T12:30:15+00:00\",\"breadcrumb\":{\"@id\":\"https:\/\/itsbrain.mindpulse.net\/cas-covid-mme-l\/#breadcrumb\"},\"inLanguage\":\"en-GB\",\"potentialAction\":[{\"@type\":\"ReadAction\",\"target\":[\"https:\/\/itsbrain.mindpulse.net\/cas-covid-mme-l\/\"]}]},{\"@type\":\"BreadcrumbList\",\"@id\":\"https:\/\/itsbrain.mindpulse.net\/cas-covid-mme-l\/#breadcrumb\",\"itemListElement\":[{\"@type\":\"ListItem\",\"position\":1,\"name\":\"Home\",\"item\":\"https:\/\/itsbrain.mindpulse.net\/\"},{\"@type\":\"ListItem\",\"position\":2,\"name\":\"CAS COVID MME L\"}]},{\"@type\":\"WebSite\",\"@id\":\"https:\/\/itsbrain.mindpulse.net\/#website\",\"url\":\"https:\/\/itsbrain.mindpulse.net\/\",\"name\":\"itsbrain\",\"description\":\"\",\"publisher\":{\"@id\":\"https:\/\/itsbrain.mindpulse.net\/#organization\"},\"potentialAction\":[{\"@type\":\"SearchAction\",\"target\":{\"@type\":\"EntryPoint\",\"urlTemplate\":\"https:\/\/itsbrain.mindpulse.net\/?s={search_term_string}\"},\"query-input\":\"required name=search_term_string\"}],\"inLanguage\":\"en-GB\"},{\"@type\":\"Organization\",\"@id\":\"https:\/\/itsbrain.mindpulse.net\/#organization\",\"name\":\"itsbrain\",\"url\":\"https:\/\/itsbrain.mindpulse.net\/\",\"logo\":{\"@type\":\"ImageObject\",\"inLanguage\":\"en-GB\",\"@id\":\"https:\/\/itsbrain.mindpulse.net\/#\/schema\/logo\/image\/\",\"url\":\"https:\/\/itsbrain.mindpulse.net\/wp-content\/uploads\/2021\/07\/cropped-Logo_MP_1bold.png\",\"contentUrl\":\"https:\/\/itsbrain.mindpulse.net\/wp-content\/uploads\/2021\/07\/cropped-Logo_MP_1bold.png\",\"width\":512,\"height\":512,\"caption\":\"itsbrain\"},\"image\":{\"@id\":\"https:\/\/itsbrain.mindpulse.net\/#\/schema\/logo\/image\/\"},\"sameAs\":[\"https:\/\/www.facebook.com\/Mindpulse.fr\/\",\"https:\/\/www.linkedin.com\/company\/mindpulse-fr\/\"]}]}<\/script>\n<!-- \/ Yoast SEO plugin. -->","yoast_head_json":{"title":"CAS COVID MME L - itsbrain","robots":{"index":"index","follow":"follow","max-snippet":"max-snippet:-1","max-image-preview":"max-image-preview:large","max-video-preview":"max-video-preview:-1"},"canonical":"https:\/\/itsbrain.mindpulse.net\/en\/cas-covid-mme-l\/","og_locale":"en_GB","og_type":"article","og_title":"CAS COVID MME L - itsbrain","og_description":"Cas Clinique : MME L, 59 ansContexte de l\u2019\u00e9valuation : Mme L est une femme de 59 ans, de bon niveau socioculturel, ayant \u00e9t\u00e9 infect\u00e9e par le COVID-19\u00a0en septembre 2020. L\u2019infection, s\u00e9v\u00e8re, entraine une hospitalisation. Mme L est depuis arr\u00eat\u00e9e et en incapacit\u00e9 de reprendre une activit\u00e9 professionnelle, m\u00eame \u00e0 temps partiel. Mme L. manifeste [&hellip;]","og_url":"https:\/\/itsbrain.mindpulse.net\/en\/cas-covid-mme-l\/","og_site_name":"itsbrain","article_publisher":"https:\/\/www.facebook.com\/Mindpulse.fr\/","article_modified_time":"2023-07-17T12:30:15+00:00","twitter_card":"summary_large_image","twitter_misc":{"Estimated reading time":"5 minutes"},"schema":{"@context":"https:\/\/schema.org","@graph":[{"@type":"WebPage","@id":"https:\/\/itsbrain.mindpulse.net\/cas-covid-mme-l\/","url":"https:\/\/itsbrain.mindpulse.net\/cas-covid-mme-l\/","name":"CAS COVID MME L - itsbrain","isPartOf":{"@id":"https:\/\/itsbrain.mindpulse.net\/#website"},"datePublished":"2023-07-11T10:01:00+00:00","dateModified":"2023-07-17T12:30:15+00:00","breadcrumb":{"@id":"https:\/\/itsbrain.mindpulse.net\/cas-covid-mme-l\/#breadcrumb"},"inLanguage":"en-GB","potentialAction":[{"@type":"ReadAction","target":["https:\/\/itsbrain.mindpulse.net\/cas-covid-mme-l\/"]}]},{"@type":"BreadcrumbList","@id":"https:\/\/itsbrain.mindpulse.net\/cas-covid-mme-l\/#breadcrumb","itemListElement":[{"@type":"ListItem","position":1,"name":"Home","item":"https:\/\/itsbrain.mindpulse.net\/"},{"@type":"ListItem","position":2,"name":"CAS COVID MME L"}]},{"@type":"WebSite","@id":"https:\/\/itsbrain.mindpulse.net\/#website","url":"https:\/\/itsbrain.mindpulse.net\/","name":"itsbrain","description":"","publisher":{"@id":"https:\/\/itsbrain.mindpulse.net\/#organization"},"potentialAction":[{"@type":"SearchAction","target":{"@type":"EntryPoint","urlTemplate":"https:\/\/itsbrain.mindpulse.net\/?s={search_term_string}"},"query-input":"required name=search_term_string"}],"inLanguage":"en-GB"},{"@type":"Organization","@id":"https:\/\/itsbrain.mindpulse.net\/#organization","name":"itsbrain","url":"https:\/\/itsbrain.mindpulse.net\/","logo":{"@type":"ImageObject","inLanguage":"en-GB","@id":"https:\/\/itsbrain.mindpulse.net\/#\/schema\/logo\/image\/","url":"https:\/\/itsbrain.mindpulse.net\/wp-content\/uploads\/2021\/07\/cropped-Logo_MP_1bold.png","contentUrl":"https:\/\/itsbrain.mindpulse.net\/wp-content\/uploads\/2021\/07\/cropped-Logo_MP_1bold.png","width":512,"height":512,"caption":"itsbrain"},"image":{"@id":"https:\/\/itsbrain.mindpulse.net\/#\/schema\/logo\/image\/"},"sameAs":["https:\/\/www.facebook.com\/Mindpulse.fr\/","https:\/\/www.linkedin.com\/company\/mindpulse-fr\/"]}]}},"jetpack_sharing_enabled":true,"_links":{"self":[{"href":"https:\/\/itsbrain.mindpulse.net\/en\/wp-json\/wp\/v2\/pages\/5691","targetHints":{"allow":["GET"]}}],"collection":[{"href":"https:\/\/itsbrain.mindpulse.net\/en\/wp-json\/wp\/v2\/pages"}],"about":[{"href":"https:\/\/itsbrain.mindpulse.net\/en\/wp-json\/wp\/v2\/types\/page"}],"author":[{"embeddable":true,"href":"https:\/\/itsbrain.mindpulse.net\/en\/wp-json\/wp\/v2\/users\/1"}],"replies":[{"embeddable":true,"href":"https:\/\/itsbrain.mindpulse.net\/en\/wp-json\/wp\/v2\/comments?post=5691"}],"version-history":[{"count":9,"href":"https:\/\/itsbrain.mindpulse.net\/en\/wp-json\/wp\/v2\/pages\/5691\/revisions"}],"predecessor-version":[{"id":5725,"href":"https:\/\/itsbrain.mindpulse.net\/en\/wp-json\/wp\/v2\/pages\/5691\/revisions\/5725"}],"wp:attachment":[{"href":"https:\/\/itsbrain.mindpulse.net\/en\/wp-json\/wp\/v2\/media?parent=5691"}],"curies":[{"name":"wp","href":"https:\/\/api.w.org\/{rel}","templated":true}]}}