{"id":6409,"date":"2024-06-17T11:06:56","date_gmt":"2024-06-17T09:06:56","guid":{"rendered":"https:\/\/itsbrain.mindpulse.net\/?page_id=6409"},"modified":"2024-06-24T09:26:56","modified_gmt":"2024-06-24T07:26:56","slug":"jnpn_2024","status":"publish","type":"page","link":"https:\/\/itsbrain.mindpulse.net\/en\/jnpn_2024\/","title":{"rendered":"JNPN_2024"},"content":{"rendered":"<p>[et_pb_section fb_built=\u00a0\u00bb1&Prime; _builder_version=\u00a0\u00bb4.24.0&Prime; _module_preset=\u00a0\u00bbdefault\u00a0\u00bb custom_margin=\u00a0\u00bb-1px|||||\u00a0\u00bb custom_padding=\u00a0\u00bb50px|||||\u00a0\u00bb top_divider_style=\u00a0\u00bbarrow2&Prime; top_divider_color=\u00a0\u00bb#151E66&Prime; global_colors_info=\u00a0\u00bb{}\u00a0\u00bb][et_pb_row _builder_version=\u00a0\u00bb4.16&Prime; _module_preset=\u00a0\u00bbdefault\u00a0\u00bb custom_margin=\u00a0\u00bb94px|auto||auto||\u00a0\u00bb custom_padding=\u00a0\u00bb29px|||||\u00a0\u00bb global_colors_info=\u00a0\u00bb{}\u00a0\u00bb][et_pb_column type=\u00a0\u00bb4_4&Prime; _builder_version=\u00a0\u00bb4.16&Prime; _module_preset=\u00a0\u00bbdefault\u00a0\u00bb global_colors_info=\u00a0\u00bb{}\u00a0\u00bb][et_pb_text _builder_version=\u00a0\u00bb4.24.0&Prime; _module_preset=\u00a0\u00bbdefault\u00a0\u00bb header_4_font=\u00a0\u00bb|300|||||||\u00a0\u00bb header_4_text_align=\u00a0\u00bbcenter\u00a0\u00bb header_4_text_color=\u00a0\u00bb#151E66&Prime; header_4_font_size=\u00a0\u00bb22px\u00a0\u00bb header_4_line_height=\u00a0\u00bb1.4em\u00a0\u00bb header_5_text_align=\u00a0\u00bbjustify\u00a0\u00bb header_5_text_color=\u00a0\u00bb#151E66&Prime; header_5_font_size=\u00a0\u00bb22px\u00a0\u00bb header_5_line_height=\u00a0\u00bb1.2em\u00a0\u00bb global_colors_info=\u00a0\u00bb{}\u00a0\u00bb]<\/p>\n<h1 style=\"text-align: center;\" class=\" translation-block\">Artificial Intelligence &amp; Digital Innovation in a Test Measuring Executive Functions and Adaptation Quality: Calibration, Elementary Decomposition of Decision-Making, and Dynamic Adaptation Profiles through AI.<\/h1>\n<p>[\/et_pb_text][\/et_pb_column][\/et_pb_row][et_pb_row _builder_version=\u00a0\u00bb4.16&Prime; _module_preset=\u00a0\u00bbdefault\u00a0\u00bb global_colors_info=\u00a0\u00bb{}\u00a0\u00bb][et_pb_column type=\u00a0\u00bb4_4&Prime; _builder_version=\u00a0\u00bb4.16&Prime; _module_preset=\u00a0\u00bbdefault\u00a0\u00bb global_colors_info=\u00a0\u00bb{}\u00a0\u00bb][et_pb_text _builder_version=\u00a0\u00bb4.25.2&Prime; _module_preset=\u00a0\u00bbdefault\u00a0\u00bb text_text_color=\u00a0\u00bb#151E66&Prime; text_line_height=\u00a0\u00bb1.2em\u00a0\u00bb text_orientation=\u00a0\u00bbcenter\u00a0\u00bb custom_margin=\u00a0\u00bb||61px|||\u00a0\u00bb global_colors_info=\u00a0\u00bb{}\u00a0\u00bb]<\/p>\n<p><span>S. Suarez, <\/span><span>C. <\/span><span>Mennetrey<\/span><span>, S. <\/span><span>Hirle\u0300s<\/span><span>, B. <\/span><span>Eynard<\/span><span><\/span><\/p>\n<p>Contact\u00a0:\u00a0<span style=\"font-size: 14px;\">sandra.suarez@itsbrain.fr<\/span><\/p>\n<p>[\/et_pb_text][\/et_pb_column][\/et_pb_row][et_pb_row column_structure=\u00a0\u00bb2_5,3_5&Prime; _builder_version=\u00a0\u00bb4.25.2&Prime; _module_preset=\u00a0\u00bbdefault\u00a0\u00bb custom_padding=\u00a0\u00bb29px|||||\u00a0\u00bb global_colors_info=\u00a0\u00bb{}\u00a0\u00bb][et_pb_column type=\u00a0\u00bb2_5&Prime; _builder_version=\u00a0\u00bb4.25.2&Prime; _module_preset=\u00a0\u00bbdefault\u00a0\u00bb vertical_offset=\u00a0\u00bb75px\u00a0\u00bb global_colors_info=\u00a0\u00bb{}\u00a0\u00bb][et_pb_image src=\u00a0\u00bbhttps:\/\/itsbrain.mindpulse.net\/wp-content\/uploads\/2023\/07\/image-70.png\u00a0\u00bb title_text=\u00a0\u00bbimage (70)\u00a0\u00bb _builder_version=\u00a0\u00bb4.25.2&Prime; _module_preset=\u00a0\u00bbdefault\u00a0\u00bb width=\u00a0\u00bb82%\u00a0\u00bb module_alignment=\u00a0\u00bbcenter\u00a0\u00bb custom_margin=\u00a0\u00bb0px|||||\u00a0\u00bb global_colors_info=\u00a0\u00bb{}\u00a0\u00bb][\/et_pb_image][\/et_pb_column][et_pb_column type=\u00a0\u00bb3_5&Prime; _builder_version=\u00a0\u00bb4.24.2&Prime; _module_preset=\u00a0\u00bbdefault\u00a0\u00bb global_colors_info=\u00a0\u00bb{}\u00a0\u00bb][et_pb_text _builder_version=\u00a0\u00bb4.25.2&Prime; _module_preset=\u00a0\u00bbdefault\u00a0\u00bb global_colors_info=\u00a0\u00bb{}\u00a0\u00bb]<\/p>\n<p><span style=\"font-size: medium; color: #151e66;\">Discover our latest commented presentation, available to listen to directly on this page. <\/span><\/p>\n<p><span style=\"font-size: medium; color: #151e66;\">This PowerPoint, presented at the Neuroscience, Psychiatry &amp; Neurology Days (JNPN 2024), explores the advancements of our research, including precise calibration, elemental decomposition of decision-making, and dynamic analysis of adaptation profiles using AI.<\/span><\/p>\n<p><span style=\"font-size: medium; color: #151e66;\">We present an innovative approach that combines cutting-edge techniques to offer a deep understanding of individuals' cognitive abilities and adaptation mechanisms.<\/span><\/p>\n<p>Keys Words: neurosciences; AI; DDM; Cognition<\/p>\n<p>[\/et_pb_text][\/et_pb_column][\/et_pb_row][et_pb_row column_structure=\u00a0\u00bb1_5,3_5,1_5&Prime; module_id=\u00a0\u00bbtaVNS\u00a0\u00bb _builder_version=\u00a0\u00bb4.24.2&Prime; _module_preset=\u00a0\u00bbdefault\u00a0\u00bb global_colors_info=\u00a0\u00bb{}\u00a0\u00bb][et_pb_column type=\u00a0\u00bb1_5&Prime; _builder_version=\u00a0\u00bb4.24.2&Prime; _module_preset=\u00a0\u00bbdefault\u00a0\u00bb global_colors_info=\u00a0\u00bb{}\u00a0\u00bb][\/et_pb_column][et_pb_column type=\u00a0\u00bb3_5&Prime; _builder_version=\u00a0\u00bb4.24.2&Prime; _module_preset=\u00a0\u00bbdefault\u00a0\u00bb global_colors_info=\u00a0\u00bb{}\u00a0\u00bb][et_pb_text _builder_version=\u00a0\u00bb4.25.2&Prime; _module_preset=\u00a0\u00bbdefault\u00a0\u00bb text_font=\u00a0\u00bb||||||||\u00a0\u00bb background_color=\u00a0\u00bb#f7e39b\u00a0\u00bb custom_padding=\u00a0\u00bb5px|10px|5px|10px|false|false\u00a0\u00bb border_radii=\u00a0\u00bbon|10px|10px|10px|10px\u00a0\u00bb border_width_all=\u00a0\u00bb2px\u00a0\u00bb border_color_all=\u00a0\u00bb#F7C918&Prime; box_shadow_style=\u00a0\u00bbpreset4&Prime; box_shadow_color=\u00a0\u00bbrgba(247,226,190,0.6)\u00a0\u00bb global_colors_info=\u00a0\u00bb{}\u00a0\u00bb]<\/p>\n<p style=\"text-align: center;\"><span style=\"color: #151e66; font-size: medium;\">Start the video with sound on to discover the presentation \u2935\ufe0e<\/span><\/p>\n<p>[\/et_pb_text][\/et_pb_column][et_pb_column type=\u00a0\u00bb1_5&Prime; _builder_version=\u00a0\u00bb4.24.2&Prime; _module_preset=\u00a0\u00bbdefault\u00a0\u00bb global_colors_info=\u00a0\u00bb{}\u00a0\u00bb][\/et_pb_column][\/et_pb_row][et_pb_row column_structure=\u00a0\u00bb1_2,1_2&Prime; _builder_version=\u00a0\u00bb4.25.2&Prime; _module_preset=\u00a0\u00bbdefault\u00a0\u00bb background_color=\u00a0\u00bbRGBA(255,255,255,0)\u00a0\u00bb global_colors_info=\u00a0\u00bb{}\u00a0\u00bb][et_pb_column type=\u00a0\u00bb1_2&Prime; _builder_version=\u00a0\u00bb4.25.2&Prime; _module_preset=\u00a0\u00bbdefault\u00a0\u00bb background_color=\u00a0\u00bbRGBA(255,255,255,0)\u00a0\u00bb global_colors_info=\u00a0\u00bb{}\u00a0\u00bb][et_pb_text _builder_version=\u00a0\u00bb4.25.2&Prime; _module_preset=\u00a0\u00bbdefault\u00a0\u00bb global_colors_info=\u00a0\u00bb{}\u00a0\u00bb]<\/p>\n<p style=\"text-align: center;\"><span style=\"font-size: large; color: #151e66;\">In French<\/span><\/p>\n<p>[\/et_pb_text][et_pb_video src_webm=\u00a0\u00bbhttps:\/\/itsbrain.mindpulse.net\/wp-content\/uploads\/2024\/06\/V3_MindPulse_Poster_Commente_JNPN2024.mp4&Prime; _builder_version=\u00a0\u00bb4.25.2&Prime; _module_preset=\u00a0\u00bbdefault\u00a0\u00bb hover_enabled=\u00a0\u00bb0&Prime; global_colors_info=\u00a0\u00bb{}\u00a0\u00bb title_text=\u00a0\u00bbV3_MindPulse_Poster_Commente_JNPN2024&Prime; sticky_enabled=\u00a0\u00bb0&Prime;][\/et_pb_video][\/et_pb_column][et_pb_column type=\u00a0\u00bb1_2&Prime; _builder_version=\u00a0\u00bb4.25.2&Prime; _module_preset=\u00a0\u00bbdefault\u00a0\u00bb global_colors_info=\u00a0\u00bb{}\u00a0\u00bb][et_pb_text _builder_version=\u00a0\u00bb4.25.2&Prime; _module_preset=\u00a0\u00bbdefault\u00a0\u00bb global_colors_info=\u00a0\u00bb{}\u00a0\u00bb]<\/p>\n<p style=\"text-align: center;\"><span style=\"font-size: large; color: #151e66;\">In English<\/span><\/p>\n<p>[\/et_pb_text][et_pb_video src_webm=\u00a0\u00bbhttps:\/\/itsbrain.mindpulse.net\/wp-content\/uploads\/2024\/06\/English_MindPulse_Poster_Comment_JNPN2024-1.mp4&Prime; _builder_version=\u00a0\u00bb4.25.2&Prime; _module_preset=\u00a0\u00bbdefault\u00a0\u00bb hover_enabled=\u00a0\u00bb0&Prime; global_colors_info=\u00a0\u00bb{}\u00a0\u00bb title_text=\u00a0\u00bbEnglish_MindPulse_Poster_Comment_JNPN2024&Prime; sticky_enabled=\u00a0\u00bb0&Prime;][\/et_pb_video][\/et_pb_column][\/et_pb_row][et_pb_row _builder_version=\u00a0\u00bb4.25.2&Prime; _module_preset=\u00a0\u00bbdefault\u00a0\u00bb global_colors_info=\u00a0\u00bb{}\u00a0\u00bb][et_pb_column type=\u00a0\u00bb4_4&Prime; _builder_version=\u00a0\u00bb4.25.2&Prime; _module_preset=\u00a0\u00bbdefault\u00a0\u00bb background_color=\u00a0\u00bb#151E66&Prime; global_colors_info=\u00a0\u00bb{}\u00a0\u00bb][\/et_pb_column][\/et_pb_row][\/et_pb_section]<\/p>","protected":false},"excerpt":{"rendered":"<p>Intelligence Artificielle &amp; Innovation num\u00e9rique dans un test mesurant les capacit\u00e9s ex\u00e9cutives et la qualit\u00e9 de l\u2019adaptation : \u00e9talonnage, d\u00e9composition \u00e9l\u00e9mentaire de la prise de d\u00e9cision et profils d\u2019adaptation dynamique par IA.S. Suarez, C. Mennetrey, S. Hirle\u0300s, B. Eynard Contact\u00a0:\u00a0sandra.suarez@itsbrain.frD\u00e9couvrez notre toute derni\u00e8re pr\u00e9sentation comment\u00e9e, \u00e0 \u00e9couter directement sur cette page. Ce PowerPoint, pr\u00e9sent\u00e9 aux [&hellip;]<\/p>","protected":false},"author":1,"featured_media":0,"parent":0,"menu_order":0,"comment_status":"closed","ping_status":"closed","template":"","meta":{"_et_pb_use_builder":"on","_et_pb_old_content":"","_et_gb_content_width":"","_monsterinsights_skip_tracking":false,"_monsterinsights_sitenote_active":false,"_monsterinsights_sitenote_note":"","_monsterinsights_sitenote_category":0,"footnotes":""},"class_list":["post-6409","page","type-page","status-publish","hentry"],"yoast_head":"<!-- This site is optimized with the Yoast SEO plugin v23.3 - https:\/\/yoast.com\/wordpress\/plugins\/seo\/ -->\n<title>JNPN_2024 - itsbrain<\/title>\n<meta name=\"robots\" content=\"index, follow, max-snippet:-1, max-image-preview:large, max-video-preview:-1\" \/>\n<link rel=\"canonical\" href=\"https:\/\/itsbrain.mindpulse.net\/en\/jnpn_2024\/\" \/>\n<meta property=\"og:locale\" content=\"en_GB\" \/>\n<meta property=\"og:type\" content=\"article\" \/>\n<meta property=\"og:title\" content=\"JNPN_2024 - itsbrain\" \/>\n<meta property=\"og:description\" content=\"Intelligence Artificielle &amp; Innovation num\u00e9rique dans un test mesurant les capacit\u00e9s ex\u00e9cutives et la qualit\u00e9 de l\u2019adaptation : \u00e9talonnage, d\u00e9composition \u00e9l\u00e9mentaire de la prise de d\u00e9cision et profils d\u2019adaptation dynamique par IA.S. Suarez, C. Mennetrey, S. Hirle\u0300s, B. Eynard Contact\u00a0:\u00a0sandra.suarez@itsbrain.frD\u00e9couvrez notre toute derni\u00e8re pr\u00e9sentation comment\u00e9e, \u00e0 \u00e9couter directement sur cette page. Ce PowerPoint, pr\u00e9sent\u00e9 aux [&hellip;]\" \/>\n<meta property=\"og:url\" content=\"https:\/\/itsbrain.mindpulse.net\/en\/jnpn_2024\/\" \/>\n<meta property=\"og:site_name\" content=\"itsbrain\" \/>\n<meta property=\"article:publisher\" content=\"https:\/\/www.facebook.com\/Mindpulse.fr\/\" \/>\n<meta property=\"article:modified_time\" content=\"2024-06-24T07:26:56+00:00\" \/>\n<meta name=\"twitter:card\" content=\"summary_large_image\" \/>\n<script type=\"application\/ld+json\" class=\"yoast-schema-graph\">{\"@context\":\"https:\/\/schema.org\",\"@graph\":[{\"@type\":\"WebPage\",\"@id\":\"https:\/\/itsbrain.mindpulse.net\/jnpn_2024\/\",\"url\":\"https:\/\/itsbrain.mindpulse.net\/jnpn_2024\/\",\"name\":\"JNPN_2024 - itsbrain\",\"isPartOf\":{\"@id\":\"https:\/\/itsbrain.mindpulse.net\/#website\"},\"datePublished\":\"2024-06-17T09:06:56+00:00\",\"dateModified\":\"2024-06-24T07:26:56+00:00\",\"breadcrumb\":{\"@id\":\"https:\/\/itsbrain.mindpulse.net\/jnpn_2024\/#breadcrumb\"},\"inLanguage\":\"en-GB\",\"potentialAction\":[{\"@type\":\"ReadAction\",\"target\":[\"https:\/\/itsbrain.mindpulse.net\/jnpn_2024\/\"]}]},{\"@type\":\"BreadcrumbList\",\"@id\":\"https:\/\/itsbrain.mindpulse.net\/jnpn_2024\/#breadcrumb\",\"itemListElement\":[{\"@type\":\"ListItem\",\"position\":1,\"name\":\"Home\",\"item\":\"https:\/\/itsbrain.mindpulse.net\/\"},{\"@type\":\"ListItem\",\"position\":2,\"name\":\"JNPN_2024\"}]},{\"@type\":\"WebSite\",\"@id\":\"https:\/\/itsbrain.mindpulse.net\/#website\",\"url\":\"https:\/\/itsbrain.mindpulse.net\/\",\"name\":\"itsbrain\",\"description\":\"\",\"publisher\":{\"@id\":\"https:\/\/itsbrain.mindpulse.net\/#organization\"},\"potentialAction\":[{\"@type\":\"SearchAction\",\"target\":{\"@type\":\"EntryPoint\",\"urlTemplate\":\"https:\/\/itsbrain.mindpulse.net\/?s={search_term_string}\"},\"query-input\":\"required name=search_term_string\"}],\"inLanguage\":\"en-GB\"},{\"@type\":\"Organization\",\"@id\":\"https:\/\/itsbrain.mindpulse.net\/#organization\",\"name\":\"itsbrain\",\"url\":\"https:\/\/itsbrain.mindpulse.net\/\",\"logo\":{\"@type\":\"ImageObject\",\"inLanguage\":\"en-GB\",\"@id\":\"https:\/\/itsbrain.mindpulse.net\/#\/schema\/logo\/image\/\",\"url\":\"https:\/\/itsbrain.mindpulse.net\/wp-content\/uploads\/2021\/07\/cropped-Logo_MP_1bold.png\",\"contentUrl\":\"https:\/\/itsbrain.mindpulse.net\/wp-content\/uploads\/2021\/07\/cropped-Logo_MP_1bold.png\",\"width\":512,\"height\":512,\"caption\":\"itsbrain\"},\"image\":{\"@id\":\"https:\/\/itsbrain.mindpulse.net\/#\/schema\/logo\/image\/\"},\"sameAs\":[\"https:\/\/www.facebook.com\/Mindpulse.fr\/\",\"https:\/\/www.linkedin.com\/company\/mindpulse-fr\/\"]}]}<\/script>\n<!-- \/ Yoast SEO plugin. -->","yoast_head_json":{"title":"JNPN_2024 - itsbrain","robots":{"index":"index","follow":"follow","max-snippet":"max-snippet:-1","max-image-preview":"max-image-preview:large","max-video-preview":"max-video-preview:-1"},"canonical":"https:\/\/itsbrain.mindpulse.net\/en\/jnpn_2024\/","og_locale":"en_GB","og_type":"article","og_title":"JNPN_2024 - itsbrain","og_description":"Intelligence Artificielle &amp; Innovation num\u00e9rique dans un test mesurant les capacit\u00e9s ex\u00e9cutives et la qualit\u00e9 de l\u2019adaptation : \u00e9talonnage, d\u00e9composition \u00e9l\u00e9mentaire de la prise de d\u00e9cision et profils d\u2019adaptation dynamique par IA.S. Suarez, C. Mennetrey, S. Hirle\u0300s, B. Eynard Contact\u00a0:\u00a0sandra.suarez@itsbrain.frD\u00e9couvrez notre toute derni\u00e8re pr\u00e9sentation comment\u00e9e, \u00e0 \u00e9couter directement sur cette page. Ce PowerPoint, pr\u00e9sent\u00e9 aux [&hellip;]","og_url":"https:\/\/itsbrain.mindpulse.net\/en\/jnpn_2024\/","og_site_name":"itsbrain","article_publisher":"https:\/\/www.facebook.com\/Mindpulse.fr\/","article_modified_time":"2024-06-24T07:26:56+00:00","twitter_card":"summary_large_image","schema":{"@context":"https:\/\/schema.org","@graph":[{"@type":"WebPage","@id":"https:\/\/itsbrain.mindpulse.net\/jnpn_2024\/","url":"https:\/\/itsbrain.mindpulse.net\/jnpn_2024\/","name":"JNPN_2024 - itsbrain","isPartOf":{"@id":"https:\/\/itsbrain.mindpulse.net\/#website"},"datePublished":"2024-06-17T09:06:56+00:00","dateModified":"2024-06-24T07:26:56+00:00","breadcrumb":{"@id":"https:\/\/itsbrain.mindpulse.net\/jnpn_2024\/#breadcrumb"},"inLanguage":"en-GB","potentialAction":[{"@type":"ReadAction","target":["https:\/\/itsbrain.mindpulse.net\/jnpn_2024\/"]}]},{"@type":"BreadcrumbList","@id":"https:\/\/itsbrain.mindpulse.net\/jnpn_2024\/#breadcrumb","itemListElement":[{"@type":"ListItem","position":1,"name":"Home","item":"https:\/\/itsbrain.mindpulse.net\/"},{"@type":"ListItem","position":2,"name":"JNPN_2024"}]},{"@type":"WebSite","@id":"https:\/\/itsbrain.mindpulse.net\/#website","url":"https:\/\/itsbrain.mindpulse.net\/","name":"itsbrain","description":"","publisher":{"@id":"https:\/\/itsbrain.mindpulse.net\/#organization"},"potentialAction":[{"@type":"SearchAction","target":{"@type":"EntryPoint","urlTemplate":"https:\/\/itsbrain.mindpulse.net\/?s={search_term_string}"},"query-input":"required name=search_term_string"}],"inLanguage":"en-GB"},{"@type":"Organization","@id":"https:\/\/itsbrain.mindpulse.net\/#organization","name":"itsbrain","url":"https:\/\/itsbrain.mindpulse.net\/","logo":{"@type":"ImageObject","inLanguage":"en-GB","@id":"https:\/\/itsbrain.mindpulse.net\/#\/schema\/logo\/image\/","url":"https:\/\/itsbrain.mindpulse.net\/wp-content\/uploads\/2021\/07\/cropped-Logo_MP_1bold.png","contentUrl":"https:\/\/itsbrain.mindpulse.net\/wp-content\/uploads\/2021\/07\/cropped-Logo_MP_1bold.png","width":512,"height":512,"caption":"itsbrain"},"image":{"@id":"https:\/\/itsbrain.mindpulse.net\/#\/schema\/logo\/image\/"},"sameAs":["https:\/\/www.facebook.com\/Mindpulse.fr\/","https:\/\/www.linkedin.com\/company\/mindpulse-fr\/"]}]}},"jetpack_sharing_enabled":true,"_links":{"self":[{"href":"https:\/\/itsbrain.mindpulse.net\/en\/wp-json\/wp\/v2\/pages\/6409","targetHints":{"allow":["GET"]}}],"collection":[{"href":"https:\/\/itsbrain.mindpulse.net\/en\/wp-json\/wp\/v2\/pages"}],"about":[{"href":"https:\/\/itsbrain.mindpulse.net\/en\/wp-json\/wp\/v2\/types\/page"}],"author":[{"embeddable":true,"href":"https:\/\/itsbrain.mindpulse.net\/en\/wp-json\/wp\/v2\/users\/1"}],"replies":[{"embeddable":true,"href":"https:\/\/itsbrain.mindpulse.net\/en\/wp-json\/wp\/v2\/comments?post=6409"}],"version-history":[{"count":6,"href":"https:\/\/itsbrain.mindpulse.net\/en\/wp-json\/wp\/v2\/pages\/6409\/revisions"}],"predecessor-version":[{"id":6435,"href":"https:\/\/itsbrain.mindpulse.net\/en\/wp-json\/wp\/v2\/pages\/6409\/revisions\/6435"}],"wp:attachment":[{"href":"https:\/\/itsbrain.mindpulse.net\/en\/wp-json\/wp\/v2\/media?parent=6409"}],"curies":[{"name":"wp","href":"https:\/\/api.w.org\/{rel}","templated":true}]}}