{"id":6487,"date":"2024-09-09T15:22:04","date_gmt":"2024-09-09T13:22:04","guid":{"rendered":"https:\/\/itsbrain.mindpulse.net\/?page_id=6487"},"modified":"2024-09-09T16:20:26","modified_gmt":"2024-09-09T14:20:26","slug":"lost_at_sea","status":"publish","type":"page","link":"https:\/\/itsbrain.mindpulse.net\/en\/lost_at_sea\/","title":{"rendered":"Lost at sea"},"content":{"rendered":"<p>[et_pb_section fb_built=\u00a0\u00bb1&Prime; _builder_version=\u00a0\u00bb4.24.0&Prime; _module_preset=\u00a0\u00bbdefault\u00a0\u00bb custom_margin=\u00a0\u00bb-1px|||||\u00a0\u00bb custom_padding=\u00a0\u00bb50px|||||\u00a0\u00bb top_divider_style=\u00a0\u00bbarrow2&Prime; top_divider_color=\u00a0\u00bb#151E66&Prime; global_colors_info=\u00a0\u00bb{}\u00a0\u00bb][et_pb_row _builder_version=\u00a0\u00bb4.16&Prime; _module_preset=\u00a0\u00bbdefault\u00a0\u00bb custom_margin=\u00a0\u00bb94px|auto||auto||\u00a0\u00bb custom_padding=\u00a0\u00bb29px|||||\u00a0\u00bb global_colors_info=\u00a0\u00bb{}\u00a0\u00bb][et_pb_column type=\u00a0\u00bb4_4&Prime; _builder_version=\u00a0\u00bb4.16&Prime; _module_preset=\u00a0\u00bbdefault\u00a0\u00bb global_colors_info=\u00a0\u00bb{}\u00a0\u00bb][et_pb_text _builder_version=\u00a0\u00bb4.24.0&Prime; _module_preset=\u00a0\u00bbdefault\u00a0\u00bb header_4_font=\u00a0\u00bb|300|||||||\u00a0\u00bb header_4_text_align=\u00a0\u00bbcenter\u00a0\u00bb header_4_text_color=\u00a0\u00bb#151E66&Prime; header_4_font_size=\u00a0\u00bb22px\u00a0\u00bb header_4_line_height=\u00a0\u00bb1.4em\u00a0\u00bb header_5_text_align=\u00a0\u00bbjustify\u00a0\u00bb header_5_text_color=\u00a0\u00bb#151E66&Prime; header_5_font_size=\u00a0\u00bb22px\u00a0\u00bb header_5_line_height=\u00a0\u00bb1.2em\u00a0\u00bb global_colors_info=\u00a0\u00bb{}\u00a0\u00bb]<\/p>\n<h1 style=\"text-align: center;\"><span style=\"color: #151e66;\"><span>Lost at sea: Impact of an ocean survival experience on psychological,\nphysiological and cognitive abilities (RAD\u2019LO\u02c6)<\/span><\/span><\/h1>\n<p>[\/et_pb_text][\/et_pb_column][\/et_pb_row][et_pb_row _builder_version=\u00a0\u00bb4.16&Prime; _module_preset=\u00a0\u00bbdefault\u00a0\u00bb global_colors_info=\u00a0\u00bb{}\u00a0\u00bb][et_pb_column type=\u00a0\u00bb4_4&Prime; _builder_version=\u00a0\u00bb4.16&Prime; _module_preset=\u00a0\u00bbdefault\u00a0\u00bb global_colors_info=\u00a0\u00bb{}\u00a0\u00bb][et_pb_text _builder_version=\u00a0\u00bb4.16&Prime; _module_preset=\u00a0\u00bbdefault\u00a0\u00bb text_text_color=\u00a0\u00bb#151E66&Prime; text_line_height=\u00a0\u00bb1.2em\u00a0\u00bb text_orientation=\u00a0\u00bbcenter\u00a0\u00bb custom_margin=\u00a0\u00bb||61px|||\u00a0\u00bb global_colors_info=\u00a0\u00bb{}\u00a0\u00bb]<\/p>\n<p>Le Roy, B., Martin-Krumm, C., Poupon, C., Rouquet, C., Trouve C., Jego, C. , Giaume, L., &amp; Trousselard, M.<\/p>\n<p>Contact\u00a0:\u00a0<span style=\"font-size: 14px;\">barbara.m.le.roy@gmail.com<\/span><\/p>\n<p>[\/et_pb_text][et_pb_text _builder_version=\u00a0\u00bb4.16&Prime; _module_preset=\u00a0\u00bbdefault\u00a0\u00bb text_font=\u00a0\u00bb|300|||||||\u00a0\u00bb text_text_color=\u00a0\u00bb#151E66&Prime; custom_margin=\u00a0\u00bb||-17px|||\u00a0\u00bb link_option_url_new_window=\u00a0\u00bbon\u00a0\u00bb global_colors_info=\u00a0\u00bb{}\u00a0\u00bb]<\/p>\n<p><strong>Abstract of the article published 08\/28\/2024 in <a href=\"https:\/\/www.frontiersin.org\/articles\/10.3389\/fnins.2021.650219\/full\" target=\"_blank\" rel=\"noopener\">European Journal of Trauma &amp; Dissociation<\/a><\/strong><\/p>\n<p>[\/et_pb_text][\/et_pb_column][\/et_pb_row][et_pb_row column_structure=\u00a0\u00bb1_2,1_2&Prime; _builder_version=\u00a0\u00bb4.24.2&Prime; _module_preset=\u00a0\u00bbdefault\u00a0\u00bb custom_padding=\u00a0\u00bb29px|||||\u00a0\u00bb global_colors_info=\u00a0\u00bb{}\u00a0\u00bb][et_pb_column type=\u00a0\u00bb1_2&Prime; _builder_version=\u00a0\u00bb4.24.2&Prime; _module_preset=\u00a0\u00bbdefault\u00a0\u00bb global_colors_info=\u00a0\u00bb{}\u00a0\u00bb][et_pb_image src=\u00a0\u00bbhttps:\/\/itsbrain.mindpulse.net\/wp-content\/uploads\/2024\/09\/bermuda-triangle-with-mystical-neon-scaled.jpg\u00a0\u00bb title_text=\u00a0\u00bbbermuda-triangle-with-mystical-neon\u00a0\u00bb _builder_version=\u00a0\u00bb4.27.0&Prime; _module_preset=\u00a0\u00bbdefault\u00a0\u00bb width=\u00a0\u00bb82%\u00a0\u00bb module_alignment=\u00a0\u00bbcenter\u00a0\u00bb custom_margin=\u00a0\u00bb0px|||||\u00a0\u00bb global_colors_info=\u00a0\u00bb{}\u00a0\u00bb][\/et_pb_image][\/et_pb_column][et_pb_column type=\u00a0\u00bb1_2&Prime; _builder_version=\u00a0\u00bb4.24.2&Prime; _module_preset=\u00a0\u00bbdefault\u00a0\u00bb global_colors_info=\u00a0\u00bb{}\u00a0\u00bb][et_pb_text _builder_version=\u00a0\u00bb4.24.2&Prime; _module_preset=\u00a0\u00bbdefault\u00a0\u00bb custom_padding=\u00a0\u00bb61px|||||\u00a0\u00bb global_colors_info=\u00a0\u00bb{}\u00a0\u00bb]<\/p>\n<p style=\"text-align: justify;\"><span style=\"color: #151e66; font-size: medium;\"><span>Survival in an extreme environment places high physiological and cognitive demands on the individual. These environments are characterized by specific stimuli, including unusual sensory stimulation and uncertainty, which induce intense stress. <br \/><\/span><\/span><\/p>\n<p style=\"text-align: justify;\"><span style=\"color: #151e66; font-size: medium;\"><span>Thus, the aims of this study are: i) to evaluate the impact of a five-day survival at sea simulation on human adaptive capacities, based on the assessment of psychological, cognitive, physiological, and sensorial measures; and ii) to assess recovery. <\/span><\/span><\/p>\n<p>[\/et_pb_text][et_pb_text _builder_version=\u00a0\u00bb4.16&Prime; _module_preset=\u00a0\u00bbdefault\u00a0\u00bb text_font=\u00a0\u00bb|300|||||||\u00a0\u00bb text_text_color=\u00a0\u00bb#151E66&Prime; text_orientation=\u00a0\u00bbjustified\u00a0\u00bb global_colors_info=\u00a0\u00bb{}\u00a0\u00bb]<\/p>\n<p><span style=\"font-size: medium;\"><strong>Method<\/strong> : <span>Twenty-one healthy participants were enrolled in a 5-day simu- lation onboard a lifeboat or an inflatable raft. Psychological, physiological, sensory, and cognitive measurements were recorded before leaving (baseline), at the end of the experiment (post) and during the week that followed (recovery). <\/span><\/span><\/p>\n<p>[\/et_pb_text][\/et_pb_column][\/et_pb_row][et_pb_row _builder_version=\u00a0\u00bb4.24.2&Prime; _module_preset=\u00a0\u00bbdefault\u00a0\u00bb global_colors_info=\u00a0\u00bb{}\u00a0\u00bb][et_pb_column type=\u00a0\u00bb4_4&Prime; _builder_version=\u00a0\u00bb4.16&Prime; _module_preset=\u00a0\u00bbdefault\u00a0\u00bb global_colors_info=\u00a0\u00bb{}\u00a0\u00bb][et_pb_text _builder_version=\u00a0\u00bb4.24.2&Prime; _module_preset=\u00a0\u00bbdefault\u00a0\u00bb text_font=\u00a0\u00bb|300|||||||\u00a0\u00bb global_colors_info=\u00a0\u00bb{}\u00a0\u00bb]<\/p>\n<p style=\"text-align: justify;\"><span style=\"font-size: medium; color: #151e66;\"><strong>Results<\/strong> : <span>Our results are unequivocal. The harshness of the environment affected the majority of the organ- ism\u2019s responses. On the cognitive level, measured by Mindpulse, performance significantly deteriorated. On the psychological level, there was low mood, a decrease in subjective exteroceptive acuity and sleep disorders, increased energy, and less perceived stress. On the physiological level, a decline was recorded with respect to autonomous nervous system measurements. On the sensory level, we observed a state of hypervigilance and hypersensitivity to stimuli from the external environment. Proprioception was deeply impacted. Moreover, at recovery, many individuals did not fully recover or deteriorated further, especially regarding sleep, interoceptive abilities and sensory distortion. It appears that participants entered a state of psychological hibernation, associated with increased physical and cognitive load, and sensory hypervigilance. <\/span><\/span><\/p>\n<p>[\/et_pb_text][\/et_pb_column][\/et_pb_row][et_pb_row _builder_version=\u00a0\u00bb4.24.2&Prime; _module_preset=\u00a0\u00bbdefault\u00a0\u00bb global_colors_info=\u00a0\u00bb{}\u00a0\u00bb][et_pb_column type=\u00a0\u00bb4_4&Prime; _builder_version=\u00a0\u00bb4.24.2&Prime; _module_preset=\u00a0\u00bbdefault\u00a0\u00bb global_colors_info=\u00a0\u00bb{}\u00a0\u00bb][et_pb_text _builder_version=\u00a0\u00bb4.24.2&Prime; _module_preset=\u00a0\u00bbdefault\u00a0\u00bb global_colors_info=\u00a0\u00bb{}\u00a0\u00bb]<\/p>\n<p style=\"text-align: justify;\"><span style=\"font-size: medium; color: #151e66;\"><strong>Conclusion<\/strong> : <span>These results raise the question of the risks that may be incurred during future long-term space missions, as astronauts will have to maintain their cognitive performance at a high level to be able to respond to environmental demands and remain alive. It is essential to continue to explore countermeasures that will support adaptation in future spacecraft crew.<\/span><\/span><\/p>\n<p>[\/et_pb_text][\/et_pb_column][\/et_pb_row][et_pb_row _builder_version=\u00a0\u00bb4.16&Prime; _module_preset=\u00a0\u00bbdefault\u00a0\u00bb global_colors_info=\u00a0\u00bb{}\u00a0\u00bb][et_pb_column type=\u00a0\u00bb4_4&Prime; _builder_version=\u00a0\u00bb4.16&Prime; _module_preset=\u00a0\u00bbdefault\u00a0\u00bb global_colors_info=\u00a0\u00bb{}\u00a0\u00bb][et_pb_button button_url=\u00a0\u00bbhttps:\/\/www.sciencedirect.com\/science\/article\/pii\/S2468749924000759?via%3Dihub\u00a0\u00bb url_new_window=\u00a0\u00bbon\u00a0\u00bb button_text=\u00a0\u00bbLire l&rsquo;article en int\u00e9gralit\u00e9\u00a0\u00bb button_alignment=\u00a0\u00bbcenter\u00a0\u00bb _builder_version=\u00a0\u00bb4.27.0&Prime; _module_preset=\u00a0\u00bbdefault\u00a0\u00bb custom_button=\u00a0\u00bbon\u00a0\u00bb button_text_size=\u00a0\u00bb14px\u00a0\u00bb button_text_color=\u00a0\u00bb#151E66&Prime; global_colors_info=\u00a0\u00bb{}\u00a0\u00bb][\/et_pb_button][\/et_pb_column][\/et_pb_row][\/et_pb_section]<\/p>","protected":false},"excerpt":{"rendered":"<p>Perdus en mer : Impact d&rsquo;une exp\u00e9rience de survie en mer sur les capacit\u00e9s psychologiques, physiologiques et cognitives (RAD&rsquo;LO\u02c6)Le Roy, B., Martin-Krumm, C., Poupon, C., Rouquet, C., Trouve C., Jego, C. , Giaume, L., &amp; Trousselard, M. Contact\u00a0:\u00a0barbara.m.le.roy@gmail.comR\u00e9sum\u00e9 de l&rsquo;article publi\u00e9 le 28\/08\/2024 \u00a0dans European Journal of Trauma &amp; DissociationLa survie dans un environnement extr\u00eame [&hellip;]<\/p>","protected":false},"author":1,"featured_media":0,"parent":0,"menu_order":0,"comment_status":"closed","ping_status":"closed","template":"","meta":{"_et_pb_use_builder":"on","_et_pb_old_content":"","_et_gb_content_width":"","_monsterinsights_skip_tracking":false,"_monsterinsights_sitenote_active":false,"_monsterinsights_sitenote_note":"","_monsterinsights_sitenote_category":0,"footnotes":""},"class_list":["post-6487","page","type-page","status-publish","hentry"],"yoast_head":"<!-- This site is optimized with the Yoast SEO plugin v23.3 - https:\/\/yoast.com\/wordpress\/plugins\/seo\/ -->\n<title>Lost at sea - itsbrain<\/title>\n<meta name=\"robots\" content=\"index, follow, max-snippet:-1, max-image-preview:large, max-video-preview:-1\" \/>\n<link rel=\"canonical\" href=\"https:\/\/itsbrain.mindpulse.net\/en\/lost_at_sea\/\" \/>\n<meta property=\"og:locale\" content=\"en_GB\" \/>\n<meta property=\"og:type\" content=\"article\" \/>\n<meta property=\"og:title\" content=\"Lost at sea - itsbrain\" \/>\n<meta property=\"og:description\" content=\"Perdus en mer : Impact d&#039;une exp\u00e9rience de survie en mer sur les capacit\u00e9s psychologiques, physiologiques et cognitives (RAD&#039;LO\u02c6)Le Roy, B., Martin-Krumm, C., Poupon, C., Rouquet, C., Trouve C., Jego, C. , Giaume, L., &amp; Trousselard, M. Contact\u00a0:\u00a0barbara.m.le.roy@gmail.comR\u00e9sum\u00e9 de l&#039;article publi\u00e9 le 28\/08\/2024 \u00a0dans European Journal of Trauma &amp; DissociationLa survie dans un environnement extr\u00eame [&hellip;]\" \/>\n<meta property=\"og:url\" content=\"https:\/\/itsbrain.mindpulse.net\/en\/lost_at_sea\/\" \/>\n<meta property=\"og:site_name\" content=\"itsbrain\" \/>\n<meta property=\"article:publisher\" content=\"https:\/\/www.facebook.com\/Mindpulse.fr\/\" \/>\n<meta property=\"article:modified_time\" content=\"2024-09-09T14:20:26+00:00\" \/>\n<meta name=\"twitter:card\" content=\"summary_large_image\" \/>\n<script type=\"application\/ld+json\" class=\"yoast-schema-graph\">{\"@context\":\"https:\/\/schema.org\",\"@graph\":[{\"@type\":\"WebPage\",\"@id\":\"https:\/\/itsbrain.mindpulse.net\/lost_at_sea\/\",\"url\":\"https:\/\/itsbrain.mindpulse.net\/lost_at_sea\/\",\"name\":\"Lost at sea - itsbrain\",\"isPartOf\":{\"@id\":\"https:\/\/itsbrain.mindpulse.net\/#website\"},\"datePublished\":\"2024-09-09T13:22:04+00:00\",\"dateModified\":\"2024-09-09T14:20:26+00:00\",\"breadcrumb\":{\"@id\":\"https:\/\/itsbrain.mindpulse.net\/lost_at_sea\/#breadcrumb\"},\"inLanguage\":\"en-GB\",\"potentialAction\":[{\"@type\":\"ReadAction\",\"target\":[\"https:\/\/itsbrain.mindpulse.net\/lost_at_sea\/\"]}]},{\"@type\":\"BreadcrumbList\",\"@id\":\"https:\/\/itsbrain.mindpulse.net\/lost_at_sea\/#breadcrumb\",\"itemListElement\":[{\"@type\":\"ListItem\",\"position\":1,\"name\":\"Home\",\"item\":\"https:\/\/itsbrain.mindpulse.net\/\"},{\"@type\":\"ListItem\",\"position\":2,\"name\":\"Lost at sea\"}]},{\"@type\":\"WebSite\",\"@id\":\"https:\/\/itsbrain.mindpulse.net\/#website\",\"url\":\"https:\/\/itsbrain.mindpulse.net\/\",\"name\":\"itsbrain\",\"description\":\"\",\"publisher\":{\"@id\":\"https:\/\/itsbrain.mindpulse.net\/#organization\"},\"potentialAction\":[{\"@type\":\"SearchAction\",\"target\":{\"@type\":\"EntryPoint\",\"urlTemplate\":\"https:\/\/itsbrain.mindpulse.net\/?s={search_term_string}\"},\"query-input\":\"required name=search_term_string\"}],\"inLanguage\":\"en-GB\"},{\"@type\":\"Organization\",\"@id\":\"https:\/\/itsbrain.mindpulse.net\/#organization\",\"name\":\"itsbrain\",\"url\":\"https:\/\/itsbrain.mindpulse.net\/\",\"logo\":{\"@type\":\"ImageObject\",\"inLanguage\":\"en-GB\",\"@id\":\"https:\/\/itsbrain.mindpulse.net\/#\/schema\/logo\/image\/\",\"url\":\"https:\/\/itsbrain.mindpulse.net\/wp-content\/uploads\/2021\/07\/cropped-Logo_MP_1bold.png\",\"contentUrl\":\"https:\/\/itsbrain.mindpulse.net\/wp-content\/uploads\/2021\/07\/cropped-Logo_MP_1bold.png\",\"width\":512,\"height\":512,\"caption\":\"itsbrain\"},\"image\":{\"@id\":\"https:\/\/itsbrain.mindpulse.net\/#\/schema\/logo\/image\/\"},\"sameAs\":[\"https:\/\/www.facebook.com\/Mindpulse.fr\/\",\"https:\/\/www.linkedin.com\/company\/mindpulse-fr\/\"]}]}<\/script>\n<!-- \/ Yoast SEO plugin. -->","yoast_head_json":{"title":"Lost at sea - itsbrain","robots":{"index":"index","follow":"follow","max-snippet":"max-snippet:-1","max-image-preview":"max-image-preview:large","max-video-preview":"max-video-preview:-1"},"canonical":"https:\/\/itsbrain.mindpulse.net\/en\/lost_at_sea\/","og_locale":"en_GB","og_type":"article","og_title":"Lost at sea - itsbrain","og_description":"Perdus en mer : Impact d'une exp\u00e9rience de survie en mer sur les capacit\u00e9s psychologiques, physiologiques et cognitives (RAD'LO\u02c6)Le Roy, B., Martin-Krumm, C., Poupon, C., Rouquet, C., Trouve C., Jego, C. , Giaume, L., &amp; Trousselard, M. Contact\u00a0:\u00a0barbara.m.le.roy@gmail.comR\u00e9sum\u00e9 de l'article publi\u00e9 le 28\/08\/2024 \u00a0dans European Journal of Trauma &amp; DissociationLa survie dans un environnement extr\u00eame [&hellip;]","og_url":"https:\/\/itsbrain.mindpulse.net\/en\/lost_at_sea\/","og_site_name":"itsbrain","article_publisher":"https:\/\/www.facebook.com\/Mindpulse.fr\/","article_modified_time":"2024-09-09T14:20:26+00:00","twitter_card":"summary_large_image","schema":{"@context":"https:\/\/schema.org","@graph":[{"@type":"WebPage","@id":"https:\/\/itsbrain.mindpulse.net\/lost_at_sea\/","url":"https:\/\/itsbrain.mindpulse.net\/lost_at_sea\/","name":"Lost at sea - itsbrain","isPartOf":{"@id":"https:\/\/itsbrain.mindpulse.net\/#website"},"datePublished":"2024-09-09T13:22:04+00:00","dateModified":"2024-09-09T14:20:26+00:00","breadcrumb":{"@id":"https:\/\/itsbrain.mindpulse.net\/lost_at_sea\/#breadcrumb"},"inLanguage":"en-GB","potentialAction":[{"@type":"ReadAction","target":["https:\/\/itsbrain.mindpulse.net\/lost_at_sea\/"]}]},{"@type":"BreadcrumbList","@id":"https:\/\/itsbrain.mindpulse.net\/lost_at_sea\/#breadcrumb","itemListElement":[{"@type":"ListItem","position":1,"name":"Home","item":"https:\/\/itsbrain.mindpulse.net\/"},{"@type":"ListItem","position":2,"name":"Lost at sea"}]},{"@type":"WebSite","@id":"https:\/\/itsbrain.mindpulse.net\/#website","url":"https:\/\/itsbrain.mindpulse.net\/","name":"itsbrain","description":"","publisher":{"@id":"https:\/\/itsbrain.mindpulse.net\/#organization"},"potentialAction":[{"@type":"SearchAction","target":{"@type":"EntryPoint","urlTemplate":"https:\/\/itsbrain.mindpulse.net\/?s={search_term_string}"},"query-input":"required name=search_term_string"}],"inLanguage":"en-GB"},{"@type":"Organization","@id":"https:\/\/itsbrain.mindpulse.net\/#organization","name":"itsbrain","url":"https:\/\/itsbrain.mindpulse.net\/","logo":{"@type":"ImageObject","inLanguage":"en-GB","@id":"https:\/\/itsbrain.mindpulse.net\/#\/schema\/logo\/image\/","url":"https:\/\/itsbrain.mindpulse.net\/wp-content\/uploads\/2021\/07\/cropped-Logo_MP_1bold.png","contentUrl":"https:\/\/itsbrain.mindpulse.net\/wp-content\/uploads\/2021\/07\/cropped-Logo_MP_1bold.png","width":512,"height":512,"caption":"itsbrain"},"image":{"@id":"https:\/\/itsbrain.mindpulse.net\/#\/schema\/logo\/image\/"},"sameAs":["https:\/\/www.facebook.com\/Mindpulse.fr\/","https:\/\/www.linkedin.com\/company\/mindpulse-fr\/"]}]}},"jetpack_sharing_enabled":true,"_links":{"self":[{"href":"https:\/\/itsbrain.mindpulse.net\/en\/wp-json\/wp\/v2\/pages\/6487","targetHints":{"allow":["GET"]}}],"collection":[{"href":"https:\/\/itsbrain.mindpulse.net\/en\/wp-json\/wp\/v2\/pages"}],"about":[{"href":"https:\/\/itsbrain.mindpulse.net\/en\/wp-json\/wp\/v2\/types\/page"}],"author":[{"embeddable":true,"href":"https:\/\/itsbrain.mindpulse.net\/en\/wp-json\/wp\/v2\/users\/1"}],"replies":[{"embeddable":true,"href":"https:\/\/itsbrain.mindpulse.net\/en\/wp-json\/wp\/v2\/comments?post=6487"}],"version-history":[{"count":4,"href":"https:\/\/itsbrain.mindpulse.net\/en\/wp-json\/wp\/v2\/pages\/6487\/revisions"}],"predecessor-version":[{"id":6495,"href":"https:\/\/itsbrain.mindpulse.net\/en\/wp-json\/wp\/v2\/pages\/6487\/revisions\/6495"}],"wp:attachment":[{"href":"https:\/\/itsbrain.mindpulse.net\/en\/wp-json\/wp\/v2\/media?parent=6487"}],"curies":[{"name":"wp","href":"https:\/\/api.w.org\/{rel}","templated":true}]}}