{"id":7101,"date":"2026-02-18T15:47:29","date_gmt":"2026-02-18T14:47:29","guid":{"rendered":"https:\/\/itsbrain.mindpulse.net\/?page_id=7101"},"modified":"2026-02-18T15:47:38","modified_gmt":"2026-02-18T14:47:38","slug":"lettre-presidente","status":"publish","type":"page","link":"https:\/\/itsbrain.mindpulse.net\/en\/lettre-presidente\/","title":{"rendered":"Lettre Presidente"},"content":{"rendered":"<p>[et_pb_section fb_built=\u00a0\u00bb1&Prime; _builder_version=\u00a0\u00bb4.24.0&Prime; _module_preset=\u00a0\u00bbdefault\u00a0\u00bb custom_margin=\u00a0\u00bb-1px|||||\u00a0\u00bb custom_padding=\u00a0\u00bb50px|0px||||\u00a0\u00bb top_divider_style=\u00a0\u00bbarrow2&Prime; top_divider_color=\u00a0\u00bb#151E66&Prime; global_colors_info=\u00a0\u00bb{}\u00a0\u00bb theme_builder_area=\u00a0\u00bbpost_content\u00a0\u00bb][et_pb_row _builder_version=\u00a0\u00bb4.16&Prime; _module_preset=\u00a0\u00bbdefault\u00a0\u00bb custom_margin=\u00a0\u00bb94px|auto||auto||\u00a0\u00bb custom_padding=\u00a0\u00bb56px|||||\u00a0\u00bb global_colors_info=\u00a0\u00bb{}\u00a0\u00bb theme_builder_area=\u00a0\u00bbpost_content\u00a0\u00bb][et_pb_column type=\u00a0\u00bb4_4&Prime; _builder_version=\u00a0\u00bb4.16&Prime; _module_preset=\u00a0\u00bbdefault\u00a0\u00bb global_colors_info=\u00a0\u00bb{}\u00a0\u00bb theme_builder_area=\u00a0\u00bbpost_content\u00a0\u00bb][et_pb_text _builder_version=\u00a0\u00bb4.24.0&Prime; _module_preset=\u00a0\u00bbdefault\u00a0\u00bb header_4_font=\u00a0\u00bb|300|||||||\u00a0\u00bb header_4_text_align=\u00a0\u00bbcenter\u00a0\u00bb header_4_text_color=\u00a0\u00bb#151E66&Prime; header_4_font_size=\u00a0\u00bb22px\u00a0\u00bb header_4_line_height=\u00a0\u00bb1.4em\u00a0\u00bb header_5_text_align=\u00a0\u00bbjustify\u00a0\u00bb header_5_text_color=\u00a0\u00bb#151E66&Prime; header_5_font_size=\u00a0\u00bb22px\u00a0\u00bb header_5_line_height=\u00a0\u00bb1.2em\u00a0\u00bb global_colors_info=\u00a0\u00bb{}\u00a0\u00bb theme_builder_area=\u00a0\u00bbpost_content\u00a0\u00bb]<\/p>\n<h1 style=\"text-align: center;\"><span style=\"color: #151e66;\">Lettre de la Pr\u00e9sidente\u00a0<\/span><\/h1>\n<p><span style=\"color: #151e66;\"><\/span><\/p>\n<p>[\/et_pb_text][\/et_pb_column][\/et_pb_row][et_pb_row _builder_version=\u00a0\u00bb4.16&Prime; _module_preset=\u00a0\u00bbdefault\u00a0\u00bb custom_padding=\u00a0\u00bb0px|||||\u00a0\u00bb global_colors_info=\u00a0\u00bb{}\u00a0\u00bb theme_builder_area=\u00a0\u00bbpost_content\u00a0\u00bb][et_pb_column type=\u00a0\u00bb4_4&Prime; _builder_version=\u00a0\u00bb4.16&Prime; _module_preset=\u00a0\u00bbdefault\u00a0\u00bb global_colors_info=\u00a0\u00bb{}\u00a0\u00bb theme_builder_area=\u00a0\u00bbpost_content\u00a0\u00bb][et_pb_text _builder_version=\u00a0\u00bb4.24.1&Prime; _module_preset=\u00a0\u00bbdefault\u00a0\u00bb text_font=\u00a0\u00bb|300|||||||\u00a0\u00bb text_text_color=\u00a0\u00bb#151E66&Prime; text_orientation=\u00a0\u00bbjustified\u00a0\u00bb global_colors_info=\u00a0\u00bb{}\u00a0\u00bb theme_builder_area=\u00a0\u00bbpost_content\u00a0\u00bb]<\/p>\n<div>\n<div>\n<p class=\"Textbody\">Chers coll\u00e8gues, cliniciens, chercheurs et passionn\u00e9s,<\/p>\n<p><o:p><\/o:p><\/p>\n<\/div>\n<p class=\"Textbody\"><b><span><br \/>J\u2019ai l\u2019immense tristesse de vous annoncer que la soci\u00e9t\u00e9 IT\u2019S BRAIN\/MindPulse a \u00e9t\u00e9 plac\u00e9e en liquidation judiciaire.<\/span><\/b><\/p>\n<p>Si nous avons r\u00e9ussi \u00e0 porter la recherche et l\u2019innovation au plus haut niveau pour r\u00e9pondre aux d\u00e9fis de la cognition humaine, nous n&rsquo;avons malheureusement pas pu (ou su) transformer cet \u00e9lan scientifique en un succ\u00e8s commercial p\u00e9renne, jusqu\u2019\u00e0 la cessation de paiement.<\/p>\n<p><o:p><\/o:p><\/p>\n<\/div>\n<div>\n<p class=\"Textbody\">L&rsquo;interruption d\u00e9finitive du service aura lieu \u00e0 la fin de ce mois. \u00c0 cette date, le site ne sera plus accessible.<o:p><\/o:p><\/p>\n<\/div>\n<div>\n<p class=\"Textbody\">\u26a0\ufe0f <b>ALERTE \u2013 Action urgente pour les utilisateurs<\/b> \u26a0\ufe0f : Je vous demande de bien vouloir enregistrer et exporter la totalit\u00e9 de vos comptes rendus au format PDF d\u00e8s \u00e0 pr\u00e9sent. Apr\u00e8s la fermeture du site, aucune r\u00e9cup\u00e9ration de donn\u00e9es ne sera possible. Vous perdrez l\u2019acc\u00e8s \u00e0 votre compte MindPulse et tous vos cr\u00e9dits de comptes rendus non utilis\u00e9s.<\/p>\n<p><o:p><\/o:p><\/p>\n<\/div>\n<div>\n<p class=\"Textbody\"><b>Je tiens \u00e0 exprimer ma gratitude la plus profonde \u00e0 la communaut\u00e9 des chercheurs et des cliniciens qui nous ont soutenus. <\/b>Merci tout particuli\u00e8rement aux neuropsychologues, \u00e0 l\u2019OFPN, au r\u00e9seau START, ainsi qu\u2019aux chercheurs de l\u2019IRBA, des h\u00f4pitaux, des universit\u00e9s, du CNRS, de l\u2019INSERM et des Hospices Civils de Lyon. Merci \u00e0 mes amis chercheurs et cliniciens au S\u00e9n\u00e9gal qui ont \u0153uvr\u00e9 pour qu\u2019il y ait enfin un outil d\u2019\u00e9valuation cognitive accessible au monde entier, sans biais culturels, ainsi qu\u2019\u00e0 tous les \u00e9tudiants. Nous avons fait un extraordinaire chemin ensemble.<\/p>\n<p><o:p><\/o:p><\/p>\n<\/div>\n<div>\n<p class=\"Textbody\"><b>Oui, j\u2019aurais aim\u00e9 que cet outil profond\u00e9ment international et interculturel continue d\u2019accompagner les cliniciens et chercheurs du monde entier<\/b>, notamment dans les pays du Sud. J\u2019aurais aim\u00e9 que l\u2019Arm\u00e9e fran\u00e7aise puisse continuer de disposer de cet outil de pointe pour \u00e9valuer les difficult\u00e9s d\u00e9cisionnelles fondamentales dans les missions de haute intensit\u00e9. J\u2019aurais aim\u00e9 continuer \u00e0 regarder le fonctionnement c\u00e9r\u00e9bral avec la technologie du 21e si\u00e8cle et que nous puissions finaliser nos travaux sur l\u2019intelligence artificielle, le \u00ab style adaptatif \u00bb individuel et le Decisional Diffusion Model (DDM). Ces avanc\u00e9es auraient pu fournir une compr\u00e9hension beaucoup plus profonde des patients ; elles visaient \u00e0 extraire des donn\u00e9es diagnostiques essentielles \u00e0 partir de corpus r\u00e9duits, tout en garantissant des mesures culturellement neutres, capables de distinguer fatigue, stress et atteinte neurologique profonde.<o:p><\/o:p><\/p>\n<\/div>\n<div>\n<p class=\"Textbody\">Je me suis battue au-del\u00e0 du raisonnable pendant cinq longues ann\u00e9es d\u2019entrepreneuriat. J\u2019ai rencontr\u00e9 des personnes formidables et je remercie encore Incuballiance pour m\u2019avoir appris \u00e0 entreprendre. J\u2019ai rencontr\u00e9 aussi des obstacles \u00e9puisants. Ma rigueur de chercheuse, que je voyais comme le socle solide d\u2019une technologie de confiance, a \u00e9t\u00e9 bl\u00e2m\u00e9e comme un frein dans cette jungle commerciale. La dimension entrepreneuriale et commerciale des hautes technologies scientifiques est un chemin qui reste \u00e0 am\u00e9liorer et, si certains obstacles sont in\u00e9vitables, ceux que j\u2019ai re\u00e7us en tant que femme dirigeante ne devraient plus faire partie de nos soci\u00e9t\u00e9s.<o:p><\/o:p><\/p>\n<\/div>\n<div>\n<p class=\"Textbody\"><b>J\u2019ai \u00e9chou\u00e9 et cela va vous l\u00e9ser aussi. Alors, \u00e0 vous tous, cliniciens et chercheurs qui nous ont fait confiance, je vous pr\u00e9sente mes excuses sinc\u00e8res pour cet \u00e9chec. <\/b>Je sais l\u2019impact que cela va avoir sur les petits cabinets cliniques qui ont investi dans cet outil, sur les chercheurs qui ont des travaux en cours, et j\u2019en suis effondr\u00e9e.<o:p><\/o:p><\/p>\n<\/div>\n<div>\n<p class=\"Textbody\"><b>Concernant l&rsquo;avenir des actifs : le logiciel du test MindPulse tel que commercialis\u00e9, ainsi que les 90 % des parts du brevet TIREX d\u00e9tenus par IT\u2019S BRAIN, vont \u00eatre vendus aux ench\u00e8res par la justice. ATTENTION : si certains d&rsquo;entre vous, ou vos institutions, souhaitent se porter acqu\u00e9reurs, merci de me le signaler rapidement. Je transmettrai vos noms au liquidateur judiciaire pour qu&rsquo;ils soient int\u00e9gr\u00e9s \u00e0 la liste des repreneurs potentiels.<\/b><o:p><\/o:p><\/p>\n<\/div>\n<div>\n<p class=\"Textbody\"><b>Continuit\u00e9 scientifique :<\/b> je conserve ma libert\u00e9 de collaborer aux articles scientifiques en cours. C\u2019est un engagement moral et totalement gratuit de ma part afin de ne pas laisser les jeunes chercheurs sans soutien alors qu\u2019ils ont besoin de ces publications pour leur avenir.<\/p>\n<p><o:p><\/o:p><\/p>\n<\/div>\n<div>\n<p class=\"Textbody\"><b>\u00c0 titre personnel, c\u2019est un moment tr\u00e8s difficile o\u00f9 je vois l\u2019\u0153uvre de 15 ans de recherches s\u2019effondrer<\/b>. Non, je ne sais pas encore ce que je ferai demain.<br \/>Pour toute correspondance personnelle, merci de d\u00e9sormais me joindre \u00e0 mon adresse : <a href=\"mailto:sv.suarez@gmail.com\"><span>sv.suarez@gmail.com<\/span><\/a><\/p>\n<p><o:p><\/o:p><\/p>\n<\/div>\n<div>\n<p class=\"Textbody\">Merci encore d&rsquo;avoir fait partie de cette aventure.<br \/>Sandra Suarez<o:p><\/o:p><\/p>\n<\/div>\n<p>[\/et_pb_text][\/et_pb_column][\/et_pb_row][\/et_pb_section]<\/p>","protected":false},"excerpt":{"rendered":"<p>Lettre de la Pr\u00e9sidente\u00a0 Chers coll\u00e8gues, cliniciens, chercheurs et passionn\u00e9s, J\u2019ai l\u2019immense tristesse de vous annoncer que la soci\u00e9t\u00e9 IT\u2019S BRAIN\/MindPulse a \u00e9t\u00e9 plac\u00e9e en liquidation judiciaire. Si nous avons r\u00e9ussi \u00e0 porter la recherche et l\u2019innovation au plus haut niveau pour r\u00e9pondre aux d\u00e9fis de la cognition humaine, nous n&rsquo;avons malheureusement pas pu (ou [&hellip;]<\/p>","protected":false},"author":1,"featured_media":0,"parent":0,"menu_order":0,"comment_status":"closed","ping_status":"closed","template":"","meta":{"_et_pb_use_builder":"on","_et_pb_old_content":"","_et_gb_content_width":"","_monsterinsights_skip_tracking":false,"_monsterinsights_sitenote_active":false,"_monsterinsights_sitenote_note":"","_monsterinsights_sitenote_category":0,"footnotes":""},"class_list":["post-7101","page","type-page","status-publish","hentry"],"yoast_head":"<!-- This site is optimized with the Yoast SEO plugin v23.3 - https:\/\/yoast.com\/wordpress\/plugins\/seo\/ -->\n<title>Lettre Presidente - itsbrain<\/title>\n<meta name=\"robots\" content=\"index, follow, max-snippet:-1, max-image-preview:large, max-video-preview:-1\" \/>\n<link rel=\"canonical\" href=\"https:\/\/itsbrain.mindpulse.net\/en\/lettre-presidente\/\" \/>\n<meta property=\"og:locale\" content=\"en_GB\" \/>\n<meta property=\"og:type\" content=\"article\" \/>\n<meta property=\"og:title\" content=\"Lettre Presidente - itsbrain\" \/>\n<meta property=\"og:description\" content=\"Lettre de la Pr\u00e9sidente\u00a0 Chers coll\u00e8gues, cliniciens, chercheurs et passionn\u00e9s, J\u2019ai l\u2019immense tristesse de vous annoncer que la soci\u00e9t\u00e9 IT\u2019S BRAIN\/MindPulse a \u00e9t\u00e9 plac\u00e9e en liquidation judiciaire. Si nous avons r\u00e9ussi \u00e0 porter la recherche et l\u2019innovation au plus haut niveau pour r\u00e9pondre aux d\u00e9fis de la cognition humaine, nous n&#039;avons malheureusement pas pu (ou [&hellip;]\" \/>\n<meta property=\"og:url\" content=\"https:\/\/itsbrain.mindpulse.net\/en\/lettre-presidente\/\" \/>\n<meta property=\"og:site_name\" content=\"itsbrain\" \/>\n<meta property=\"article:publisher\" content=\"https:\/\/www.facebook.com\/Mindpulse.fr\/\" \/>\n<meta property=\"article:modified_time\" content=\"2026-02-18T14:47:38+00:00\" \/>\n<meta name=\"twitter:card\" content=\"summary_large_image\" \/>\n<script type=\"application\/ld+json\" class=\"yoast-schema-graph\">{\"@context\":\"https:\/\/schema.org\",\"@graph\":[{\"@type\":\"WebPage\",\"@id\":\"https:\/\/itsbrain.mindpulse.net\/lettre-presidente\/\",\"url\":\"https:\/\/itsbrain.mindpulse.net\/lettre-presidente\/\",\"name\":\"Lettre Presidente - itsbrain\",\"isPartOf\":{\"@id\":\"https:\/\/itsbrain.mindpulse.net\/#website\"},\"datePublished\":\"2026-02-18T14:47:29+00:00\",\"dateModified\":\"2026-02-18T14:47:38+00:00\",\"breadcrumb\":{\"@id\":\"https:\/\/itsbrain.mindpulse.net\/lettre-presidente\/#breadcrumb\"},\"inLanguage\":\"en-GB\",\"potentialAction\":[{\"@type\":\"ReadAction\",\"target\":[\"https:\/\/itsbrain.mindpulse.net\/lettre-presidente\/\"]}]},{\"@type\":\"BreadcrumbList\",\"@id\":\"https:\/\/itsbrain.mindpulse.net\/lettre-presidente\/#breadcrumb\",\"itemListElement\":[{\"@type\":\"ListItem\",\"position\":1,\"name\":\"Home\",\"item\":\"https:\/\/itsbrain.mindpulse.net\/\"},{\"@type\":\"ListItem\",\"position\":2,\"name\":\"Lettre Presidente\"}]},{\"@type\":\"WebSite\",\"@id\":\"https:\/\/itsbrain.mindpulse.net\/#website\",\"url\":\"https:\/\/itsbrain.mindpulse.net\/\",\"name\":\"itsbrain\",\"description\":\"\",\"publisher\":{\"@id\":\"https:\/\/itsbrain.mindpulse.net\/#organization\"},\"potentialAction\":[{\"@type\":\"SearchAction\",\"target\":{\"@type\":\"EntryPoint\",\"urlTemplate\":\"https:\/\/itsbrain.mindpulse.net\/?s={search_term_string}\"},\"query-input\":\"required name=search_term_string\"}],\"inLanguage\":\"en-GB\"},{\"@type\":\"Organization\",\"@id\":\"https:\/\/itsbrain.mindpulse.net\/#organization\",\"name\":\"itsbrain\",\"url\":\"https:\/\/itsbrain.mindpulse.net\/\",\"logo\":{\"@type\":\"ImageObject\",\"inLanguage\":\"en-GB\",\"@id\":\"https:\/\/itsbrain.mindpulse.net\/#\/schema\/logo\/image\/\",\"url\":\"https:\/\/itsbrain.mindpulse.net\/wp-content\/uploads\/2021\/07\/cropped-Logo_MP_1bold.png\",\"contentUrl\":\"https:\/\/itsbrain.mindpulse.net\/wp-content\/uploads\/2021\/07\/cropped-Logo_MP_1bold.png\",\"width\":512,\"height\":512,\"caption\":\"itsbrain\"},\"image\":{\"@id\":\"https:\/\/itsbrain.mindpulse.net\/#\/schema\/logo\/image\/\"},\"sameAs\":[\"https:\/\/www.facebook.com\/Mindpulse.fr\/\",\"https:\/\/www.linkedin.com\/company\/mindpulse-fr\/\"]}]}<\/script>\n<!-- \/ Yoast SEO plugin. -->","yoast_head_json":{"title":"Lettre Presidente - itsbrain","robots":{"index":"index","follow":"follow","max-snippet":"max-snippet:-1","max-image-preview":"max-image-preview:large","max-video-preview":"max-video-preview:-1"},"canonical":"https:\/\/itsbrain.mindpulse.net\/en\/lettre-presidente\/","og_locale":"en_GB","og_type":"article","og_title":"Lettre Presidente - itsbrain","og_description":"Lettre de la Pr\u00e9sidente\u00a0 Chers coll\u00e8gues, cliniciens, chercheurs et passionn\u00e9s, J\u2019ai l\u2019immense tristesse de vous annoncer que la soci\u00e9t\u00e9 IT\u2019S BRAIN\/MindPulse a \u00e9t\u00e9 plac\u00e9e en liquidation judiciaire. Si nous avons r\u00e9ussi \u00e0 porter la recherche et l\u2019innovation au plus haut niveau pour r\u00e9pondre aux d\u00e9fis de la cognition humaine, nous n'avons malheureusement pas pu (ou [&hellip;]","og_url":"https:\/\/itsbrain.mindpulse.net\/en\/lettre-presidente\/","og_site_name":"itsbrain","article_publisher":"https:\/\/www.facebook.com\/Mindpulse.fr\/","article_modified_time":"2026-02-18T14:47:38+00:00","twitter_card":"summary_large_image","schema":{"@context":"https:\/\/schema.org","@graph":[{"@type":"WebPage","@id":"https:\/\/itsbrain.mindpulse.net\/lettre-presidente\/","url":"https:\/\/itsbrain.mindpulse.net\/lettre-presidente\/","name":"Lettre Presidente - itsbrain","isPartOf":{"@id":"https:\/\/itsbrain.mindpulse.net\/#website"},"datePublished":"2026-02-18T14:47:29+00:00","dateModified":"2026-02-18T14:47:38+00:00","breadcrumb":{"@id":"https:\/\/itsbrain.mindpulse.net\/lettre-presidente\/#breadcrumb"},"inLanguage":"en-GB","potentialAction":[{"@type":"ReadAction","target":["https:\/\/itsbrain.mindpulse.net\/lettre-presidente\/"]}]},{"@type":"BreadcrumbList","@id":"https:\/\/itsbrain.mindpulse.net\/lettre-presidente\/#breadcrumb","itemListElement":[{"@type":"ListItem","position":1,"name":"Home","item":"https:\/\/itsbrain.mindpulse.net\/"},{"@type":"ListItem","position":2,"name":"Lettre Presidente"}]},{"@type":"WebSite","@id":"https:\/\/itsbrain.mindpulse.net\/#website","url":"https:\/\/itsbrain.mindpulse.net\/","name":"itsbrain","description":"","publisher":{"@id":"https:\/\/itsbrain.mindpulse.net\/#organization"},"potentialAction":[{"@type":"SearchAction","target":{"@type":"EntryPoint","urlTemplate":"https:\/\/itsbrain.mindpulse.net\/?s={search_term_string}"},"query-input":"required name=search_term_string"}],"inLanguage":"en-GB"},{"@type":"Organization","@id":"https:\/\/itsbrain.mindpulse.net\/#organization","name":"itsbrain","url":"https:\/\/itsbrain.mindpulse.net\/","logo":{"@type":"ImageObject","inLanguage":"en-GB","@id":"https:\/\/itsbrain.mindpulse.net\/#\/schema\/logo\/image\/","url":"https:\/\/itsbrain.mindpulse.net\/wp-content\/uploads\/2021\/07\/cropped-Logo_MP_1bold.png","contentUrl":"https:\/\/itsbrain.mindpulse.net\/wp-content\/uploads\/2021\/07\/cropped-Logo_MP_1bold.png","width":512,"height":512,"caption":"itsbrain"},"image":{"@id":"https:\/\/itsbrain.mindpulse.net\/#\/schema\/logo\/image\/"},"sameAs":["https:\/\/www.facebook.com\/Mindpulse.fr\/","https:\/\/www.linkedin.com\/company\/mindpulse-fr\/"]}]}},"jetpack_sharing_enabled":true,"_links":{"self":[{"href":"https:\/\/itsbrain.mindpulse.net\/en\/wp-json\/wp\/v2\/pages\/7101","targetHints":{"allow":["GET"]}}],"collection":[{"href":"https:\/\/itsbrain.mindpulse.net\/en\/wp-json\/wp\/v2\/pages"}],"about":[{"href":"https:\/\/itsbrain.mindpulse.net\/en\/wp-json\/wp\/v2\/types\/page"}],"author":[{"embeddable":true,"href":"https:\/\/itsbrain.mindpulse.net\/en\/wp-json\/wp\/v2\/users\/1"}],"replies":[{"embeddable":true,"href":"https:\/\/itsbrain.mindpulse.net\/en\/wp-json\/wp\/v2\/comments?post=7101"}],"version-history":[{"count":5,"href":"https:\/\/itsbrain.mindpulse.net\/en\/wp-json\/wp\/v2\/pages\/7101\/revisions"}],"predecessor-version":[{"id":7107,"href":"https:\/\/itsbrain.mindpulse.net\/en\/wp-json\/wp\/v2\/pages\/7101\/revisions\/7107"}],"wp:attachment":[{"href":"https:\/\/itsbrain.mindpulse.net\/en\/wp-json\/wp\/v2\/media?parent=7101"}],"curies":[{"name":"wp","href":"https:\/\/api.w.org\/{rel}","templated":true}]}}