{"id":3932,"date":"2021-11-18T13:56:27","date_gmt":"2021-11-18T12:56:27","guid":{"rendered":"https:\/\/itsbrain.mindpulse.net\/?post_type=product&#038;p=3932"},"modified":"2025-10-16T18:59:29","modified_gmt":"2025-10-16T16:59:29","slug":"formation-mindpulse","status":"publish","type":"product","link":"https:\/\/itsbrain.mindpulse.net\/en\/product\/formation-mindpulse\/","title":{"rendered":"MindPulse Training"},"content":{"rendered":"<p>[et_pb_section fb_built=\u00a0\u00bb1&Prime; _builder_version=\u00a0\u00bb4.16&Prime; custom_padding=\u00a0\u00bb0px||||false|false\u00a0\u00bb global_colors_info=\u00a0\u00bb{}\u00a0\u00bb][et_pb_row _builder_version=\u00a0\u00bb4.16&Prime; background_size=\u00a0\u00bbinitial\u00a0\u00bb background_position=\u00a0\u00bbtop_left\u00a0\u00bb background_repeat=\u00a0\u00bbrepeat\u00a0\u00bb width=\u00a0\u00bb100%\u00a0\u00bb custom_padding=\u00a0\u00bb0px||0px||false|false\u00a0\u00bb global_colors_info=\u00a0\u00bb{}\u00a0\u00bb][et_pb_column type=\u00a0\u00bb4_4&Prime; _builder_version=\u00a0\u00bb4.16&Prime; custom_padding=\u00a0\u00bb|||\u00a0\u00bb global_colors_info=\u00a0\u00bb{}\u00a0\u00bb custom_padding__hover=\u00a0\u00bb|||\u00a0\u00bb][et_pb_wc_breadcrumb _builder_version=\u00a0\u00bb4.16&Prime; body_text_color=\u00a0\u00bb#151E66&Prime; global_colors_info=\u00a0\u00bb{}\u00a0\u00bb][\/et_pb_wc_breadcrumb][et_pb_wc_cart_notice _builder_version=\u00a0\u00bb4.16&Prime; title_font=\u00a0\u00bb|600|||||||\u00a0\u00bb title_text_color=\u00a0\u00bb#F74D5B\u00a0\u00bb title_font_size=\u00a0\u00bb20px\u00a0\u00bb background_color=\u00a0\u00bbRGBA(0,0,0,0)\u00a0\u00bb custom_button=\u00a0\u00bbon\u00a0\u00bb button_text_color=\u00a0\u00bb#FFFFFF\u00a0\u00bb button_bg_color=\u00a0\u00bb#151E66&Prime; button_border_radius=\u00a0\u00bb22px\u00a0\u00bb body_font=\u00a0\u00bb|600|||||||\u00a0\u00bb body_text_color=\u00a0\u00bb#F74D5B\u00a0\u00bb body_font_size=\u00a0\u00bb20px\u00a0\u00bb global_colors_info=\u00a0\u00bb{}\u00a0\u00bb][\/et_pb_wc_cart_notice][\/et_pb_column][\/et_pb_row][et_pb_row column_structure=\u00a0\u00bb1_2,1_2&Prime; _builder_version=\u00a0\u00bb4.16&Prime; background_size=\u00a0\u00bbinitial\u00a0\u00bb background_position=\u00a0\u00bbtop_left\u00a0\u00bb background_repeat=\u00a0\u00bbrepeat\u00a0\u00bb width=\u00a0\u00bb100%\u00a0\u00bb custom_padding=\u00a0\u00bb0px||||false|false\u00a0\u00bb collapsed=\u00a0\u00bbon\u00a0\u00bb global_colors_info=\u00a0\u00bb{}\u00a0\u00bb][et_pb_column type=\u00a0\u00bb1_2&Prime; _builder_version=\u00a0\u00bb4.16&Prime; custom_padding=\u00a0\u00bb|||\u00a0\u00bb global_colors_info=\u00a0\u00bb{}\u00a0\u00bb custom_padding__hover=\u00a0\u00bb|||\u00a0\u00bb][et_pb_wc_images _builder_version=\u00a0\u00bb4.16&Prime; global_colors_info=\u00a0\u00bb{}\u00a0\u00bb][\/et_pb_wc_images][\/et_pb_column][et_pb_column type=\u00a0\u00bb1_2&Prime; _builder_version=\u00a0\u00bb4.16&Prime; custom_padding=\u00a0\u00bb|||\u00a0\u00bb global_colors_info=\u00a0\u00bb{}\u00a0\u00bb custom_padding__hover=\u00a0\u00bb|||\u00a0\u00bb][et_pb_wc_title _builder_version=\u00a0\u00bb4.16&Prime; header_font=\u00a0\u00bb|600|||||||\u00a0\u00bb header_text_color=\u00a0\u00bb#151E66&Prime; global_colors_info=\u00a0\u00bb{}\u00a0\u00bb][\/et_pb_wc_title][et_pb_wc_rating _builder_version=\u00a0\u00bb4.16&Prime; rating_text_color=\u00a0\u00bb#F74D5B\u00a0\u00bb body_text_color=\u00a0\u00bb#151E66&Prime; global_colors_info=\u00a0\u00bb{}\u00a0\u00bb][\/et_pb_wc_rating][et_pb_wc_price _builder_version=\u00a0\u00bb4.16&Prime; body_text_color=\u00a0\u00bb#4F669C\u00a0\u00bb body_font_size=\u00a0\u00bb24px\u00a0\u00bb global_colors_info=\u00a0\u00bb{}\u00a0\u00bb][\/et_pb_wc_price][et_pb_wc_description _builder_version=\u00a0\u00bb4.16&Prime; body_text_color=\u00a0\u00bb#151E66&Prime; text_orientation=\u00a0\u00bbjustified\u00a0\u00bb global_colors_info=\u00a0\u00bb{}\u00a0\u00bb][\/et_pb_wc_description][et_pb_wc_add_to_cart _builder_version=\u00a0\u00bb4.16&Prime; fields_background_color=\u00a0\u00bb#151E66&Prime; fields_text_color=\u00a0\u00bb#FFFFFF\u00a0\u00bb dropdown_menus_background_color=\u00a0\u00bb#151E66&Prime; dropdown_menus_text_color=\u00a0\u00bb#FFFFFF\u00a0\u00bb dropdown_menus_focus_text_color=\u00a0\u00bb#FFFFFF\u00a0\u00bb field_label_text_color=\u00a0\u00bb#F74D5B\u00a0\u00bb dropdown_menus_font_size=\u00a0\u00bb14px\u00a0\u00bb custom_button=\u00a0\u00bbon\u00a0\u00bb button_text_size=\u00a0\u00bb16px\u00a0\u00bb button_text_color=\u00a0\u00bb#4F669C\u00a0\u00bb button_bg_color=\u00a0\u00bb#FFFFFF\u00a0\u00bb border_radii_fields=\u00a0\u00bbon|107px|107px|107px|107px\u00a0\u00bb body_text_color=\u00a0\u00bb#F74D5B\u00a0\u00bb global_colors_info=\u00a0\u00bb{}\u00a0\u00bb][\/et_pb_wc_add_to_cart][et_pb_text _builder_version=\u00a0\u00bb4.17.6&Prime; _module_preset=\u00a0\u00bbdefault\u00a0\u00bb text_font=\u00a0\u00bbPoppins||||||||\u00a0\u00bb text_text_color=\u00a0\u00bb#151E66&Prime; global_colors_info=\u00a0\u00bb{}\u00a0\u00bb]<\/p>\n<p>Proposer une date :<\/p>\n<p>[\/et_pb_text][et_pb_contact_form _builder_version=\u00a0\u00bb4.17.6&Prime; _module_preset=\u00a0\u00bbdefault\u00a0\u00bb _unique_id=\u00a0\u00bb4d804421-b8d9-4814-b6d6-62f04ed6a596&Prime; captcha_text_color=\u00a0\u00bb#151E66&Prime; custom_button=\u00a0\u00bbon\u00a0\u00bb button_text_color=\u00a0\u00bb#F74D5B\u00a0\u00bb global_colors_info=\u00a0\u00bb{}\u00a0\u00bb][et_pb_contact_field field_id=\u00a0\u00bbJJ\/_MM\/_AA\u00a0\u00bb field_title=\u00a0\u00bbJJ\/MM\/AA\u00a0\u00bb _builder_version=\u00a0\u00bb4.17.6&Prime; form_field_font=\u00a0\u00bbPoppins|500|||||||\u00a0\u00bb form_field_text_align=\u00a0\u00bbcenter\u00a0\u00bb global_colors_info=\u00a0\u00bb{}\u00a0\u00bb button_text_size__hover_enabled=\u00a0\u00bboff\u00a0\u00bb button_one_text_size__hover_enabled=\u00a0\u00bboff\u00a0\u00bb button_two_text_size__hover_enabled=\u00a0\u00bboff\u00a0\u00bb button_text_color__hover_enabled=\u00a0\u00bboff\u00a0\u00bb button_one_text_color__hover_enabled=\u00a0\u00bboff\u00a0\u00bb button_two_text_color__hover_enabled=\u00a0\u00bboff\u00a0\u00bb button_border_width__hover_enabled=\u00a0\u00bboff\u00a0\u00bb button_one_border_width__hover_enabled=\u00a0\u00bboff\u00a0\u00bb button_two_border_width__hover_enabled=\u00a0\u00bboff\u00a0\u00bb button_border_color__hover_enabled=\u00a0\u00bboff\u00a0\u00bb button_one_border_color__hover_enabled=\u00a0\u00bboff\u00a0\u00bb button_two_border_color__hover_enabled=\u00a0\u00bboff\u00a0\u00bb button_border_radius__hover_enabled=\u00a0\u00bboff\u00a0\u00bb button_one_border_radius__hover_enabled=\u00a0\u00bboff\u00a0\u00bb button_two_border_radius__hover_enabled=\u00a0\u00bboff\u00a0\u00bb button_letter_spacing__hover_enabled=\u00a0\u00bboff\u00a0\u00bb button_one_letter_spacing__hover_enabled=\u00a0\u00bboff\u00a0\u00bb button_two_letter_spacing__hover_enabled=\u00a0\u00bboff\u00a0\u00bb button_bg_color__hover_enabled=\u00a0\u00bboff\u00a0\u00bb button_one_bg_color__hover_enabled=\u00a0\u00bboff\u00a0\u00bb button_two_bg_color__hover_enabled=\u00a0\u00bboff\u00a0\u00bb][\/et_pb_contact_field][\/et_pb_contact_form][et_pb_wc_meta _builder_version=\u00a0\u00bb4.16&Prime; body_text_color=\u00a0\u00bb#151E66&Prime; global_colors_info=\u00a0\u00bb{}\u00a0\u00bb][\/et_pb_wc_meta][\/et_pb_column][\/et_pb_row][et_pb_row _builder_version=\u00a0\u00bb4.22.1&Prime; _module_preset=\u00a0\u00bbdefault\u00a0\u00bb global_colors_info=\u00a0\u00bb{}\u00a0\u00bb][et_pb_column type=\u00a0\u00bb4_4&Prime; _builder_version=\u00a0\u00bb4.22.1&Prime; _module_preset=\u00a0\u00bbdefault\u00a0\u00bb global_colors_info=\u00a0\u00bb{}\u00a0\u00bb][et_pb_text _builder_version=\u00a0\u00bb4.22.1&Prime; _module_preset=\u00a0\u00bbdefault\u00a0\u00bb global_colors_info=\u00a0\u00bb{}\u00a0\u00bb]<\/p>\n<p style=\"text-align: center;\"><span style=\"color: #f74d5b;\"><strong><span style=\"font-size: large;\">Get a 50% discount on the training when purchasing a minimum of 25 Reports in a bundle, using the code FORM50.<\/span><\/strong><\/span><\/p>\n<p>[\/et_pb_text][\/et_pb_column][\/et_pb_row][et_pb_row _builder_version=\u00a0\u00bb4.16&Prime; background_size=\u00a0\u00bbinitial\u00a0\u00bb background_position=\u00a0\u00bbtop_left\u00a0\u00bb background_repeat=\u00a0\u00bbrepeat\u00a0\u00bb width=\u00a0\u00bb100%\u00a0\u00bb global_colors_info=\u00a0\u00bb{}\u00a0\u00bb][et_pb_column type=\u00a0\u00bb4_4&Prime; _builder_version=\u00a0\u00bb4.16&Prime; custom_padding=\u00a0\u00bb|||\u00a0\u00bb global_colors_info=\u00a0\u00bb{}\u00a0\u00bb custom_padding__hover=\u00a0\u00bb|||\u00a0\u00bb][et_pb_wc_tabs active_tab_background_color=\u00a0\u00bb#151E66&Prime; inactive_tab_background_color=\u00a0\u00bb#FFFFFF\u00a0\u00bb active_tab_text_color=\u00a0\u00bb#FFFFFF\u00a0\u00bb _builder_version=\u00a0\u00bb4.16&Prime; tab_text_color=\u00a0\u00bb#151E66&Prime; body_text_color=\u00a0\u00bb#151E66&Prime; global_colors_info=\u00a0\u00bb{}\u00a0\u00bb]\t\t\t\t\t[\/et_pb_wc_tabs][et_pb_wc_upsells sale_badge_color=\u00a0\u00bbRGBA(0,0,0,0)\u00a0\u00bb _builder_version=\u00a0\u00bb4.16&Prime; title_text_color=\u00a0\u00bb#151E66&Prime; title_font_size=\u00a0\u00bb19px\u00a0\u00bb product_title_text_color=\u00a0\u00bb#4F669C\u00a0\u00bb price_text_color=\u00a0\u00bb#F74D5B\u00a0\u00bb sale_badge_font_size=\u00a0\u00bb0px\u00a0\u00bb width=\u00a0\u00bb60%\u00a0\u00bb global_colors_info=\u00a0\u00bb{}\u00a0\u00bb][\/et_pb_wc_upsells][et_pb_wc_related_products _builder_version=\u00a0\u00bb4.16&Prime; global_colors_info=\u00a0\u00bb{}\u00a0\u00bb][\/et_pb_wc_related_products][\/et_pb_column][\/et_pb_row][\/et_pb_section]<\/p>","protected":false},"excerpt":{"rendered":"<p>Due to your growing requests, our team has worked hard to offer you tailor-made training which meets your needs. Thus we offer you MindPulse training.<br \/>\nIn one complete day (7h), we will offer you everything you need to know about this 15 minute attentional and executive exploration tool.<\/p>","protected":false},"featured_media":3936,"template":"","meta":{"_et_pb_use_builder":"on","_et_pb_old_content":"Programme de la formation\r\n<ul>\r\n \t<li class=\"p-rich_text_section\">Rappel sur les fonctions ex\u00e9cutives et attentionnelles ainsi que sur la prise de d\u00e9cision fondamentale<\/li>\r\n \t<li class=\"p-rich_text_section\">V\u00e9rification et actualisation des connaissances et des id\u00e9es re\u00e7ues<\/li>\r\n \t<li class=\"p-rich_text_section\">Construction du MindPulse et compr\u00e9hension th\u00e9orique de l\u2019outil<\/li>\r\n \t<li class=\"p-rich_text_section\">Utilisation du logiciel<\/li>\r\n \t<li class=\"p-rich_text_section\">Prise en main du compte rendu et analyse des r\u00e9sultats<\/li>\r\n \t<li class=\"p-rich_text_section\">Interpr\u00e9tations et vignettes cliniques<\/li>\r\n \t<li class=\"p-rich_text_section\">Exercices pratiques<\/li>\r\n<\/ul>\r\n<div class=\"p-rich_text_section\">Moyens p\u00e9dagogiques mis en \u0153uvre\u00a0:<\/div>\r\n<ul>\r\n \t<li class=\"p-rich_text_section\">Supports de cours<\/li>\r\n \t<li class=\"p-rich_text_section\">Vignettes cliniques<\/li>\r\n \t<li class=\"p-rich_text_section\">Mises en situations pratiques<\/li>\r\n \t<li class=\"p-rich_text_section\">Quizz et questionnaires p\u00e9dagogiques<\/li>\r\n \t<li class=\"p-rich_text_section\">Supervision \u00e0 l\u2019issus de la formation via un groupe d\u2019\u00e9change d\u00e9di\u00e9<\/li>\r\n<\/ul>\r\n<div class=\"p-rich_text_section\">Modalit\u00e9s pratiques\u00a0:<\/div>\r\n<ul>\r\n \t<li class=\"p-rich_text_section\">Dur\u00e9e de la formation : 1 jour (9h-12h30 et 14h-17h30)<\/li>\r\n \t<li class=\"p-rich_text_section\">Formation en distanciel<\/li>\r\n<\/ul>","_et_gb_content_width":"","_monsterinsights_skip_tracking":false,"_monsterinsights_sitenote_active":false,"_monsterinsights_sitenote_note":"","_monsterinsights_sitenote_category":0},"product_cat":[20],"product_tag":[],"class_list":["post-3932","product","type-product","status-publish","has-post-thumbnail","hentry","product_cat-formation"],"yoast_head":"<!-- This site is optimized with the Yoast SEO plugin v23.3 - https:\/\/yoast.com\/wordpress\/plugins\/seo\/ -->\n<title>Formation MindPulse - Exploration Attentionnelle et Ex\u00e9cutive en 15 min<\/title>\n<meta name=\"description\" content=\"Inscrivez-vous \u00e0 notre formation, en une journ\u00e9e, nous vous proposons tout le n\u00e9cessaire pour prendre en main ce test neurocognitif digital\" \/>\n<meta name=\"robots\" content=\"index, follow, max-snippet:-1, max-image-preview:large, max-video-preview:-1\" \/>\n<link rel=\"canonical\" href=\"https:\/\/itsbrain.mindpulse.net\/en\/product\/formation-mindpulse\/\" \/>\n<meta property=\"og:locale\" content=\"en_GB\" \/>\n<meta property=\"og:type\" content=\"article\" \/>\n<meta property=\"og:title\" content=\"Formation MindPulse - Exploration Attentionnelle et Ex\u00e9cutive en 15 min\" \/>\n<meta property=\"og:description\" content=\"Inscrivez-vous \u00e0 notre formation, en une journ\u00e9e, nous vous proposons tout le n\u00e9cessaire pour prendre en main ce test neurocognitif digital\" \/>\n<meta property=\"og:url\" content=\"https:\/\/itsbrain.mindpulse.net\/en\/product\/formation-mindpulse\/\" \/>\n<meta property=\"og:site_name\" content=\"itsbrain\" \/>\n<meta property=\"article:publisher\" content=\"https:\/\/www.facebook.com\/Mindpulse.fr\/\" \/>\n<meta property=\"article:modified_time\" content=\"2025-10-16T16:59:29+00:00\" \/>\n<meta property=\"og:image\" content=\"https:\/\/itsbrain.mindpulse.net\/wp-content\/uploads\/2021\/11\/formation-mindpulse.jpg\" \/>\n\t<meta property=\"og:image:width\" content=\"2000\" \/>\n\t<meta property=\"og:image:height\" content=\"2500\" \/>\n\t<meta property=\"og:image:type\" content=\"image\/jpeg\" \/>\n<meta name=\"twitter:card\" content=\"summary_large_image\" \/>\n<meta name=\"twitter:label1\" content=\"Estimated reading time\" \/>\n\t<meta name=\"twitter:data1\" content=\"2 minutes\" \/>\n<script type=\"application\/ld+json\" class=\"yoast-schema-graph\">{\"@context\":\"https:\/\/schema.org\",\"@graph\":[{\"@type\":\"WebPage\",\"@id\":\"https:\/\/itsbrain.mindpulse.net\/product\/formation-mindpulse\/\",\"url\":\"https:\/\/itsbrain.mindpulse.net\/product\/formation-mindpulse\/\",\"name\":\"Formation MindPulse - Exploration Attentionnelle et Ex\u00e9cutive en 15 min\",\"isPartOf\":{\"@id\":\"https:\/\/itsbrain.mindpulse.net\/#website\"},\"primaryImageOfPage\":{\"@id\":\"https:\/\/itsbrain.mindpulse.net\/product\/formation-mindpulse\/#primaryimage\"},\"image\":{\"@id\":\"https:\/\/itsbrain.mindpulse.net\/product\/formation-mindpulse\/#primaryimage\"},\"thumbnailUrl\":\"https:\/\/itsbrain.mindpulse.net\/wp-content\/uploads\/2021\/11\/formation-mindpulse.jpg\",\"datePublished\":\"2021-11-18T12:56:27+00:00\",\"dateModified\":\"2025-10-16T16:59:29+00:00\",\"description\":\"Inscrivez-vous \u00e0 notre formation, en une journ\u00e9e, nous vous proposons tout le n\u00e9cessaire pour prendre en main ce test neurocognitif digital\",\"breadcrumb\":{\"@id\":\"https:\/\/itsbrain.mindpulse.net\/product\/formation-mindpulse\/#breadcrumb\"},\"inLanguage\":\"en-GB\",\"potentialAction\":[{\"@type\":\"ReadAction\",\"target\":[\"https:\/\/itsbrain.mindpulse.net\/product\/formation-mindpulse\/\"]}]},{\"@type\":\"ImageObject\",\"inLanguage\":\"en-GB\",\"@id\":\"https:\/\/itsbrain.mindpulse.net\/product\/formation-mindpulse\/#primaryimage\",\"url\":\"https:\/\/itsbrain.mindpulse.net\/wp-content\/uploads\/2021\/11\/formation-mindpulse.jpg\",\"contentUrl\":\"https:\/\/itsbrain.mindpulse.net\/wp-content\/uploads\/2021\/11\/formation-mindpulse.jpg\",\"width\":2000,\"height\":2500},{\"@type\":\"BreadcrumbList\",\"@id\":\"https:\/\/itsbrain.mindpulse.net\/product\/formation-mindpulse\/#breadcrumb\",\"itemListElement\":[{\"@type\":\"ListItem\",\"position\":1,\"name\":\"Home\",\"item\":\"https:\/\/itsbrain.mindpulse.net\/\"},{\"@type\":\"ListItem\",\"position\":2,\"name\":\"Produits\",\"item\":\"https:\/\/itsbrain.mindpulse.net\/shop\/\"},{\"@type\":\"ListItem\",\"position\":3,\"name\":\"Formation MindPulse\"}]},{\"@type\":\"WebSite\",\"@id\":\"https:\/\/itsbrain.mindpulse.net\/#website\",\"url\":\"https:\/\/itsbrain.mindpulse.net\/\",\"name\":\"itsbrain\",\"description\":\"\",\"publisher\":{\"@id\":\"https:\/\/itsbrain.mindpulse.net\/#organization\"},\"potentialAction\":[{\"@type\":\"SearchAction\",\"target\":{\"@type\":\"EntryPoint\",\"urlTemplate\":\"https:\/\/itsbrain.mindpulse.net\/?s={search_term_string}\"},\"query-input\":\"required name=search_term_string\"}],\"inLanguage\":\"en-GB\"},{\"@type\":\"Organization\",\"@id\":\"https:\/\/itsbrain.mindpulse.net\/#organization\",\"name\":\"itsbrain\",\"url\":\"https:\/\/itsbrain.mindpulse.net\/\",\"logo\":{\"@type\":\"ImageObject\",\"inLanguage\":\"en-GB\",\"@id\":\"https:\/\/itsbrain.mindpulse.net\/#\/schema\/logo\/image\/\",\"url\":\"https:\/\/itsbrain.mindpulse.net\/wp-content\/uploads\/2021\/07\/cropped-Logo_MP_1bold.png\",\"contentUrl\":\"https:\/\/itsbrain.mindpulse.net\/wp-content\/uploads\/2021\/07\/cropped-Logo_MP_1bold.png\",\"width\":512,\"height\":512,\"caption\":\"itsbrain\"},\"image\":{\"@id\":\"https:\/\/itsbrain.mindpulse.net\/#\/schema\/logo\/image\/\"},\"sameAs\":[\"https:\/\/www.facebook.com\/Mindpulse.fr\/\",\"https:\/\/www.linkedin.com\/company\/mindpulse-fr\/\"]}]}<\/script>\n<!-- \/ Yoast SEO plugin. -->","yoast_head_json":{"title":"Formation MindPulse - Exploration Attentionnelle et Ex\u00e9cutive en 15 min","description":"Inscrivez-vous \u00e0 notre formation, en une journ\u00e9e, nous vous proposons tout le n\u00e9cessaire pour prendre en main ce test neurocognitif digital","robots":{"index":"index","follow":"follow","max-snippet":"max-snippet:-1","max-image-preview":"max-image-preview:large","max-video-preview":"max-video-preview:-1"},"canonical":"https:\/\/itsbrain.mindpulse.net\/en\/product\/formation-mindpulse\/","og_locale":"en_GB","og_type":"article","og_title":"Formation MindPulse - Exploration Attentionnelle et Ex\u00e9cutive en 15 min","og_description":"Inscrivez-vous \u00e0 notre formation, en une journ\u00e9e, nous vous proposons tout le n\u00e9cessaire pour prendre en main ce test neurocognitif digital","og_url":"https:\/\/itsbrain.mindpulse.net\/en\/product\/formation-mindpulse\/","og_site_name":"itsbrain","article_publisher":"https:\/\/www.facebook.com\/Mindpulse.fr\/","article_modified_time":"2025-10-16T16:59:29+00:00","og_image":[{"width":2000,"height":2500,"url":"https:\/\/itsbrain.mindpulse.net\/wp-content\/uploads\/2021\/11\/formation-mindpulse.jpg","type":"image\/jpeg"}],"twitter_card":"summary_large_image","twitter_misc":{"Estimated reading time":"2 minutes"},"schema":{"@context":"https:\/\/schema.org","@graph":[{"@type":"WebPage","@id":"https:\/\/itsbrain.mindpulse.net\/product\/formation-mindpulse\/","url":"https:\/\/itsbrain.mindpulse.net\/product\/formation-mindpulse\/","name":"Formation MindPulse - Exploration Attentionnelle et Ex\u00e9cutive en 15 min","isPartOf":{"@id":"https:\/\/itsbrain.mindpulse.net\/#website"},"primaryImageOfPage":{"@id":"https:\/\/itsbrain.mindpulse.net\/product\/formation-mindpulse\/#primaryimage"},"image":{"@id":"https:\/\/itsbrain.mindpulse.net\/product\/formation-mindpulse\/#primaryimage"},"thumbnailUrl":"https:\/\/itsbrain.mindpulse.net\/wp-content\/uploads\/2021\/11\/formation-mindpulse.jpg","datePublished":"2021-11-18T12:56:27+00:00","dateModified":"2025-10-16T16:59:29+00:00","description":"Inscrivez-vous \u00e0 notre formation, en une journ\u00e9e, nous vous proposons tout le n\u00e9cessaire pour prendre en main ce test neurocognitif digital","breadcrumb":{"@id":"https:\/\/itsbrain.mindpulse.net\/product\/formation-mindpulse\/#breadcrumb"},"inLanguage":"en-GB","potentialAction":[{"@type":"ReadAction","target":["https:\/\/itsbrain.mindpulse.net\/product\/formation-mindpulse\/"]}]},{"@type":"ImageObject","inLanguage":"en-GB","@id":"https:\/\/itsbrain.mindpulse.net\/product\/formation-mindpulse\/#primaryimage","url":"https:\/\/itsbrain.mindpulse.net\/wp-content\/uploads\/2021\/11\/formation-mindpulse.jpg","contentUrl":"https:\/\/itsbrain.mindpulse.net\/wp-content\/uploads\/2021\/11\/formation-mindpulse.jpg","width":2000,"height":2500},{"@type":"BreadcrumbList","@id":"https:\/\/itsbrain.mindpulse.net\/product\/formation-mindpulse\/#breadcrumb","itemListElement":[{"@type":"ListItem","position":1,"name":"Home","item":"https:\/\/itsbrain.mindpulse.net\/"},{"@type":"ListItem","position":2,"name":"Produits","item":"https:\/\/itsbrain.mindpulse.net\/shop\/"},{"@type":"ListItem","position":3,"name":"Formation MindPulse"}]},{"@type":"WebSite","@id":"https:\/\/itsbrain.mindpulse.net\/#website","url":"https:\/\/itsbrain.mindpulse.net\/","name":"itsbrain","description":"","publisher":{"@id":"https:\/\/itsbrain.mindpulse.net\/#organization"},"potentialAction":[{"@type":"SearchAction","target":{"@type":"EntryPoint","urlTemplate":"https:\/\/itsbrain.mindpulse.net\/?s={search_term_string}"},"query-input":"required name=search_term_string"}],"inLanguage":"en-GB"},{"@type":"Organization","@id":"https:\/\/itsbrain.mindpulse.net\/#organization","name":"itsbrain","url":"https:\/\/itsbrain.mindpulse.net\/","logo":{"@type":"ImageObject","inLanguage":"en-GB","@id":"https:\/\/itsbrain.mindpulse.net\/#\/schema\/logo\/image\/","url":"https:\/\/itsbrain.mindpulse.net\/wp-content\/uploads\/2021\/07\/cropped-Logo_MP_1bold.png","contentUrl":"https:\/\/itsbrain.mindpulse.net\/wp-content\/uploads\/2021\/07\/cropped-Logo_MP_1bold.png","width":512,"height":512,"caption":"itsbrain"},"image":{"@id":"https:\/\/itsbrain.mindpulse.net\/#\/schema\/logo\/image\/"},"sameAs":["https:\/\/www.facebook.com\/Mindpulse.fr\/","https:\/\/www.linkedin.com\/company\/mindpulse-fr\/"]}]}},"jetpack_sharing_enabled":true,"_links":{"self":[{"href":"https:\/\/itsbrain.mindpulse.net\/en\/wp-json\/wp\/v2\/product\/3932","targetHints":{"allow":["GET"]}}],"collection":[{"href":"https:\/\/itsbrain.mindpulse.net\/en\/wp-json\/wp\/v2\/product"}],"about":[{"href":"https:\/\/itsbrain.mindpulse.net\/en\/wp-json\/wp\/v2\/types\/product"}],"wp:featuredmedia":[{"embeddable":true,"href":"https:\/\/itsbrain.mindpulse.net\/en\/wp-json\/wp\/v2\/media\/3936"}],"wp:attachment":[{"href":"https:\/\/itsbrain.mindpulse.net\/en\/wp-json\/wp\/v2\/media?parent=3932"}],"wp:term":[{"taxonomy":"product_cat","embeddable":true,"href":"https:\/\/itsbrain.mindpulse.net\/en\/wp-json\/wp\/v2\/product_cat?post=3932"},{"taxonomy":"product_tag","embeddable":true,"href":"https:\/\/itsbrain.mindpulse.net\/en\/wp-json\/wp\/v2\/product_tag?post=3932"}],"curies":[{"name":"wp","href":"https:\/\/api.w.org\/{rel}","templated":true}]}}