{"id":4701,"date":"2022-05-31T15:55:18","date_gmt":"2022-05-31T13:55:18","guid":{"rendered":"https:\/\/itsbrain.mindpulse.net\/?post_type=product&#038;p=4701"},"modified":"2022-06-05T13:50:45","modified_gmt":"2022-06-05T11:50:45","slug":"100-comptes-rendus","status":"publish","type":"product","link":"https:\/\/itsbrain.mindpulse.net\/en\/product\/100-comptes-rendus\/","title":{"rendered":"100 comptes rendus"},"content":{"rendered":"<p>[et_pb_section fb_built=\u00a0\u00bb1&Prime; _builder_version=\u00a0\u00bb4.16&Prime; custom_padding=\u00a0\u00bb0px||||false|false\u00a0\u00bb global_colors_info=\u00a0\u00bb{}\u00a0\u00bb][et_pb_row _builder_version=\u00a0\u00bb4.16&Prime; background_size=\u00a0\u00bbinitial\u00a0\u00bb background_position=\u00a0\u00bbtop_left\u00a0\u00bb background_repeat=\u00a0\u00bbrepeat\u00a0\u00bb width=\u00a0\u00bb100%\u00a0\u00bb custom_padding=\u00a0\u00bb0px||0px||false|false\u00a0\u00bb global_colors_info=\u00a0\u00bb{}\u00a0\u00bb][et_pb_column type=\u00a0\u00bb4_4&Prime; _builder_version=\u00a0\u00bb4.16&Prime; custom_padding=\u00a0\u00bb|||\u00a0\u00bb global_colors_info=\u00a0\u00bb{}\u00a0\u00bb custom_padding__hover=\u00a0\u00bb|||\u00a0\u00bb][et_pb_wc_breadcrumb _builder_version=\u00a0\u00bb4.17.4&Prime; body_text_color=\u00a0\u00bb#4F669C\u00a0\u00bb global_colors_info=\u00a0\u00bb{}\u00a0\u00bb][\/et_pb_wc_breadcrumb][et_pb_wc_cart_notice _builder_version=\u00a0\u00bb4.17.4&Prime; title_text_color=\u00a0\u00bb#FFFFFF\u00a0\u00bb content_text_color=\u00a0\u00bb#151E66&Prime; background_color=\u00a0\u00bb#151E66&Prime; custom_button=\u00a0\u00bbon\u00a0\u00bb button_text_color=\u00a0\u00bb#88B0D2&Prime; global_colors_info=\u00a0\u00bb{}\u00a0\u00bb][\/et_pb_wc_cart_notice][\/et_pb_column][\/et_pb_row][et_pb_row column_structure=\u00a0\u00bb1_2,1_2&Prime; _builder_version=\u00a0\u00bb4.16&Prime; background_size=\u00a0\u00bbinitial\u00a0\u00bb background_position=\u00a0\u00bbtop_left\u00a0\u00bb background_repeat=\u00a0\u00bbrepeat\u00a0\u00bb width=\u00a0\u00bb100%\u00a0\u00bb custom_padding=\u00a0\u00bb0px||||false|false\u00a0\u00bb global_colors_info=\u00a0\u00bb{}\u00a0\u00bb][et_pb_column type=\u00a0\u00bb1_2&Prime; _builder_version=\u00a0\u00bb4.16&Prime; custom_padding=\u00a0\u00bb|||\u00a0\u00bb global_colors_info=\u00a0\u00bb{}\u00a0\u00bb custom_padding__hover=\u00a0\u00bb|||\u00a0\u00bb][et_pb_wc_images _builder_version=\u00a0\u00bb4.17.4&Prime; custom_margin=\u00a0\u00bb0px|40px||40px|false|false\u00a0\u00bb global_colors_info=\u00a0\u00bb{}\u00a0\u00bb][\/et_pb_wc_images][\/et_pb_column][et_pb_column type=\u00a0\u00bb1_2&Prime; _builder_version=\u00a0\u00bb4.16&Prime; custom_padding=\u00a0\u00bb|||\u00a0\u00bb global_colors_info=\u00a0\u00bb{}\u00a0\u00bb custom_padding__hover=\u00a0\u00bb|||\u00a0\u00bb][et_pb_wc_title _builder_version=\u00a0\u00bb4.17.4&Prime; header_text_color=\u00a0\u00bb#151E66&Prime; custom_margin=\u00a0\u00bb||13px|||\u00a0\u00bb global_colors_info=\u00a0\u00bb{}\u00a0\u00bb][\/et_pb_wc_title][et_pb_wc_price _builder_version=\u00a0\u00bb4.17.4&Prime; body_text_color=\u00a0\u00bb#88B0D2&Prime; global_colors_info=\u00a0\u00bb{}\u00a0\u00bb][\/et_pb_wc_price][et_pb_wc_description _builder_version=\u00a0\u00bb4.17.4&Prime; body_text_color=\u00a0\u00bb#151E66&Prime; text_orientation=\u00a0\u00bbjustified\u00a0\u00bb global_colors_info=\u00a0\u00bb{}\u00a0\u00bb][\/et_pb_wc_description][et_pb_wc_add_to_cart _builder_version=\u00a0\u00bb4.17.4&Prime; field_label_text_color=\u00a0\u00bb#88B0D2&Prime; custom_button=\u00a0\u00bbon\u00a0\u00bb button_text_color=\u00a0\u00bb#FFFFFF\u00a0\u00bb button_bg_color=\u00a0\u00bb#88B0D2&Prime; button_border_color=\u00a0\u00bb#88B0D2&Prime; border_color_all=\u00a0\u00bb#88B0D2&Prime; global_colors_info=\u00a0\u00bb{}\u00a0\u00bb][\/et_pb_wc_add_to_cart][\/et_pb_column][\/et_pb_row][\/et_pb_section]<\/p>","protected":false},"excerpt":{"rendered":"<p>MindPulse is freely available for cognition clinicians. To consult the handover report, you have the choice between several batches of 10, 25, 50, 100 reports depending on your activity.<\/p>\n<p>The report is a PDF of 12 pages including 4 pages of briefing notes. It consists of a very meaningful summary graph and tables that detail each result obtained. Color codes (green, orange, red) draw attention to abnormal results. A manual, tutorials and training are available to facilitate readability and interpretation if necessary.<\/p>","protected":false},"featured_media":4711,"template":"","meta":{"_et_pb_use_builder":"on","_et_pb_old_content":"","_et_gb_content_width":"","_monsterinsights_skip_tracking":false,"_monsterinsights_sitenote_active":false,"_monsterinsights_sitenote_note":"","_monsterinsights_sitenote_category":0},"product_cat":[21],"product_tag":[],"class_list":["post-4701","product","type-product","status-publish","has-post-thumbnail","hentry","product_cat-mindpulse"],"yoast_head":"<!-- This site is optimized with the Yoast SEO plugin v23.3 - https:\/\/yoast.com\/wordpress\/plugins\/seo\/ -->\n<title>100 comptes rendus - itsbrain<\/title>\n<meta name=\"robots\" content=\"index, follow, max-snippet:-1, max-image-preview:large, max-video-preview:-1\" \/>\n<link rel=\"canonical\" href=\"https:\/\/itsbrain.mindpulse.net\/en\/product\/100-comptes-rendus\/\" \/>\n<meta property=\"og:locale\" content=\"en_GB\" \/>\n<meta property=\"og:type\" content=\"article\" \/>\n<meta property=\"og:title\" content=\"100 comptes rendus - itsbrain\" \/>\n<meta property=\"og:description\" content=\"MindPulse est en libre acc\u00e8s pour les cliniciens de la cognition. Pour consulter le compte rendu de la passation, vous avez le choix entre plusieurs lots de 10, 25, 50, 100 comptes rendus selon votre activit\u00e9.  Le compte rendu est un PDF de 12 pages dont 4 pages de notes d&#039;information. Il est constitu\u00e9 d&#039;un graphique r\u00e9capitulatif tr\u00e8s parlant et de tableaux qui d\u00e9taillent pr\u00e9cis\u00e9ment chaque r\u00e9sultat obtenu. Des codes couleurs (vert, orange, rouge) permettent d&#039;attirer l&#039;attention sur des r\u00e9sultats anormaux. Un manuel, des tutoriels et des formations sont disponibles pour faciliter la lisibilit\u00e9 et l&#039;interpr\u00e9tation si besoin.\" \/>\n<meta property=\"og:url\" content=\"https:\/\/itsbrain.mindpulse.net\/en\/product\/100-comptes-rendus\/\" \/>\n<meta property=\"og:site_name\" content=\"itsbrain\" \/>\n<meta property=\"article:publisher\" content=\"https:\/\/www.facebook.com\/Mindpulse.fr\/\" \/>\n<meta property=\"article:modified_time\" content=\"2022-06-05T11:50:45+00:00\" \/>\n<meta property=\"og:image\" content=\"https:\/\/itsbrain.mindpulse.net\/wp-content\/uploads\/2022\/05\/100CRexpert.jpg\" \/>\n\t<meta property=\"og:image:width\" content=\"1667\" \/>\n\t<meta property=\"og:image:height\" content=\"1667\" \/>\n\t<meta property=\"og:image:type\" content=\"image\/jpeg\" \/>\n<meta name=\"twitter:card\" content=\"summary_large_image\" \/>\n<meta name=\"twitter:label1\" content=\"Estimated reading time\" \/>\n\t<meta name=\"twitter:data1\" content=\"1 minute\" \/>\n<script type=\"application\/ld+json\" class=\"yoast-schema-graph\">{\"@context\":\"https:\/\/schema.org\",\"@graph\":[{\"@type\":\"WebPage\",\"@id\":\"https:\/\/itsbrain.mindpulse.net\/product\/100-comptes-rendus\/\",\"url\":\"https:\/\/itsbrain.mindpulse.net\/product\/100-comptes-rendus\/\",\"name\":\"100 comptes rendus - itsbrain\",\"isPartOf\":{\"@id\":\"https:\/\/itsbrain.mindpulse.net\/#website\"},\"primaryImageOfPage\":{\"@id\":\"https:\/\/itsbrain.mindpulse.net\/product\/100-comptes-rendus\/#primaryimage\"},\"image\":{\"@id\":\"https:\/\/itsbrain.mindpulse.net\/product\/100-comptes-rendus\/#primaryimage\"},\"thumbnailUrl\":\"https:\/\/itsbrain.mindpulse.net\/wp-content\/uploads\/2022\/05\/100CRexpert.jpg\",\"datePublished\":\"2022-05-31T13:55:18+00:00\",\"dateModified\":\"2022-06-05T11:50:45+00:00\",\"breadcrumb\":{\"@id\":\"https:\/\/itsbrain.mindpulse.net\/product\/100-comptes-rendus\/#breadcrumb\"},\"inLanguage\":\"en-GB\",\"potentialAction\":[{\"@type\":\"ReadAction\",\"target\":[\"https:\/\/itsbrain.mindpulse.net\/product\/100-comptes-rendus\/\"]}]},{\"@type\":\"ImageObject\",\"inLanguage\":\"en-GB\",\"@id\":\"https:\/\/itsbrain.mindpulse.net\/product\/100-comptes-rendus\/#primaryimage\",\"url\":\"https:\/\/itsbrain.mindpulse.net\/wp-content\/uploads\/2022\/05\/100CRexpert.jpg\",\"contentUrl\":\"https:\/\/itsbrain.mindpulse.net\/wp-content\/uploads\/2022\/05\/100CRexpert.jpg\",\"width\":1667,\"height\":1667},{\"@type\":\"BreadcrumbList\",\"@id\":\"https:\/\/itsbrain.mindpulse.net\/product\/100-comptes-rendus\/#breadcrumb\",\"itemListElement\":[{\"@type\":\"ListItem\",\"position\":1,\"name\":\"Home\",\"item\":\"https:\/\/itsbrain.mindpulse.net\/\"},{\"@type\":\"ListItem\",\"position\":2,\"name\":\"Produits\",\"item\":\"https:\/\/itsbrain.mindpulse.net\/shop\/\"},{\"@type\":\"ListItem\",\"position\":3,\"name\":\"100 comptes rendus\"}]},{\"@type\":\"WebSite\",\"@id\":\"https:\/\/itsbrain.mindpulse.net\/#website\",\"url\":\"https:\/\/itsbrain.mindpulse.net\/\",\"name\":\"itsbrain\",\"description\":\"\",\"publisher\":{\"@id\":\"https:\/\/itsbrain.mindpulse.net\/#organization\"},\"potentialAction\":[{\"@type\":\"SearchAction\",\"target\":{\"@type\":\"EntryPoint\",\"urlTemplate\":\"https:\/\/itsbrain.mindpulse.net\/?s={search_term_string}\"},\"query-input\":\"required name=search_term_string\"}],\"inLanguage\":\"en-GB\"},{\"@type\":\"Organization\",\"@id\":\"https:\/\/itsbrain.mindpulse.net\/#organization\",\"name\":\"itsbrain\",\"url\":\"https:\/\/itsbrain.mindpulse.net\/\",\"logo\":{\"@type\":\"ImageObject\",\"inLanguage\":\"en-GB\",\"@id\":\"https:\/\/itsbrain.mindpulse.net\/#\/schema\/logo\/image\/\",\"url\":\"https:\/\/itsbrain.mindpulse.net\/wp-content\/uploads\/2021\/07\/cropped-Logo_MP_1bold.png\",\"contentUrl\":\"https:\/\/itsbrain.mindpulse.net\/wp-content\/uploads\/2021\/07\/cropped-Logo_MP_1bold.png\",\"width\":512,\"height\":512,\"caption\":\"itsbrain\"},\"image\":{\"@id\":\"https:\/\/itsbrain.mindpulse.net\/#\/schema\/logo\/image\/\"},\"sameAs\":[\"https:\/\/www.facebook.com\/Mindpulse.fr\/\",\"https:\/\/www.linkedin.com\/company\/mindpulse-fr\/\"]}]}<\/script>\n<!-- \/ Yoast SEO plugin. -->","yoast_head_json":{"title":"100 comptes rendus - itsbrain","robots":{"index":"index","follow":"follow","max-snippet":"max-snippet:-1","max-image-preview":"max-image-preview:large","max-video-preview":"max-video-preview:-1"},"canonical":"https:\/\/itsbrain.mindpulse.net\/en\/product\/100-comptes-rendus\/","og_locale":"en_GB","og_type":"article","og_title":"100 comptes rendus - itsbrain","og_description":"MindPulse est en libre acc\u00e8s pour les cliniciens de la cognition. Pour consulter le compte rendu de la passation, vous avez le choix entre plusieurs lots de 10, 25, 50, 100 comptes rendus selon votre activit\u00e9.  Le compte rendu est un PDF de 12 pages dont 4 pages de notes d'information. Il est constitu\u00e9 d'un graphique r\u00e9capitulatif tr\u00e8s parlant et de tableaux qui d\u00e9taillent pr\u00e9cis\u00e9ment chaque r\u00e9sultat obtenu. Des codes couleurs (vert, orange, rouge) permettent d'attirer l'attention sur des r\u00e9sultats anormaux. Un manuel, des tutoriels et des formations sont disponibles pour faciliter la lisibilit\u00e9 et l'interpr\u00e9tation si besoin.","og_url":"https:\/\/itsbrain.mindpulse.net\/en\/product\/100-comptes-rendus\/","og_site_name":"itsbrain","article_publisher":"https:\/\/www.facebook.com\/Mindpulse.fr\/","article_modified_time":"2022-06-05T11:50:45+00:00","og_image":[{"width":1667,"height":1667,"url":"https:\/\/itsbrain.mindpulse.net\/wp-content\/uploads\/2022\/05\/100CRexpert.jpg","type":"image\/jpeg"}],"twitter_card":"summary_large_image","twitter_misc":{"Estimated reading time":"1 minute"},"schema":{"@context":"https:\/\/schema.org","@graph":[{"@type":"WebPage","@id":"https:\/\/itsbrain.mindpulse.net\/product\/100-comptes-rendus\/","url":"https:\/\/itsbrain.mindpulse.net\/product\/100-comptes-rendus\/","name":"100 comptes rendus - itsbrain","isPartOf":{"@id":"https:\/\/itsbrain.mindpulse.net\/#website"},"primaryImageOfPage":{"@id":"https:\/\/itsbrain.mindpulse.net\/product\/100-comptes-rendus\/#primaryimage"},"image":{"@id":"https:\/\/itsbrain.mindpulse.net\/product\/100-comptes-rendus\/#primaryimage"},"thumbnailUrl":"https:\/\/itsbrain.mindpulse.net\/wp-content\/uploads\/2022\/05\/100CRexpert.jpg","datePublished":"2022-05-31T13:55:18+00:00","dateModified":"2022-06-05T11:50:45+00:00","breadcrumb":{"@id":"https:\/\/itsbrain.mindpulse.net\/product\/100-comptes-rendus\/#breadcrumb"},"inLanguage":"en-GB","potentialAction":[{"@type":"ReadAction","target":["https:\/\/itsbrain.mindpulse.net\/product\/100-comptes-rendus\/"]}]},{"@type":"ImageObject","inLanguage":"en-GB","@id":"https:\/\/itsbrain.mindpulse.net\/product\/100-comptes-rendus\/#primaryimage","url":"https:\/\/itsbrain.mindpulse.net\/wp-content\/uploads\/2022\/05\/100CRexpert.jpg","contentUrl":"https:\/\/itsbrain.mindpulse.net\/wp-content\/uploads\/2022\/05\/100CRexpert.jpg","width":1667,"height":1667},{"@type":"BreadcrumbList","@id":"https:\/\/itsbrain.mindpulse.net\/product\/100-comptes-rendus\/#breadcrumb","itemListElement":[{"@type":"ListItem","position":1,"name":"Home","item":"https:\/\/itsbrain.mindpulse.net\/"},{"@type":"ListItem","position":2,"name":"Produits","item":"https:\/\/itsbrain.mindpulse.net\/shop\/"},{"@type":"ListItem","position":3,"name":"100 comptes rendus"}]},{"@type":"WebSite","@id":"https:\/\/itsbrain.mindpulse.net\/#website","url":"https:\/\/itsbrain.mindpulse.net\/","name":"itsbrain","description":"","publisher":{"@id":"https:\/\/itsbrain.mindpulse.net\/#organization"},"potentialAction":[{"@type":"SearchAction","target":{"@type":"EntryPoint","urlTemplate":"https:\/\/itsbrain.mindpulse.net\/?s={search_term_string}"},"query-input":"required name=search_term_string"}],"inLanguage":"en-GB"},{"@type":"Organization","@id":"https:\/\/itsbrain.mindpulse.net\/#organization","name":"itsbrain","url":"https:\/\/itsbrain.mindpulse.net\/","logo":{"@type":"ImageObject","inLanguage":"en-GB","@id":"https:\/\/itsbrain.mindpulse.net\/#\/schema\/logo\/image\/","url":"https:\/\/itsbrain.mindpulse.net\/wp-content\/uploads\/2021\/07\/cropped-Logo_MP_1bold.png","contentUrl":"https:\/\/itsbrain.mindpulse.net\/wp-content\/uploads\/2021\/07\/cropped-Logo_MP_1bold.png","width":512,"height":512,"caption":"itsbrain"},"image":{"@id":"https:\/\/itsbrain.mindpulse.net\/#\/schema\/logo\/image\/"},"sameAs":["https:\/\/www.facebook.com\/Mindpulse.fr\/","https:\/\/www.linkedin.com\/company\/mindpulse-fr\/"]}]}},"jetpack_sharing_enabled":true,"_links":{"self":[{"href":"https:\/\/itsbrain.mindpulse.net\/en\/wp-json\/wp\/v2\/product\/4701","targetHints":{"allow":["GET"]}}],"collection":[{"href":"https:\/\/itsbrain.mindpulse.net\/en\/wp-json\/wp\/v2\/product"}],"about":[{"href":"https:\/\/itsbrain.mindpulse.net\/en\/wp-json\/wp\/v2\/types\/product"}],"wp:featuredmedia":[{"embeddable":true,"href":"https:\/\/itsbrain.mindpulse.net\/en\/wp-json\/wp\/v2\/media\/4711"}],"wp:attachment":[{"href":"https:\/\/itsbrain.mindpulse.net\/en\/wp-json\/wp\/v2\/media?parent=4701"}],"wp:term":[{"taxonomy":"product_cat","embeddable":true,"href":"https:\/\/itsbrain.mindpulse.net\/en\/wp-json\/wp\/v2\/product_cat?post=4701"},{"taxonomy":"product_tag","embeddable":true,"href":"https:\/\/itsbrain.mindpulse.net\/en\/wp-json\/wp\/v2\/product_tag?post=4701"}],"curies":[{"name":"wp","href":"https:\/\/api.w.org\/{rel}","templated":true}]}}